{"id":790,"date":"2023-04-06T14:10:27","date_gmt":"2023-04-06T12:10:27","guid":{"rendered":"https:\/\/www.accuracy.com\/?page_id=790"},"modified":"2024-10-29T08:56:54","modified_gmt":"2024-10-29T07:56:54","slug":"evaluation-des-investissements","status":"publish","type":"page","link":"https:\/\/www.accuracy.com\/fr\/expertise\/transactions\/valuation-investments\/","title":{"rendered":"\u00c9valuation et investissements"},"content":{"rendered":"<div data-elementor-type=\"wp-page\" data-elementor-id=\"790\" class=\"elementor elementor-790\" data-elementor-post-type=\"page\">\n\t\t\t\t\t\t<section class=\"elementor-section elementor-top-section elementor-element elementor-element-778bbae elementor-section-height-min-height elementor-section-boxed elementor-section-height-default elementor-section-items-middle\" data-id=\"778bbae\" data-element_type=\"section\" data-e-type=\"section\" data-settings=\"{&quot;background_background&quot;:&quot;classic&quot;}\">\n\t\t\t\t\t\t\t<div class=\"elementor-background-overlay\"><\/div>\n\t\t\t\t\t\t\t<div class=\"elementor-container elementor-column-gap-default\">\n\t\t\t\t\t<div class=\"elementor-column elementor-col-100 elementor-top-column elementor-element elementor-element-3803111\" data-id=\"3803111\" data-element_type=\"column\" data-e-type=\"column\" data-settings=\"{&quot;background_background&quot;:&quot;classic&quot;}\">\n\t\t\t<div class=\"elementor-widget-wrap elementor-element-populated\">\n\t\t\t\t\t\t\t<\/div>\n\t\t<\/div>\n\t\t\t\t\t<\/div>\n\t\t<\/section>\n\t\t\t\t<section class=\"elementor-section elementor-top-section elementor-element elementor-element-614d1b0 elementor-section-boxed elementor-section-height-default elementor-section-height-default\" data-id=\"614d1b0\" data-element_type=\"section\" data-e-type=\"section\">\n\t\t\t\t\t\t<div class=\"elementor-container elementor-column-gap-default\">\n\t\t\t\t\t<div class=\"elementor-column elementor-col-100 elementor-top-column elementor-element elementor-element-938d546\" data-id=\"938d546\" data-element_type=\"column\" data-e-type=\"column\">\n\t\t\t<div class=\"elementor-widget-wrap elementor-element-populated\">\n\t\t\t\t\t\t<div class=\"elementor-element elementor-element-9e0034d elementor-widget elementor-widget-text-editor\" data-id=\"9e0034d\" data-element_type=\"widget\" data-e-type=\"widget\" data-widget_type=\"text-editor.default\">\n\t\t\t\t\t\t\t\t\tNous fournissons des points de vue ind\u00e9pendants et des avis d'\u00e9quit\u00e9 sur les d\u00e9cisions d'investissement et les \u00e9valuations de transactions pour les actifs non conventionnels et les entreprises en croissance, en nous appuyant sur des capacit\u00e9s de mod\u00e9lisation int\u00e9grant notre expertise financi\u00e8re, comptable et de march\u00e9.\n\t\t\t\t\t\t\t\t<\/div>\n\t\t\t\t\t<\/div>\n\t\t<\/div>\n\t\t\t\t\t<\/div>\n\t\t<\/section>\n\t\t<div class=\"elementor-element elementor-element-d69c17b e-flex e-con-boxed e-con e-parent\" data-id=\"d69c17b\" data-element_type=\"container\" data-e-type=\"container\" data-settings=\"{&quot;background_background&quot;:&quot;classic&quot;}\">\n\t\t\t\t\t<div class=\"e-con-inner\">\n\t\t<div class=\"elementor-element elementor-element-d3a38f2 e-con-full e-flex e-con e-child\" data-id=\"d3a38f2\" data-element_type=\"container\" data-e-type=\"container\">\n\t\t<div class=\"elementor-element elementor-element-32beb86 e-con-full e-flex e-con e-child\" data-id=\"32beb86\" data-element_type=\"container\" data-e-type=\"container\">\n\t\t<div class=\"elementor-element elementor-element-283ad39 e-con-full e-flex e-con e-child\" data-id=\"283ad39\" data-element_type=\"container\" data-e-type=\"container\">\n\t\t\t\t<div class=\"elementor-element elementor-element-d545279 elementor-invisible elementor-widget elementor-widget-heading\" data-id=\"d545279\" data-element_type=\"widget\" data-e-type=\"widget\" data-settings=\"{&quot;_animation&quot;:&quot;fadeIn&quot;}\" data-widget_type=\"heading.default\">\n\t\t\t\t\t<h3 class=\"elementor-heading-title elementor-size-default\">\u00c9valuation de la propri\u00e9t\u00e9 intellectuelle\n<\/h3>\t\t\t\t<\/div>\n\t\t\t\t<\/div>\n\t\t<div class=\"elementor-element elementor-element-949b9ad e-con-full e-flex e-con e-child\" data-id=\"949b9ad\" data-element_type=\"container\" data-e-type=\"container\">\n\t\t\t\t<div class=\"elementor-element elementor-element-54925e2 elementor-widget elementor-widget-text-editor\" data-id=\"54925e2\" data-element_type=\"widget\" data-e-type=\"widget\" data-widget_type=\"text-editor.default\">\n\t\t\t\t\t\t\t\t\t<p>Nous fournissons une \u00e9valuation pr\u00e9cise et ind\u00e9pendante des actifs de propri\u00e9t\u00e9 intellectuelle (PI), par exemple les marques, les brevets, les licences et autres droits de PI, dans divers secteurs.<\/p>\t\t\t\t\t\t\t\t<\/div>\n\t\t\t\t<\/div>\n\t\t\t\t<\/div>\n\t\t\t\t<\/div>\n\t\t\t\t\t<\/div>\n\t\t\t\t<\/div>\n\t\t<div class=\"elementor-element elementor-element-66a5e91 e-flex e-con-boxed e-con e-parent\" data-id=\"66a5e91\" data-element_type=\"container\" data-e-type=\"container\">\n\t\t\t\t\t<div class=\"e-con-inner\">\n\t\t<div class=\"elementor-element elementor-element-c646f23 e-con-full e-flex e-con e-child\" data-id=\"c646f23\" data-element_type=\"container\" data-e-type=\"container\">\n\t\t<div class=\"elementor-element elementor-element-1f03f97 e-con-full e-flex e-con e-child\" data-id=\"1f03f97\" data-element_type=\"container\" data-e-type=\"container\">\n\t\t<div class=\"elementor-element elementor-element-97d5229 e-con-full e-flex e-con e-child\" data-id=\"97d5229\" data-element_type=\"container\" data-e-type=\"container\">\n\t\t\t\t<div class=\"elementor-element elementor-element-4c4d678 elementor-invisible elementor-widget elementor-widget-heading\" data-id=\"4c4d678\" data-element_type=\"widget\" data-e-type=\"widget\" data-settings=\"{&quot;_animation&quot;:&quot;fadeIn&quot;}\" data-widget_type=\"heading.default\">\n\t\t\t\t\t<h3 class=\"elementor-heading-title elementor-size-default\">\u00c9valuation fiscale\n<\/h3>\t\t\t\t<\/div>\n\t\t\t\t<\/div>\n\t\t<div class=\"elementor-element elementor-element-0b198ba e-con-full e-flex e-con e-child\" data-id=\"0b198ba\" data-element_type=\"container\" data-e-type=\"container\">\n\t\t\t\t<div class=\"elementor-element elementor-element-8813059 elementor-widget elementor-widget-text-editor\" data-id=\"8813059\" data-element_type=\"widget\" data-e-type=\"widget\" data-widget_type=\"text-editor.default\">\n\t\t\t\t\t\t\t\t\tNous r\u00e9alisons des rapports d'\u00e9valuation ind\u00e9pendants sur les transferts d'actions, de propri\u00e9t\u00e9 intellectuelle et d'autres actifs incorporels pour nos clients, afin de les aider dans leurs discussions avec les autorit\u00e9s fiscales nationales et internationales.\t\t\t\t\t\t\t\t<\/div>\n\t\t\t\t<\/div>\n\t\t\t\t<\/div>\n\t\t\t\t<\/div>\n\t\t\t\t\t<\/div>\n\t\t\t\t<\/div>\n\t\t<div class=\"elementor-element elementor-element-79fd23d e-flex e-con-boxed e-con e-parent\" data-id=\"79fd23d\" data-element_type=\"container\" data-e-type=\"container\" data-settings=\"{&quot;background_background&quot;:&quot;classic&quot;}\">\n\t\t\t\t\t<div class=\"e-con-inner\">\n\t\t<div class=\"elementor-element elementor-element-8542cfb e-con-full e-flex e-con e-child\" data-id=\"8542cfb\" data-element_type=\"container\" data-e-type=\"container\">\n\t\t<div class=\"elementor-element elementor-element-1303c5d e-con-full e-flex e-con e-child\" data-id=\"1303c5d\" data-element_type=\"container\" data-e-type=\"container\">\n\t\t<div class=\"elementor-element elementor-element-9f9f641 e-con-full e-flex e-con e-child\" data-id=\"9f9f641\" data-element_type=\"container\" data-e-type=\"container\">\n\t\t\t\t<div class=\"elementor-element elementor-element-ff4490e elementor-invisible elementor-widget elementor-widget-heading\" data-id=\"ff4490e\" data-element_type=\"widget\" data-e-type=\"widget\" data-settings=\"{&quot;_animation&quot;:&quot;fadeIn&quot;}\" data-widget_type=\"heading.default\">\n\t\t\t\t\t<h3 class=\"elementor-heading-title elementor-size-default\">Allocation du prix d'achat\n\n<\/h3>\t\t\t\t<\/div>\n\t\t\t\t<\/div>\n\t\t<div class=\"elementor-element elementor-element-f5bbad2 e-con-full e-flex e-con e-child\" data-id=\"f5bbad2\" data-element_type=\"container\" data-e-type=\"container\">\n\t\t\t\t<div class=\"elementor-element elementor-element-08cff00 elementor-widget elementor-widget-text-editor\" data-id=\"08cff00\" data-element_type=\"widget\" data-e-type=\"widget\" data-widget_type=\"text-editor.default\">\n\t\t\t\t\t\t\t\t\t<p>En vertu des IFRS et de nombreuses variantes des GAAP locaux, les entreprises sont tenues d'attribuer le co\u00fbt d'une acquisition aux actifs et passifs identifiables acquis sur la base de leur juste valeur. Outre les actifs et passifs existants, la valeur d'achat peut \u00e9galement \u00eatre attribu\u00e9e aux actifs incorporels nouvellement identifi\u00e9s. L'affectation finale du prix d'achat fait l'objet de discussions avec les auditeurs de l'entreprise, qui examineront les actifs identifi\u00e9s et les proc\u00e9dures d'\u00e9valuation effectu\u00e9es dans le cadre de l'audit des \u00e9tats financiers de l'acqu\u00e9reur. Les justes valeurs identifi\u00e9es dans l'affectation du prix d'achat peuvent (ou, dans certains cas, doivent) \u00eatre test\u00e9es chaque ann\u00e9e pour d\u00e9tecter une \u00e9ventuelle d\u00e9pr\u00e9ciation. Nous assistons les acqu\u00e9reurs avec une gamme compl\u00e8te de services, de l'identification des actifs incorporels \u00e0 l'\u00e9valuation de la juste valeur et aux discussions avec les auditeurs.<br \/>Une r\u00e9partition du prix d'achat peut \u00e9galement \u00eatre effectu\u00e9e de mani\u00e8re pr\u00e9liminaire au cours de la phase de due diligence financi\u00e8re d'une acquisition afin d'estimer le niveau de relution ou de dilution des b\u00e9n\u00e9fices nets futurs apr\u00e8s la transaction.<\/p>\t\t\t\t\t\t\t\t<\/div>\n\t\t\t\t<\/div>\n\t\t\t\t<\/div>\n\t\t\t\t<\/div>\n\t\t\t\t\t<\/div>\n\t\t\t\t<\/div>\n\t\t<div class=\"elementor-element elementor-element-2075d4b e-flex e-con-boxed e-con e-parent\" data-id=\"2075d4b\" data-element_type=\"container\" data-e-type=\"container\">\n\t\t\t\t\t<div class=\"e-con-inner\">\n\t\t<div class=\"elementor-element elementor-element-026d7b6 e-con-full e-flex e-con e-child\" data-id=\"026d7b6\" data-element_type=\"container\" data-e-type=\"container\">\n\t\t<div class=\"elementor-element elementor-element-6f63929 e-con-full e-flex e-con e-child\" data-id=\"6f63929\" data-element_type=\"container\" data-e-type=\"container\">\n\t\t<div class=\"elementor-element elementor-element-019e62d e-con-full e-flex e-con e-child\" data-id=\"019e62d\" data-element_type=\"container\" data-e-type=\"container\">\n\t\t\t\t<div class=\"elementor-element elementor-element-8ba495c elementor-invisible elementor-widget elementor-widget-heading\" data-id=\"8ba495c\" data-element_type=\"widget\" data-e-type=\"widget\" data-settings=\"{&quot;_animation&quot;:&quot;fadeIn&quot;}\" data-widget_type=\"heading.default\">\n\t\t\t\t\t<h3 class=\"elementor-heading-title elementor-size-default\">ACCUR'OPTION\u00ae<\/h3>\t\t\t\t<\/div>\n\t\t\t\t<\/div>\n\t\t<div class=\"elementor-element elementor-element-e61104d e-con-full e-flex e-con e-child\" data-id=\"e61104d\" data-element_type=\"container\" data-e-type=\"container\">\n\t\t\t\t<div class=\"elementor-element elementor-element-ef6d5f0 elementor-widget elementor-widget-text-editor\" data-id=\"ef6d5f0\" data-element_type=\"widget\" data-e-type=\"widget\" data-widget_type=\"text-editor.default\">\n\t\t\t\t\t\t\t\t\t<p>Accur'Option\u00ae est une solution leader sur le march\u00e9 de l'\u00e9valuation des management packages, des instruments \u00e0 taux fixe et des instruments financiers complexes, d\u00e9velopp\u00e9e en interne et reconnue par la plupart des acteurs du march\u00e9 fran\u00e7ais du capital investissement. Test\u00e9e sur le terrain et renforc\u00e9e par des interactions r\u00e9p\u00e9t\u00e9es avec les autorit\u00e9s fiscales, Accur'Option\u00ae est la solution la plus fiable pour l'\u00e9valuation ind\u00e9pendante d'instruments financiers complexes.<\/p>\t\t\t\t\t\t\t\t<\/div>\n\t\t\t\t<\/div>\n\t\t\t\t<\/div>\n\t\t\t\t<\/div>\n\t\t\t\t\t<\/div>\n\t\t\t\t<\/div>\n\t\t<div class=\"elementor-element elementor-element-f7e19f3 elementor-hidden-desktop elementor-hidden-tablet elementor-hidden-mobile e-flex e-con-boxed e-con e-parent\" data-id=\"f7e19f3\" data-element_type=\"container\" data-e-type=\"container\" data-settings=\"{&quot;background_background&quot;:&quot;classic&quot;}\">\n\t\t\t\t\t<div class=\"e-con-inner\">\n\t\t<div class=\"elementor-element elementor-element-eeea12c e-con-full e-flex e-con e-child\" data-id=\"eeea12c\" data-element_type=\"container\" data-e-type=\"container\">\n\t\t\t\t<div class=\"elementor-element elementor-element-a167f57 elementor-widget-tablet__width-inherit elementor-widget__width-initial elementor-align-center elementor-widget elementor-widget-button\" data-id=\"a167f57\" data-element_type=\"widget\" data-e-type=\"widget\" data-widget_type=\"button.default\">\n\t\t\t\t\t\t\t\t\t\t<a class=\"elementor-button elementor-button-link elementor-size-sm elementor-animation-float\" href=\"https:\/\/www.accuracy.com\/fr\/expertise\/\">\n\t\t\t\t\t\t<span class=\"elementor-button-content-wrapper\">\n\t\t\t\t\t\t<span class=\"elementor-button-icon\">\n\t\t\t\t<svg aria-hidden=\"true\" class=\"e-font-icon-svg e-fas-chevron-right\" viewbox=\"0 0 320 512\" xmlns=\"http:\/\/www.w3.org\/2000\/svg\"><path d=\"M285.476 272.971L91.132 467.314c-9.373 9.373-24.569 9.373-33.941 0l-22.667-22.667c-9.357-9.357-9.375-24.522-.04-33.901L188.505 256 34.484 101.255c-9.335-9.379-9.317-24.544.04-33.901l22.667-22.667c9.373-9.373 24.569-9.373 33.941 0L285.475 239.03c9.373 9.372 9.373 24.568.001 33.941z\"><\/path><\/svg>\t\t\t<\/span>\n\t\t\t\t\t\t\t\t\t<span class=\"elementor-button-text\">TOUTES NOS EXPERTISES<\/span>\n\t\t\t\t\t<\/span>\n\t\t\t\t\t<\/a>\n\t\t\t\t\t\t\t\t<\/div>\n\t\t\t\t<\/div>\n\t\t\t\t\t<\/div>\n\t\t\t\t<\/div>\n\t\t\t\t<\/div>","protected":false},"excerpt":{"rendered":"<p>We provide independent views and fairness opinions on investment decisions \/ transaction valuations for unconventional assets and growth companies, supported by modelling capabilities integrating our financial, accounting and market expertise. IP valuation We provide a precise and independent valuation of intellectual property (IP) assets, for example, trademarks, patents, licences and other IP rights, in various [&hellip;]<\/p>\n","protected":false},"author":1,"featured_media":0,"parent":2157,"menu_order":0,"comment_status":"closed","ping_status":"closed","template":"","meta":{"_acf_changed":false,"footnotes":""},"class_list":["post-790","page","type-page","status-publish","hentry"],"acf":[],"yoast_head":"<!-- This site is optimized with the Yoast SEO Premium plugin v27.5 (Yoast SEO v27.5) - https:\/\/yoast.com\/product\/yoast-seo-premium-wordpress\/ -->\n<title>Valuation &amp; investments - Accuracy<\/title>\n<meta name=\"robots\" content=\"index, follow, max-snippet:-1, max-image-preview:large, max-video-preview:-1\" \/>\n<link rel=\"canonical\" href=\"https:\/\/www.accuracy.com\/fr\/expertise\/transactions\/evaluation-des-investissements\/\" \/>\n<meta property=\"og:locale\" content=\"fr_CA\" \/>\n<meta property=\"og:type\" content=\"article\" \/>\n<meta property=\"og:title\" content=\"Valuation &amp; investments\" \/>\n<meta property=\"og:description\" content=\"We provide independent views and fairness opinions on investment decisions \/ transaction valuations for unconventional assets and growth companies, supported by modelling capabilities integrating our financial, accounting and market expertise. IP valuation We provide a precise and independent valuation of intellectual property (IP) assets, for example, trademarks, patents, licences and other IP rights, in various [&hellip;]\" \/>\n<meta property=\"og:url\" content=\"https:\/\/www.accuracy.com\/fr\/expertise\/transactions\/evaluation-des-investissements\/\" \/>\n<meta property=\"og:site_name\" content=\"Accuracy\" \/>\n<meta property=\"article:modified_time\" content=\"2024-10-29T07:56:54+00:00\" \/>\n<meta property=\"og:image\" content=\"https:\/\/www.accuracy.com\/wp-content\/uploads\/2023\/10\/Accuracy.png\" \/>\n\t<meta property=\"og:image:width\" content=\"1200\" \/>\n\t<meta property=\"og:image:height\" content=\"675\" \/>\n\t<meta property=\"og:image:type\" content=\"image\/png\" \/>\n<meta name=\"twitter:card\" content=\"summary_large_image\" \/>\n<meta name=\"twitter:label1\" content=\"Estimation du temps de lecture\" \/>\n\t<meta name=\"twitter:data1\" content=\"2 minutes\" \/>\n<script type=\"application\/ld+json\" class=\"yoast-schema-graph\">{\"@context\":\"https:\\\/\\\/schema.org\",\"@graph\":[{\"@type\":\"WebPage\",\"@id\":\"https:\\\/\\\/www.accuracy.com\\\/expertise\\\/transactions\\\/valuation-investments\\\/\",\"url\":\"https:\\\/\\\/www.accuracy.com\\\/expertise\\\/transactions\\\/valuation-investments\\\/\",\"name\":\"Valuation & investments - Accuracy\",\"isPartOf\":{\"@id\":\"https:\\\/\\\/www.accuracy.com\\\/#website\"},\"datePublished\":\"2023-04-06T12:10:27+00:00\",\"dateModified\":\"2024-10-29T07:56:54+00:00\",\"breadcrumb\":{\"@id\":\"https:\\\/\\\/www.accuracy.com\\\/expertise\\\/transactions\\\/valuation-investments\\\/#breadcrumb\"},\"inLanguage\":\"fr-CA\",\"potentialAction\":[{\"@type\":\"ReadAction\",\"target\":[\"https:\\\/\\\/www.accuracy.com\\\/expertise\\\/transactions\\\/valuation-investments\\\/\"]}]},{\"@type\":\"BreadcrumbList\",\"@id\":\"https:\\\/\\\/www.accuracy.com\\\/expertise\\\/transactions\\\/valuation-investments\\\/#breadcrumb\",\"itemListElement\":[{\"@type\":\"ListItem\",\"position\":1,\"name\":\"Accueil\",\"item\":\"https:\\\/\\\/www.accuracy.com\\\/\"},{\"@type\":\"ListItem\",\"position\":2,\"name\":\"Expertise\",\"item\":\"https:\\\/\\\/www.accuracy.com\\\/expertise\\\/\"},{\"@type\":\"ListItem\",\"position\":3,\"name\":\"Transactions\",\"item\":\"https:\\\/\\\/www.accuracy.com\\\/expertise\\\/transactions\\\/\"},{\"@type\":\"ListItem\",\"position\":4,\"name\":\"Valuation &#038; investments\"}]},{\"@type\":\"WebSite\",\"@id\":\"https:\\\/\\\/www.accuracy.com\\\/#website\",\"url\":\"https:\\\/\\\/www.accuracy.com\\\/\",\"name\":\"Accuracy\",\"description\":\"Business Advisers - Financial Consultants\",\"publisher\":{\"@id\":\"https:\\\/\\\/www.accuracy.com\\\/#organization\"},\"potentialAction\":[{\"@type\":\"SearchAction\",\"target\":{\"@type\":\"EntryPoint\",\"urlTemplate\":\"https:\\\/\\\/www.accuracy.com\\\/?s={search_term_string}\"},\"query-input\":{\"@type\":\"PropertyValueSpecification\",\"valueRequired\":true,\"valueName\":\"search_term_string\"}}],\"inLanguage\":\"fr-CA\"},{\"@type\":\"Organization\",\"@id\":\"https:\\\/\\\/www.accuracy.com\\\/#organization\",\"name\":\"Accuracy\",\"url\":\"https:\\\/\\\/www.accuracy.com\\\/\",\"logo\":{\"@type\":\"ImageObject\",\"inLanguage\":\"fr-CA\",\"@id\":\"https:\\\/\\\/www.accuracy.com\\\/#\\\/schema\\\/logo\\\/image\\\/\",\"url\":\"https:\\\/\\\/www.accuracy.com\\\/wp-content\\\/uploads\\\/2023\\\/08\\\/unnamed-3.jpg\",\"contentUrl\":\"https:\\\/\\\/www.accuracy.com\\\/wp-content\\\/uploads\\\/2023\\\/08\\\/unnamed-3.jpg\",\"width\":512,\"height\":512,\"caption\":\"Accuracy\"},\"image\":{\"@id\":\"https:\\\/\\\/www.accuracy.com\\\/#\\\/schema\\\/logo\\\/image\\\/\"},\"sameAs\":[\"https:\\\/\\\/www.linkedin.com\\\/company\\\/accuracy\\\/?originalSubdomain=fr\",\"https:\\\/\\\/www.instagram.com\\\/accuracycareers\\\/\"]}]}<\/script>\n<!-- \/ Yoast SEO Premium plugin. -->","yoast_head_json":{"title":"Valorisation et investissements - Pr\u00e9cision","robots":{"index":"index","follow":"follow","max-snippet":"max-snippet:-1","max-image-preview":"max-image-preview:large","max-video-preview":"max-video-preview:-1"},"canonical":"https:\/\/www.accuracy.com\/fr\/expertise\/transactions\/evaluation-des-investissements\/","og_locale":"fr_CA","og_type":"article","og_title":"Valuation & investments","og_description":"We provide independent views and fairness opinions on investment decisions \/ transaction valuations for unconventional assets and growth companies, supported by modelling capabilities integrating our financial, accounting and market expertise. IP valuation We provide a precise and independent valuation of intellectual property (IP) assets, for example, trademarks, patents, licences and other IP rights, in various [&hellip;]","og_url":"https:\/\/www.accuracy.com\/fr\/expertise\/transactions\/evaluation-des-investissements\/","og_site_name":"Accuracy","article_modified_time":"2024-10-29T07:56:54+00:00","og_image":[{"width":1200,"height":675,"url":"https:\/\/www.accuracy.com\/wp-content\/uploads\/2023\/10\/Accuracy.png","type":"image\/png"}],"twitter_card":"summary_large_image","twitter_misc":{"Estimation du temps de lecture":"2 minutes"},"schema":{"@context":"https:\/\/schema.org","@graph":[{"@type":"WebPage","@id":"https:\/\/www.accuracy.com\/expertise\/transactions\/valuation-investments\/","url":"https:\/\/www.accuracy.com\/expertise\/transactions\/valuation-investments\/","name":"Valorisation et investissements - Pr\u00e9cision","isPartOf":{"@id":"https:\/\/www.accuracy.com\/#website"},"datePublished":"2023-04-06T12:10:27+00:00","dateModified":"2024-10-29T07:56:54+00:00","breadcrumb":{"@id":"https:\/\/www.accuracy.com\/expertise\/transactions\/valuation-investments\/#breadcrumb"},"inLanguage":"fr-CA","potentialAction":[{"@type":"ReadAction","target":["https:\/\/www.accuracy.com\/expertise\/transactions\/valuation-investments\/"]}]},{"@type":"BreadcrumbList","@id":"https:\/\/www.accuracy.com\/expertise\/transactions\/valuation-investments\/#breadcrumb","itemListElement":[{"@type":"ListItem","position":1,"name":"Accueil","item":"https:\/\/www.accuracy.com\/"},{"@type":"ListItem","position":2,"name":"Expertise","item":"https:\/\/www.accuracy.com\/expertise\/"},{"@type":"ListItem","position":3,"name":"Transactions","item":"https:\/\/www.accuracy.com\/expertise\/transactions\/"},{"@type":"ListItem","position":4,"name":"Valuation &#038; investments"}]},{"@type":"WebSite","@id":"https:\/\/www.accuracy.com\/#website","url":"https:\/\/www.accuracy.com\/","name":"Pr\u00e9cision","description":"Conseillers d'entreprise - Consultants financiers","publisher":{"@id":"https:\/\/www.accuracy.com\/#organization"},"potentialAction":[{"@type":"SearchAction","target":{"@type":"EntryPoint","urlTemplate":"https:\/\/www.accuracy.com\/?s={search_term_string}"},"query-input":{"@type":"PropertyValueSpecification","valueRequired":true,"valueName":"search_term_string"}}],"inLanguage":"fr-CA"},{"@type":"Organization","@id":"https:\/\/www.accuracy.com\/#organization","name":"Pr\u00e9cision","url":"https:\/\/www.accuracy.com\/","logo":{"@type":"ImageObject","inLanguage":"fr-CA","@id":"https:\/\/www.accuracy.com\/#\/schema\/logo\/image\/","url":"https:\/\/www.accuracy.com\/wp-content\/uploads\/2023\/08\/unnamed-3.jpg","contentUrl":"https:\/\/www.accuracy.com\/wp-content\/uploads\/2023\/08\/unnamed-3.jpg","width":512,"height":512,"caption":"Accuracy"},"image":{"@id":"https:\/\/www.accuracy.com\/#\/schema\/logo\/image\/"},"sameAs":["https:\/\/www.linkedin.com\/company\/accuracy\/?originalSubdomain=fr","https:\/\/www.instagram.com\/accuracycareers\/"]}]}},"_links":{"self":[{"href":"https:\/\/www.accuracy.com\/fr\/wp-json\/wp\/v2\/pages\/790","targetHints":{"allow":["GET"]}}],"collection":[{"href":"https:\/\/www.accuracy.com\/fr\/wp-json\/wp\/v2\/pages"}],"about":[{"href":"https:\/\/www.accuracy.com\/fr\/wp-json\/wp\/v2\/types\/page"}],"author":[{"embeddable":true,"href":"https:\/\/www.accuracy.com\/fr\/wp-json\/wp\/v2\/users\/1"}],"replies":[{"embeddable":true,"href":"https:\/\/www.accuracy.com\/fr\/wp-json\/wp\/v2\/comments?post=790"}],"version-history":[{"count":6,"href":"https:\/\/www.accuracy.com\/fr\/wp-json\/wp\/v2\/pages\/790\/revisions"}],"predecessor-version":[{"id":49547,"href":"https:\/\/www.accuracy.com\/fr\/wp-json\/wp\/v2\/pages\/790\/revisions\/49547"}],"up":[{"embeddable":true,"href":"https:\/\/www.accuracy.com\/fr\/wp-json\/wp\/v2\/pages\/2157"}],"wp:attachment":[{"href":"https:\/\/www.accuracy.com\/fr\/wp-json\/wp\/v2\/media?parent=790"}],"curies":[{"name":"wp","href":"https:\/\/api.w.org\/{rel}","templated":true}]}}