{"id":52324,"date":"2025-04-03T12:45:43","date_gmt":"2025-04-03T10:45:43","guid":{"rendered":"https:\/\/www.accuracy.com\/accessibility-statement-2\/"},"modified":"2025-04-03T12:54:20","modified_gmt":"2025-04-03T10:54:20","slug":"declaration-daccessibilite","status":"publish","type":"page","link":"https:\/\/www.accuracy.com\/fr\/accessibility-statement\/","title":{"rendered":"D\u00e9claration d'accessibilit\u00e9"},"content":{"rendered":"<div data-elementor-type=\"wp-page\" data-elementor-id=\"52324\" class=\"elementor elementor-52324\" data-elementor-post-type=\"page\">\n\t\t\t\t<div class=\"elementor-element elementor-element-c361652 e-con-full e-flex e-con e-parent\" data-id=\"c361652\" data-element_type=\"container\" data-e-type=\"container\" data-settings=\"{&quot;background_background&quot;:&quot;classic&quot;}\">\n\t\t<div class=\"elementor-element elementor-element-61c4cf8 e-con-full e-flex e-con e-child\" data-id=\"61c4cf8\" data-element_type=\"container\" data-e-type=\"container\" data-settings=\"{&quot;background_background&quot;:&quot;classic&quot;}\">\n\t\t\t\t<div class=\"elementor-element elementor-element-73a9d7a elementor-invisible elementor-widget elementor-widget-heading\" data-id=\"73a9d7a\" data-element_type=\"widget\" data-e-type=\"widget\" data-settings=\"{&quot;_animation&quot;:&quot;fadeInUp&quot;}\" data-widget_type=\"heading.default\">\n\t\t\t\t\t<h2 class=\"elementor-heading-title elementor-size-default\">D\u00e9claration d'accessibilit\u00e9<\/h2>\t\t\t\t<\/div>\n\t\t\t\t<\/div>\n\t\t\t\t<\/div>\n\t\t<div class=\"elementor-element elementor-element-1ed17ff5 e-flex e-con-boxed e-con e-parent\" data-id=\"1ed17ff5\" data-element_type=\"container\" data-e-type=\"container\">\n\t\t\t\t\t<div class=\"e-con-inner\">\n\t\t\t\t<div class=\"elementor-element elementor-element-33bb7311 elementor-widget elementor-widget-text-editor\" data-id=\"33bb7311\" data-element_type=\"widget\" data-e-type=\"widget\" data-widget_type=\"text-editor.default\">\n\t\t\t\t\t\t\t\t\t\n<h6 class=\"wp-block-heading has-text-align-center\">D\u00e9claration d'accessibilit\u00e9 pour <a href=\"https:\/\/www.accuracy.com\/fr\/\">pr\u00e9cision.com<\/a><\/h6>\n\n<p><strong>ACCURACY<\/strong> s'engage \u00e0 garantir l'accessibilit\u00e9 num\u00e9rique aux personnes handicap\u00e9es. Nous am\u00e9liorons continuellement l'exp\u00e9rience utilisateur pour tous et appliquons les normes d'accessibilit\u00e9 pertinentes.<\/p>\n\n<h6 class=\"wp-block-heading\">\u00c9tat de conformit\u00e9<\/h6>\n\n<p>Les lignes directrices pour l'accessibilit\u00e9 des contenus web (WCAG) d\u00e9finissent des exigences pour les concepteurs et les d\u00e9veloppeurs afin d'am\u00e9liorer l'accessibilit\u00e9 pour les personnes handicap\u00e9es. Elles d\u00e9finissent trois niveaux de conformit\u00e9 : Niveau A, Niveau AA et Niveau AAA.<\/p>\n\n<p><strong>ACCURACY<\/strong> s'efforce constamment d'am\u00e9liorer l'accessibilit\u00e9 de son site et de ses services, convaincu qu'il est de notre obligation morale collective de permettre une utilisation transparente, accessible et sans entrave pour ceux d'entre nous qui souffrent d'un handicap.<\/p>\n\n<p>Notre objectif est de faire en sorte que toutes les pages et tous les contenus du site <a href=\"https:\/\/www.accuracy.com\/fr\/\"><strong>pr\u00e9cision.com<\/strong><\/a>\u00a0accessible, mais certains contenus ne r\u00e9pondent pas encore totalement aux normes d'accessibilit\u00e9 les plus strictes. Cela peut \u00eatre d\u00fb \u00e0 des difficult\u00e9s \u00e0 identifier la solution technologique la plus appropri\u00e9e.<\/p>\n\n<p>Nous pouvons r\u00e9viser la pr\u00e9sente d\u00e9claration p\u00e9riodiquement pour refl\u00e9ter les am\u00e9liorations ou les changements apport\u00e9s \u00e0 nos pratiques en mati\u00e8re d'accessibilit\u00e9.<\/p>\n\n<h6 class=\"wp-block-heading\">Retour d'information<\/h6>\n\n<p>Nous vous invitons \u00e0 nous faire part de vos commentaires sur l'accessibilit\u00e9 de <strong>ACCURACY<\/strong> site web. N'h\u00e9sitez pas \u00e0 nous faire savoir si vous rencontrez des obstacles \u00e0 l'accessibilit\u00e9 sur notre site web :<\/p>\n\n<p>E-mail : <a href=\"mailto:&#38;#99&#59;&#38;#1&#49;1;n&#116;&#97;&&#35;&#57;&#57;;&&#35;&#49;1&#54;;&#38;&#35;64;&&#35;9&#55;&#59;&&#35;9&#57;;&&#35;99;ur&&#35;&#57;&#55;;c&#&#49;2&#49;;&#38;&#35;4&#54;&#59;&#38;&#35;&#57;9&#59;&#111;m\"><strong>contact@accuracy.com<\/strong><\/a><\/p>\n\n<p>Nous nous effor\u00e7ons de r\u00e9pondre aux commentaires dans un d\u00e9lai de 3 \u00e0 5 jours ouvrables.<\/p>\n\n<p>Cette d\u00e9claration a \u00e9t\u00e9 cr\u00e9\u00e9e le 03\/04\/2025.<\/p>\n\t\t\t\t\t\t\t\t<\/div>\n\t\t\t\t\t<\/div>\n\t\t\t\t<\/div>\n\t\t\t\t<\/div>","protected":false},"excerpt":{"rendered":"<p>Accessibility Statement for accuracy.com ACCURACY is committed to ensuring digital accessibility for people with disabilities. We are continually improving the user experience for everyone and applying the relevant accessibility standards. Conformance status The Web Content Accessibility Guidelines (WCAG) defines requirements for designers and developers to improve accessibility for people with disabilities. It defines three levels [&hellip;]<\/p>\n","protected":false},"author":1,"featured_media":0,"parent":0,"menu_order":0,"comment_status":"closed","ping_status":"closed","template":"","meta":{"_acf_changed":false,"footnotes":""},"class_list":["post-52324","page","type-page","status-publish","hentry"],"acf":[],"yoast_head":"<!-- This site is optimized with the Yoast SEO Premium plugin v27.5 (Yoast SEO v27.5) - https:\/\/yoast.com\/product\/yoast-seo-premium-wordpress\/ -->\n<title>Accessibility statement - Accuracy<\/title>\n<meta name=\"robots\" content=\"index, follow, max-snippet:-1, max-image-preview:large, max-video-preview:-1\" \/>\n<link rel=\"canonical\" href=\"https:\/\/www.accuracy.com\/fr\/declaration-daccessibilite\/\" \/>\n<meta property=\"og:locale\" content=\"fr_CA\" \/>\n<meta property=\"og:type\" content=\"article\" \/>\n<meta property=\"og:title\" content=\"Accessibility statement\" \/>\n<meta property=\"og:description\" content=\"Accessibility Statement for accuracy.com ACCURACY is committed to ensuring digital accessibility for people with disabilities. We are continually improving the user experience for everyone and applying the relevant accessibility standards. Conformance status The Web Content Accessibility Guidelines (WCAG) defines requirements for designers and developers to improve accessibility for people with disabilities. It defines three levels [&hellip;]\" \/>\n<meta property=\"og:url\" content=\"https:\/\/www.accuracy.com\/fr\/declaration-daccessibilite\/\" \/>\n<meta property=\"og:site_name\" content=\"Accuracy\" \/>\n<meta property=\"article:modified_time\" content=\"2025-04-03T10:54:20+00:00\" \/>\n<meta property=\"og:image\" content=\"https:\/\/www.accuracy.com\/wp-content\/uploads\/2023\/10\/Accuracy.png\" \/>\n\t<meta property=\"og:image:width\" content=\"1200\" \/>\n\t<meta property=\"og:image:height\" content=\"675\" \/>\n\t<meta property=\"og:image:type\" content=\"image\/png\" \/>\n<meta name=\"twitter:card\" content=\"summary_large_image\" \/>\n<meta name=\"twitter:label1\" content=\"Estimation du temps de lecture\" \/>\n\t<meta name=\"twitter:data1\" content=\"1 minute\" \/>\n<script type=\"application\/ld+json\" class=\"yoast-schema-graph\">{\"@context\":\"https:\\\/\\\/schema.org\",\"@graph\":[{\"@type\":\"WebPage\",\"@id\":\"https:\\\/\\\/www.accuracy.com\\\/accessibility-statement\\\/\",\"url\":\"https:\\\/\\\/www.accuracy.com\\\/accessibility-statement\\\/\",\"name\":\"Accessibility statement - Accuracy\",\"isPartOf\":{\"@id\":\"https:\\\/\\\/www.accuracy.com\\\/#website\"},\"datePublished\":\"2025-04-03T10:45:43+00:00\",\"dateModified\":\"2025-04-03T10:54:20+00:00\",\"breadcrumb\":{\"@id\":\"https:\\\/\\\/www.accuracy.com\\\/accessibility-statement\\\/#breadcrumb\"},\"inLanguage\":\"fr-CA\",\"potentialAction\":[{\"@type\":\"ReadAction\",\"target\":[\"https:\\\/\\\/www.accuracy.com\\\/accessibility-statement\\\/\"]}]},{\"@type\":\"BreadcrumbList\",\"@id\":\"https:\\\/\\\/www.accuracy.com\\\/accessibility-statement\\\/#breadcrumb\",\"itemListElement\":[{\"@type\":\"ListItem\",\"position\":1,\"name\":\"Accueil\",\"item\":\"https:\\\/\\\/www.accuracy.com\\\/\"},{\"@type\":\"ListItem\",\"position\":2,\"name\":\"Accessibility statement\"}]},{\"@type\":\"WebSite\",\"@id\":\"https:\\\/\\\/www.accuracy.com\\\/#website\",\"url\":\"https:\\\/\\\/www.accuracy.com\\\/\",\"name\":\"Accuracy\",\"description\":\"Business Advisers - Financial Consultants\",\"publisher\":{\"@id\":\"https:\\\/\\\/www.accuracy.com\\\/#organization\"},\"potentialAction\":[{\"@type\":\"SearchAction\",\"target\":{\"@type\":\"EntryPoint\",\"urlTemplate\":\"https:\\\/\\\/www.accuracy.com\\\/?s={search_term_string}\"},\"query-input\":{\"@type\":\"PropertyValueSpecification\",\"valueRequired\":true,\"valueName\":\"search_term_string\"}}],\"inLanguage\":\"fr-CA\"},{\"@type\":\"Organization\",\"@id\":\"https:\\\/\\\/www.accuracy.com\\\/#organization\",\"name\":\"Accuracy\",\"url\":\"https:\\\/\\\/www.accuracy.com\\\/\",\"logo\":{\"@type\":\"ImageObject\",\"inLanguage\":\"fr-CA\",\"@id\":\"https:\\\/\\\/www.accuracy.com\\\/#\\\/schema\\\/logo\\\/image\\\/\",\"url\":\"https:\\\/\\\/www.accuracy.com\\\/wp-content\\\/uploads\\\/2023\\\/08\\\/unnamed-3.jpg\",\"contentUrl\":\"https:\\\/\\\/www.accuracy.com\\\/wp-content\\\/uploads\\\/2023\\\/08\\\/unnamed-3.jpg\",\"width\":512,\"height\":512,\"caption\":\"Accuracy\"},\"image\":{\"@id\":\"https:\\\/\\\/www.accuracy.com\\\/#\\\/schema\\\/logo\\\/image\\\/\"},\"sameAs\":[\"https:\\\/\\\/www.linkedin.com\\\/company\\\/accuracy\\\/?originalSubdomain=fr\",\"https:\\\/\\\/www.instagram.com\\\/accuracycareers\\\/\"]}]}<\/script>\n<!-- \/ Yoast SEO Premium plugin. -->","yoast_head_json":{"title":"D\u00e9claration d'accessibilit\u00e9 - Pr\u00e9cision","robots":{"index":"index","follow":"follow","max-snippet":"max-snippet:-1","max-image-preview":"max-image-preview:large","max-video-preview":"max-video-preview:-1"},"canonical":"https:\/\/www.accuracy.com\/fr\/declaration-daccessibilite\/","og_locale":"fr_CA","og_type":"article","og_title":"Accessibility statement","og_description":"Accessibility Statement for accuracy.com ACCURACY is committed to ensuring digital accessibility for people with disabilities. We are continually improving the user experience for everyone and applying the relevant accessibility standards. Conformance status The Web Content Accessibility Guidelines (WCAG) defines requirements for designers and developers to improve accessibility for people with disabilities. It defines three levels [&hellip;]","og_url":"https:\/\/www.accuracy.com\/fr\/declaration-daccessibilite\/","og_site_name":"Accuracy","article_modified_time":"2025-04-03T10:54:20+00:00","og_image":[{"width":1200,"height":675,"url":"https:\/\/www.accuracy.com\/wp-content\/uploads\/2023\/10\/Accuracy.png","type":"image\/png"}],"twitter_card":"summary_large_image","twitter_misc":{"Estimation du temps de lecture":"1 minute"},"schema":{"@context":"https:\/\/schema.org","@graph":[{"@type":"WebPage","@id":"https:\/\/www.accuracy.com\/accessibility-statement\/","url":"https:\/\/www.accuracy.com\/accessibility-statement\/","name":"D\u00e9claration d'accessibilit\u00e9 - Pr\u00e9cision","isPartOf":{"@id":"https:\/\/www.accuracy.com\/#website"},"datePublished":"2025-04-03T10:45:43+00:00","dateModified":"2025-04-03T10:54:20+00:00","breadcrumb":{"@id":"https:\/\/www.accuracy.com\/accessibility-statement\/#breadcrumb"},"inLanguage":"fr-CA","potentialAction":[{"@type":"ReadAction","target":["https:\/\/www.accuracy.com\/accessibility-statement\/"]}]},{"@type":"BreadcrumbList","@id":"https:\/\/www.accuracy.com\/accessibility-statement\/#breadcrumb","itemListElement":[{"@type":"ListItem","position":1,"name":"Accueil","item":"https:\/\/www.accuracy.com\/"},{"@type":"ListItem","position":2,"name":"Accessibility statement"}]},{"@type":"WebSite","@id":"https:\/\/www.accuracy.com\/#website","url":"https:\/\/www.accuracy.com\/","name":"Pr\u00e9cision","description":"Conseillers d'entreprise - Consultants financiers","publisher":{"@id":"https:\/\/www.accuracy.com\/#organization"},"potentialAction":[{"@type":"SearchAction","target":{"@type":"EntryPoint","urlTemplate":"https:\/\/www.accuracy.com\/?s={search_term_string}"},"query-input":{"@type":"PropertyValueSpecification","valueRequired":true,"valueName":"search_term_string"}}],"inLanguage":"fr-CA"},{"@type":"Organization","@id":"https:\/\/www.accuracy.com\/#organization","name":"Pr\u00e9cision","url":"https:\/\/www.accuracy.com\/","logo":{"@type":"ImageObject","inLanguage":"fr-CA","@id":"https:\/\/www.accuracy.com\/#\/schema\/logo\/image\/","url":"https:\/\/www.accuracy.com\/wp-content\/uploads\/2023\/08\/unnamed-3.jpg","contentUrl":"https:\/\/www.accuracy.com\/wp-content\/uploads\/2023\/08\/unnamed-3.jpg","width":512,"height":512,"caption":"Accuracy"},"image":{"@id":"https:\/\/www.accuracy.com\/#\/schema\/logo\/image\/"},"sameAs":["https:\/\/www.linkedin.com\/company\/accuracy\/?originalSubdomain=fr","https:\/\/www.instagram.com\/accuracycareers\/"]}]}},"_links":{"self":[{"href":"https:\/\/www.accuracy.com\/fr\/wp-json\/wp\/v2\/pages\/52324","targetHints":{"allow":["GET"]}}],"collection":[{"href":"https:\/\/www.accuracy.com\/fr\/wp-json\/wp\/v2\/pages"}],"about":[{"href":"https:\/\/www.accuracy.com\/fr\/wp-json\/wp\/v2\/types\/page"}],"author":[{"embeddable":true,"href":"https:\/\/www.accuracy.com\/fr\/wp-json\/wp\/v2\/users\/1"}],"replies":[{"embeddable":true,"href":"https:\/\/www.accuracy.com\/fr\/wp-json\/wp\/v2\/comments?post=52324"}],"version-history":[{"count":12,"href":"https:\/\/www.accuracy.com\/fr\/wp-json\/wp\/v2\/pages\/52324\/revisions"}],"predecessor-version":[{"id":52337,"href":"https:\/\/www.accuracy.com\/fr\/wp-json\/wp\/v2\/pages\/52324\/revisions\/52337"}],"wp:attachment":[{"href":"https:\/\/www.accuracy.com\/fr\/wp-json\/wp\/v2\/media?parent=52324"}],"curies":[{"name":"wp","href":"https:\/\/api.w.org\/{rel}","templated":true}]}}