{"id":50642,"date":"2024-12-12T10:54:39","date_gmt":"2024-12-12T09:54:39","guid":{"rendered":"https:\/\/www.accuracy.com\/?page_id=50642"},"modified":"2025-10-14T17:25:32","modified_gmt":"2025-10-14T15:25:32","slug":"creation-de-valeur-par-le-biais-de-la-ma","status":"publish","type":"page","link":"https:\/\/www.accuracy.com\/fr\/expertise\/transactions\/value-creation-through-ma\/","title":{"rendered":"Cr\u00e9ation de valeur par les fusions et acquisitions"},"content":{"rendered":"<div data-elementor-type=\"wp-page\" data-elementor-id=\"50642\" class=\"elementor elementor-50642\" data-elementor-post-type=\"page\">\n\t\t\t\t\t\t<section class=\"elementor-section elementor-top-section elementor-element elementor-element-614d1b0 elementor-section-boxed elementor-section-height-default elementor-section-height-default\" data-id=\"614d1b0\" data-element_type=\"section\" data-e-type=\"section\">\n\t\t\t\t\t\t<div class=\"elementor-container elementor-column-gap-default\">\n\t\t\t\t\t<div class=\"elementor-column elementor-col-100 elementor-top-column elementor-element elementor-element-938d546\" data-id=\"938d546\" data-element_type=\"column\" data-e-type=\"column\">\n\t\t\t<div class=\"elementor-widget-wrap elementor-element-populated\">\n\t\t\t\t\t\t<div class=\"elementor-element elementor-element-9e0034d elementor-widget elementor-widget-text-editor\" data-id=\"9e0034d\" data-element_type=\"widget\" data-e-type=\"widget\" data-widget_type=\"text-editor.default\">\n\t\t\t\t\t\t\t\t\t<p>Nous vous aidons \u00e0 d\u00e9finir le plan de cr\u00e9ation de valeur par le biais de fusions-acquisitions, l'int\u00e9gration de build ups et l'identification du potentiel de synergie, la minimisation des risques li\u00e9s au contr\u00f4le des fusions et \u00e0 l'examen de la r\u00e9glementation sur les subventions \u00e9trang\u00e8res, la d\u00e9finition d'un plan de remise en forme, l'identification des leviers de performance organique et la conception d'ensembles de r\u00e9mun\u00e9rations align\u00e9s sur les int\u00e9r\u00eats afin de maximiser la cr\u00e9ation de valeur.<br \/><br \/><\/p>\t\t\t\t\t\t\t\t<\/div>\n\t\t\t\t\t<\/div>\n\t\t<\/div>\n\t\t\t\t\t<\/div>\n\t\t<\/section>\n\t\t<div class=\"elementor-element elementor-element-d69c17b e-flex e-con-boxed e-con e-parent\" data-id=\"d69c17b\" data-element_type=\"container\" data-e-type=\"container\" data-settings=\"{&quot;background_background&quot;:&quot;classic&quot;}\">\n\t\t\t\t\t<div class=\"e-con-inner\">\n\t\t<div class=\"elementor-element elementor-element-d3a38f2 e-con-full e-flex e-con e-child\" data-id=\"d3a38f2\" data-element_type=\"container\" data-e-type=\"container\">\n\t\t<div class=\"elementor-element elementor-element-32beb86 e-con-full e-flex e-con e-child\" data-id=\"32beb86\" data-element_type=\"container\" data-e-type=\"container\">\n\t\t<div class=\"elementor-element elementor-element-283ad39 e-con-full e-flex e-con e-child\" data-id=\"283ad39\" data-element_type=\"container\" data-e-type=\"container\">\n\t\t\t\t<div class=\"elementor-element elementor-element-d545279 elementor-invisible elementor-widget elementor-widget-heading\" data-id=\"d545279\" data-element_type=\"widget\" data-e-type=\"widget\" data-settings=\"{&quot;_animation&quot;:&quot;fadeIn&quot;}\" data-widget_type=\"heading.default\">\n\t\t\t\t\t<h3 class=\"elementor-heading-title elementor-size-default\">D\u00e9finition de la strat\u00e9gie de cr\u00e9ation de valeur<\/h3>\t\t\t\t<\/div>\n\t\t\t\t<\/div>\n\t\t<div class=\"elementor-element elementor-element-949b9ad e-con-full e-flex e-con e-child\" data-id=\"949b9ad\" data-element_type=\"container\" data-e-type=\"container\">\n\t\t\t\t<div class=\"elementor-element elementor-element-54925e2 elementor-widget elementor-widget-text-editor\" data-id=\"54925e2\" data-element_type=\"widget\" data-e-type=\"widget\" data-widget_type=\"text-editor.default\">\n\t\t\t\t\t\t\t\t\t<p>Dans le cadre des fusions et acquisitions, l'int\u00e9gration r\u00e9ussie des acquisitions et des synergies est cruciale pour maximiser la valeur. Nous aidons nos clients \u00e0 planifier strat\u00e9giquement les acquisitions, \u00e0 identifier les synergies permettant de r\u00e9duire les co\u00fbts et d'augmenter les revenus, et \u00e0 att\u00e9nuer les risques d'int\u00e9gration tels que le d\u00e9salignement culturel ou les inefficacit\u00e9s op\u00e9rationnelles. Notre approche garantit une int\u00e9gration transparente et un suivi continu afin d'atteindre les objectifs de synergie et de cr\u00e9er de la valeur \u00e0 long terme.<\/p>\t\t\t\t\t\t\t\t<\/div>\n\t\t\t\t<\/div>\n\t\t\t\t<\/div>\n\t\t\t\t<\/div>\n\t\t\t\t\t<\/div>\n\t\t\t\t<\/div>\n\t\t<div class=\"elementor-element elementor-element-66a5e91 e-flex e-con-boxed e-con e-parent\" data-id=\"66a5e91\" data-element_type=\"container\" data-e-type=\"container\">\n\t\t\t\t\t<div class=\"e-con-inner\">\n\t\t<div class=\"elementor-element elementor-element-c646f23 e-con-full e-flex e-con e-child\" data-id=\"c646f23\" data-element_type=\"container\" data-e-type=\"container\">\n\t\t<div class=\"elementor-element elementor-element-1f03f97 e-con-full e-flex e-con e-child\" data-id=\"1f03f97\" data-element_type=\"container\" data-e-type=\"container\">\n\t\t<div class=\"elementor-element elementor-element-97d5229 e-con-full e-flex e-con e-child\" data-id=\"97d5229\" data-element_type=\"container\" data-e-type=\"container\">\n\t\t\t\t<div class=\"elementor-element elementor-element-4c4d678 elementor-invisible elementor-widget elementor-widget-heading\" data-id=\"4c4d678\" data-element_type=\"widget\" data-e-type=\"widget\" data-settings=\"{&quot;_animation&quot;:&quot;fadeIn&quot;}\" data-widget_type=\"heading.default\">\n\t\t\t\t\t<h3 class=\"elementor-heading-title elementor-size-default\">Ex\u00e9cution des plans de cr\u00e9ation de valeur<\/h3>\t\t\t\t<\/div>\n\t\t\t\t<\/div>\n\t\t<div class=\"elementor-element elementor-element-0b198ba e-con-full e-flex e-con e-child\" data-id=\"0b198ba\" data-element_type=\"container\" data-e-type=\"container\">\n\t\t\t\t<div class=\"elementor-element elementor-element-8813059 elementor-widget elementor-widget-text-editor\" data-id=\"8813059\" data-element_type=\"widget\" data-e-type=\"widget\" data-widget_type=\"text-editor.default\">\n\t\t\t\t\t\t\t\t\t<p>Nous g\u00e9rons la mise en \u0153uvre des plans d'int\u00e9gration, y compris la planification des ventes, la r\u00e9duction des co\u00fbts d'exploitation, la num\u00e9risation des processus et le soutien au refinancement. Cela englobe les ajustements de prix et les calculs des compl\u00e9ments de prix, en veillant \u00e0 ce que tous les objectifs financiers et op\u00e9rationnels soient atteints.<\/p>\t\t\t\t\t\t\t\t<\/div>\n\t\t\t\t<\/div>\n\t\t\t\t<\/div>\n\t\t\t\t<\/div>\n\t\t\t\t\t<\/div>\n\t\t\t\t<\/div>\n\t\t<div class=\"elementor-element elementor-element-79fd23d e-flex e-con-boxed e-con e-parent\" data-id=\"79fd23d\" data-element_type=\"container\" data-e-type=\"container\" data-settings=\"{&quot;background_background&quot;:&quot;classic&quot;}\">\n\t\t\t\t\t<div class=\"e-con-inner\">\n\t\t<div class=\"elementor-element elementor-element-8542cfb e-con-full e-flex e-con e-child\" data-id=\"8542cfb\" data-element_type=\"container\" data-e-type=\"container\">\n\t\t<div class=\"elementor-element elementor-element-1303c5d e-con-full e-flex e-con e-child\" data-id=\"1303c5d\" data-element_type=\"container\" data-e-type=\"container\">\n\t\t<div class=\"elementor-element elementor-element-9f9f641 e-con-full e-flex e-con e-child\" data-id=\"9f9f641\" data-element_type=\"container\" data-e-type=\"container\">\n\t\t\t\t<div class=\"elementor-element elementor-element-ff4490e elementor-invisible elementor-widget elementor-widget-heading\" data-id=\"ff4490e\" data-element_type=\"widget\" data-e-type=\"widget\" data-settings=\"{&quot;_animation&quot;:&quot;fadeIn&quot;}\" data-widget_type=\"heading.default\">\n\t\t\t\t\t<h3 class=\"elementor-heading-title elementor-size-default\">Suivi des plans de cr\u00e9ation de valeur<\/h3>\t\t\t\t<\/div>\n\t\t\t\t<\/div>\n\t\t<div class=\"elementor-element elementor-element-f5bbad2 e-con-full e-flex e-con e-child\" data-id=\"f5bbad2\" data-element_type=\"container\" data-e-type=\"container\">\n\t\t\t\t<div class=\"elementor-element elementor-element-08cff00 elementor-widget elementor-widget-text-editor\" data-id=\"08cff00\" data-element_type=\"widget\" data-e-type=\"widget\" data-widget_type=\"text-editor.default\">\n\t\t\t\t\t\t\t\t\t<p>Nous assurons une surveillance permanente afin de mesurer les progr\u00e8s accomplis par rapport aux objectifs, d'am\u00e9liorer le contr\u00f4le des activit\u00e9s et des finances, de pr\u00e9voir les flux de tr\u00e9sorerie et de contr\u00f4ler les besoins en fonds de roulement (BFR) et les d\u00e9penses d'investissement (CPE). Nous suivons \u00e9galement les synergies et effectuons des tests de r\u00e9sistance pour faire face aux d\u00e9fis \u00e9mergents, afin de maintenir la valeur apr\u00e8s la transaction. Chez Accuracy, nous donnons aux entreprises les moyens de s'adapter au changement et d'exploiter l'innovation, pour une cr\u00e9ation de valeur durable et \u00e0 long terme.<\/p>\t\t\t\t\t\t\t\t<\/div>\n\t\t\t\t<\/div>\n\t\t\t\t<\/div>\n\t\t\t\t<\/div>\n\t\t\t\t\t<\/div>\n\t\t\t\t<\/div>\n\t\t<div class=\"elementor-element elementor-element-f7e19f3 elementor-hidden-desktop elementor-hidden-tablet elementor-hidden-mobile e-flex e-con-boxed e-con e-parent\" data-id=\"f7e19f3\" data-element_type=\"container\" data-e-type=\"container\" data-settings=\"{&quot;background_background&quot;:&quot;classic&quot;}\">\n\t\t\t\t\t<div class=\"e-con-inner\">\n\t\t<div class=\"elementor-element elementor-element-eeea12c e-con-full e-flex e-con e-child\" data-id=\"eeea12c\" data-element_type=\"container\" data-e-type=\"container\">\n\t\t\t\t<div class=\"elementor-element elementor-element-a167f57 elementor-widget-tablet__width-inherit elementor-widget__width-initial elementor-align-center elementor-widget elementor-widget-button\" data-id=\"a167f57\" data-element_type=\"widget\" data-e-type=\"widget\" data-widget_type=\"button.default\">\n\t\t\t\t\t\t\t\t\t\t<a class=\"elementor-button elementor-button-link elementor-size-sm elementor-animation-float\" href=\"https:\/\/www.accuracy.com\/fr\/expertise\/\">\n\t\t\t\t\t\t<span class=\"elementor-button-content-wrapper\">\n\t\t\t\t\t\t<span class=\"elementor-button-icon\">\n\t\t\t\t<svg aria-hidden=\"true\" class=\"e-font-icon-svg e-fas-chevron-right\" viewbox=\"0 0 320 512\" xmlns=\"http:\/\/www.w3.org\/2000\/svg\"><path d=\"M285.476 272.971L91.132 467.314c-9.373 9.373-24.569 9.373-33.941 0l-22.667-22.667c-9.357-9.357-9.375-24.522-.04-33.901L188.505 256 34.484 101.255c-9.335-9.379-9.317-24.544.04-33.901l22.667-22.667c9.373-9.373 24.569-9.373 33.941 0L285.475 239.03c9.373 9.372 9.373 24.568.001 33.941z\"><\/path><\/svg>\t\t\t<\/span>\n\t\t\t\t\t\t\t\t\t<span class=\"elementor-button-text\">TOUTES NOS EXPERTISES<\/span>\n\t\t\t\t\t<\/span>\n\t\t\t\t\t<\/a>\n\t\t\t\t\t\t\t\t<\/div>\n\t\t\t\t<\/div>\n\t\t\t\t\t<\/div>\n\t\t\t\t<\/div>\n\t\t\t\t<\/div>","protected":false},"excerpt":{"rendered":"<p>We help define the value creation plan through M&amp;A, integration of build ups and identification of synergy potential, minimisation of merger control and Foreign Subsidies Regulation review risks, definition of fitness plan, identification of organic performance levers, and design of interest-aligned compensation packages to maximise value creation. Definition of value creation strategy In M&amp;A, successful [&hellip;]<\/p>\n","protected":false},"author":58,"featured_media":30674,"parent":2157,"menu_order":0,"comment_status":"closed","ping_status":"closed","template":"","meta":{"_acf_changed":false,"footnotes":""},"class_list":["post-50642","page","type-page","status-publish","has-post-thumbnail","hentry"],"acf":[],"yoast_head":"<!-- This site is optimized with the Yoast SEO Premium plugin v27.4 (Yoast SEO v27.4) - https:\/\/yoast.com\/product\/yoast-seo-premium-wordpress\/ -->\n<title>Value creation through M&amp;A - Accuracy<\/title>\n<meta name=\"robots\" content=\"noindex,nofollow\" \/>\n<link rel=\"canonical\" href=\"https:\/\/www.accuracy.com\/fr\/expertise\/transactions\/creation-de-valeur-par-le-biais-de-la-ma\/\" \/>\n<meta property=\"og:locale\" content=\"fr_CA\" \/>\n<meta property=\"og:type\" content=\"article\" \/>\n<meta property=\"og:title\" content=\"Value creation through M&amp;A\" \/>\n<meta property=\"og:description\" content=\"We help define the value creation plan through M&amp;A, integration of build ups and identification of synergy potential, minimisation of merger control and Foreign Subsidies Regulation review risks, definition of fitness plan, identification of organic performance levers, and design of interest-aligned compensation packages to maximise value creation. Definition of value creation strategy In M&amp;A, successful [&hellip;]\" \/>\n<meta property=\"og:url\" content=\"https:\/\/www.accuracy.com\/fr\/expertise\/transactions\/creation-de-valeur-par-le-biais-de-la-ma\/\" \/>\n<meta property=\"og:site_name\" content=\"Accuracy\" \/>\n<meta property=\"article:modified_time\" content=\"2025-10-14T15:25:32+00:00\" \/>\n<meta property=\"og:image\" content=\"https:\/\/www.accuracy.com\/wp-content\/uploads\/2023\/07\/FRJ_6145.jpg\" \/>\n\t<meta property=\"og:image:width\" content=\"1500\" \/>\n\t<meta property=\"og:image:height\" content=\"844\" \/>\n\t<meta property=\"og:image:type\" content=\"image\/jpeg\" \/>\n<meta name=\"twitter:card\" content=\"summary_large_image\" \/>\n<meta name=\"twitter:label1\" content=\"Estimation du temps de lecture\" \/>\n\t<meta name=\"twitter:data1\" content=\"1 minute\" \/>\n<script type=\"application\/ld+json\" class=\"yoast-schema-graph\">{\"@context\":\"https:\\\/\\\/schema.org\",\"@graph\":[{\"@type\":\"WebPage\",\"@id\":\"https:\\\/\\\/www.accuracy.com\\\/expertise\\\/transactions\\\/value-creation-through-ma\\\/\",\"url\":\"https:\\\/\\\/www.accuracy.com\\\/expertise\\\/transactions\\\/value-creation-through-ma\\\/\",\"name\":\"Value creation through M&A - Accuracy\",\"isPartOf\":{\"@id\":\"https:\\\/\\\/www.accuracy.com\\\/#website\"},\"primaryImageOfPage\":{\"@id\":\"https:\\\/\\\/www.accuracy.com\\\/expertise\\\/transactions\\\/value-creation-through-ma\\\/#primaryimage\"},\"image\":{\"@id\":\"https:\\\/\\\/www.accuracy.com\\\/expertise\\\/transactions\\\/value-creation-through-ma\\\/#primaryimage\"},\"thumbnailUrl\":\"https:\\\/\\\/www.accuracy.com\\\/wp-content\\\/uploads\\\/2023\\\/07\\\/FRJ_6145.jpg\",\"datePublished\":\"2024-12-12T09:54:39+00:00\",\"dateModified\":\"2025-10-14T15:25:32+00:00\",\"breadcrumb\":{\"@id\":\"https:\\\/\\\/www.accuracy.com\\\/expertise\\\/transactions\\\/value-creation-through-ma\\\/#breadcrumb\"},\"inLanguage\":\"fr-CA\",\"potentialAction\":[{\"@type\":\"ReadAction\",\"target\":[\"https:\\\/\\\/www.accuracy.com\\\/expertise\\\/transactions\\\/value-creation-through-ma\\\/\"]}]},{\"@type\":\"ImageObject\",\"inLanguage\":\"fr-CA\",\"@id\":\"https:\\\/\\\/www.accuracy.com\\\/expertise\\\/transactions\\\/value-creation-through-ma\\\/#primaryimage\",\"url\":\"https:\\\/\\\/www.accuracy.com\\\/wp-content\\\/uploads\\\/2023\\\/07\\\/FRJ_6145.jpg\",\"contentUrl\":\"https:\\\/\\\/www.accuracy.com\\\/wp-content\\\/uploads\\\/2023\\\/07\\\/FRJ_6145.jpg\",\"width\":1500,\"height\":844},{\"@type\":\"BreadcrumbList\",\"@id\":\"https:\\\/\\\/www.accuracy.com\\\/expertise\\\/transactions\\\/value-creation-through-ma\\\/#breadcrumb\",\"itemListElement\":[{\"@type\":\"ListItem\",\"position\":1,\"name\":\"Accueil\",\"item\":\"https:\\\/\\\/www.accuracy.com\\\/\"},{\"@type\":\"ListItem\",\"position\":2,\"name\":\"Expertise\",\"item\":\"https:\\\/\\\/www.accuracy.com\\\/expertise\\\/\"},{\"@type\":\"ListItem\",\"position\":3,\"name\":\"Transactions\",\"item\":\"https:\\\/\\\/www.accuracy.com\\\/expertise\\\/transactions\\\/\"},{\"@type\":\"ListItem\",\"position\":4,\"name\":\"Value creation through M&#038;A\"}]},{\"@type\":\"WebSite\",\"@id\":\"https:\\\/\\\/www.accuracy.com\\\/#website\",\"url\":\"https:\\\/\\\/www.accuracy.com\\\/\",\"name\":\"Accuracy\",\"description\":\"Business Advisers - Financial Consultants\",\"publisher\":{\"@id\":\"https:\\\/\\\/www.accuracy.com\\\/#organization\"},\"potentialAction\":[{\"@type\":\"SearchAction\",\"target\":{\"@type\":\"EntryPoint\",\"urlTemplate\":\"https:\\\/\\\/www.accuracy.com\\\/?s={search_term_string}\"},\"query-input\":{\"@type\":\"PropertyValueSpecification\",\"valueRequired\":true,\"valueName\":\"search_term_string\"}}],\"inLanguage\":\"fr-CA\"},{\"@type\":\"Organization\",\"@id\":\"https:\\\/\\\/www.accuracy.com\\\/#organization\",\"name\":\"Accuracy\",\"url\":\"https:\\\/\\\/www.accuracy.com\\\/\",\"logo\":{\"@type\":\"ImageObject\",\"inLanguage\":\"fr-CA\",\"@id\":\"https:\\\/\\\/www.accuracy.com\\\/#\\\/schema\\\/logo\\\/image\\\/\",\"url\":\"https:\\\/\\\/www.accuracy.com\\\/wp-content\\\/uploads\\\/2023\\\/08\\\/unnamed-3.jpg\",\"contentUrl\":\"https:\\\/\\\/www.accuracy.com\\\/wp-content\\\/uploads\\\/2023\\\/08\\\/unnamed-3.jpg\",\"width\":512,\"height\":512,\"caption\":\"Accuracy\"},\"image\":{\"@id\":\"https:\\\/\\\/www.accuracy.com\\\/#\\\/schema\\\/logo\\\/image\\\/\"},\"sameAs\":[\"https:\\\/\\\/www.linkedin.com\\\/company\\\/accuracy\\\/?originalSubdomain=fr\",\"https:\\\/\\\/www.instagram.com\\\/accuracycareers\\\/\"]}]}<\/script>\n<!-- \/ Yoast SEO Premium plugin. -->","yoast_head_json":{"title":"Cr\u00e9ation de valeur par les fusions et acquisitions - Pr\u00e9cision","robots":{"index,nofollow":"noindex,nofollow"},"canonical":"https:\/\/www.accuracy.com\/fr\/expertise\/transactions\/creation-de-valeur-par-le-biais-de-la-ma\/","og_locale":"fr_CA","og_type":"article","og_title":"Value creation through M&A","og_description":"We help define the value creation plan through M&amp;A, integration of build ups and identification of synergy potential, minimisation of merger control and Foreign Subsidies Regulation review risks, definition of fitness plan, identification of organic performance levers, and design of interest-aligned compensation packages to maximise value creation. Definition of value creation strategy In M&amp;A, successful [&hellip;]","og_url":"https:\/\/www.accuracy.com\/fr\/expertise\/transactions\/creation-de-valeur-par-le-biais-de-la-ma\/","og_site_name":"Accuracy","article_modified_time":"2025-10-14T15:25:32+00:00","og_image":[{"width":1500,"height":844,"url":"https:\/\/www.accuracy.com\/wp-content\/uploads\/2023\/07\/FRJ_6145.jpg","type":"image\/jpeg"}],"twitter_card":"summary_large_image","twitter_misc":{"Estimation du temps de lecture":"1 minute"},"schema":{"@context":"https:\/\/schema.org","@graph":[{"@type":"WebPage","@id":"https:\/\/www.accuracy.com\/expertise\/transactions\/value-creation-through-ma\/","url":"https:\/\/www.accuracy.com\/expertise\/transactions\/value-creation-through-ma\/","name":"Cr\u00e9ation de valeur par les fusions et acquisitions - Pr\u00e9cision","isPartOf":{"@id":"https:\/\/www.accuracy.com\/#website"},"primaryImageOfPage":{"@id":"https:\/\/www.accuracy.com\/expertise\/transactions\/value-creation-through-ma\/#primaryimage"},"image":{"@id":"https:\/\/www.accuracy.com\/expertise\/transactions\/value-creation-through-ma\/#primaryimage"},"thumbnailUrl":"https:\/\/www.accuracy.com\/wp-content\/uploads\/2023\/07\/FRJ_6145.jpg","datePublished":"2024-12-12T09:54:39+00:00","dateModified":"2025-10-14T15:25:32+00:00","breadcrumb":{"@id":"https:\/\/www.accuracy.com\/expertise\/transactions\/value-creation-through-ma\/#breadcrumb"},"inLanguage":"fr-CA","potentialAction":[{"@type":"ReadAction","target":["https:\/\/www.accuracy.com\/expertise\/transactions\/value-creation-through-ma\/"]}]},{"@type":"ImageObject","inLanguage":"fr-CA","@id":"https:\/\/www.accuracy.com\/expertise\/transactions\/value-creation-through-ma\/#primaryimage","url":"https:\/\/www.accuracy.com\/wp-content\/uploads\/2023\/07\/FRJ_6145.jpg","contentUrl":"https:\/\/www.accuracy.com\/wp-content\/uploads\/2023\/07\/FRJ_6145.jpg","width":1500,"height":844},{"@type":"BreadcrumbList","@id":"https:\/\/www.accuracy.com\/expertise\/transactions\/value-creation-through-ma\/#breadcrumb","itemListElement":[{"@type":"ListItem","position":1,"name":"Accueil","item":"https:\/\/www.accuracy.com\/"},{"@type":"ListItem","position":2,"name":"Expertise","item":"https:\/\/www.accuracy.com\/expertise\/"},{"@type":"ListItem","position":3,"name":"Transactions","item":"https:\/\/www.accuracy.com\/expertise\/transactions\/"},{"@type":"ListItem","position":4,"name":"Value creation through M&#038;A"}]},{"@type":"WebSite","@id":"https:\/\/www.accuracy.com\/#website","url":"https:\/\/www.accuracy.com\/","name":"Pr\u00e9cision","description":"Conseillers d'entreprise - Consultants financiers","publisher":{"@id":"https:\/\/www.accuracy.com\/#organization"},"potentialAction":[{"@type":"SearchAction","target":{"@type":"EntryPoint","urlTemplate":"https:\/\/www.accuracy.com\/?s={search_term_string}"},"query-input":{"@type":"PropertyValueSpecification","valueRequired":true,"valueName":"search_term_string"}}],"inLanguage":"fr-CA"},{"@type":"Organization","@id":"https:\/\/www.accuracy.com\/#organization","name":"Pr\u00e9cision","url":"https:\/\/www.accuracy.com\/","logo":{"@type":"ImageObject","inLanguage":"fr-CA","@id":"https:\/\/www.accuracy.com\/#\/schema\/logo\/image\/","url":"https:\/\/www.accuracy.com\/wp-content\/uploads\/2023\/08\/unnamed-3.jpg","contentUrl":"https:\/\/www.accuracy.com\/wp-content\/uploads\/2023\/08\/unnamed-3.jpg","width":512,"height":512,"caption":"Accuracy"},"image":{"@id":"https:\/\/www.accuracy.com\/#\/schema\/logo\/image\/"},"sameAs":["https:\/\/www.linkedin.com\/company\/accuracy\/?originalSubdomain=fr","https:\/\/www.instagram.com\/accuracycareers\/"]}]}},"_links":{"self":[{"href":"https:\/\/www.accuracy.com\/fr\/wp-json\/wp\/v2\/pages\/50642","targetHints":{"allow":["GET"]}}],"collection":[{"href":"https:\/\/www.accuracy.com\/fr\/wp-json\/wp\/v2\/pages"}],"about":[{"href":"https:\/\/www.accuracy.com\/fr\/wp-json\/wp\/v2\/types\/page"}],"author":[{"embeddable":true,"href":"https:\/\/www.accuracy.com\/fr\/wp-json\/wp\/v2\/users\/58"}],"replies":[{"embeddable":true,"href":"https:\/\/www.accuracy.com\/fr\/wp-json\/wp\/v2\/comments?post=50642"}],"version-history":[{"count":15,"href":"https:\/\/www.accuracy.com\/fr\/wp-json\/wp\/v2\/pages\/50642\/revisions"}],"predecessor-version":[{"id":57188,"href":"https:\/\/www.accuracy.com\/fr\/wp-json\/wp\/v2\/pages\/50642\/revisions\/57188"}],"up":[{"embeddable":true,"href":"https:\/\/www.accuracy.com\/fr\/wp-json\/wp\/v2\/pages\/2157"}],"wp:featuredmedia":[{"embeddable":true,"href":"https:\/\/www.accuracy.com\/fr\/wp-json\/wp\/v2\/media\/30674"}],"wp:attachment":[{"href":"https:\/\/www.accuracy.com\/fr\/wp-json\/wp\/v2\/media?parent=50642"}],"curies":[{"name":"wp","href":"https:\/\/api.w.org\/{rel}","templated":true}]}}