{"id":42440,"date":"2024-05-30T11:53:42","date_gmt":"2024-05-30T09:53:42","guid":{"rendered":"https:\/\/www.accuracy.com\/?page_id=42440"},"modified":"2025-11-12T14:05:36","modified_gmt":"2025-11-12T13:05:36","slug":"reglementaire","status":"publish","type":"page","link":"https:\/\/www.accuracy.com\/fr\/expertise\/disputes\/regulatory\/","title":{"rendered":"R\u00e9glementation"},"content":{"rendered":"<div data-elementor-type=\"wp-page\" data-elementor-id=\"42440\" class=\"elementor elementor-42440\" data-elementor-post-type=\"page\">\n\t\t\t\t\t\t<section class=\"elementor-section elementor-top-section elementor-element elementor-element-e3f8516 elementor-section-boxed elementor-section-height-default elementor-section-height-default\" data-id=\"e3f8516\" data-element_type=\"section\" data-e-type=\"section\">\n\t\t\t\t\t\t<div class=\"elementor-container elementor-column-gap-default\">\n\t\t\t\t\t<div class=\"elementor-column elementor-col-100 elementor-top-column elementor-element elementor-element-61c1b67\" data-id=\"61c1b67\" data-element_type=\"column\" data-e-type=\"column\">\n\t\t\t<div class=\"elementor-widget-wrap elementor-element-populated\">\n\t\t\t\t\t\t<div class=\"elementor-element elementor-element-eee76cd elementor-widget elementor-widget-text-editor\" data-id=\"eee76cd\" data-element_type=\"widget\" data-e-type=\"widget\" data-widget_type=\"text-editor.default\">\n\t\t\t\t\t\t\t\t\t<p>Naviguer dans des enqu\u00eates antitrust et r\u00e9glementaires complexes peut s'av\u00e9rer difficile. Nous adaptons notre approche aux caract\u00e9ristiques uniques de chaque situation, en combinant notre expertise en \u00e9conomie et en finance avec une connaissance approfondie du secteur.<\/p><p>Nous fournissons des conseils d'experts sur les questions antitrust telles que les abus de position dominante, les cartels et les restrictions verticales. Nous fournissons \u00e9galement des conseils perspicaces et percutants sur les questions r\u00e9glementaires \u00e0 fort enjeu, y compris les mandats de fiduciaire. Qu'il s'agisse d'\u00e9nergie, de t\u00e9l\u00e9communications, de m\u00e9dias, de transports, de march\u00e9s financiers ou de r\u00e9glementation num\u00e9rique, nos \u00e9quipes vous apportent un soutien approfondi et efficace.\u00a0<\/p><p>Accuracy figure parmi les 25 premi\u00e8res entreprises mondiales dans le Global Competition Review (GCR) - Economics 2025.<\/p>\t\t\t\t\t\t\t\t<\/div>\n\t\t\t\t\t<\/div>\n\t\t<\/div>\n\t\t\t\t\t<\/div>\n\t\t<\/section>\n\t\t<div class=\"elementor-element elementor-element-f871ef7 e-flex e-con-boxed e-con e-parent\" data-id=\"f871ef7\" data-element_type=\"container\" data-e-type=\"container\" data-settings=\"{&quot;background_background&quot;:&quot;classic&quot;}\">\n\t\t\t\t\t<div class=\"e-con-inner\">\n\t\t<div class=\"elementor-element elementor-element-fdab7d0 e-con-full e-flex e-con e-child\" data-id=\"fdab7d0\" data-element_type=\"container\" data-e-type=\"container\">\n\t\t<div class=\"elementor-element elementor-element-5aa8f4b e-con-full e-flex e-con e-child\" data-id=\"5aa8f4b\" data-element_type=\"container\" data-e-type=\"container\">\n\t\t<div class=\"elementor-element elementor-element-6089bf8 e-con-full e-flex e-con e-child\" data-id=\"6089bf8\" data-element_type=\"container\" data-e-type=\"container\">\n\t\t\t\t<div class=\"elementor-element elementor-element-2c64ae2 elementor-invisible elementor-widget elementor-widget-heading\" data-id=\"2c64ae2\" data-element_type=\"widget\" data-e-type=\"widget\" data-settings=\"{&quot;_animation&quot;:&quot;fadeIn&quot;}\" data-widget_type=\"heading.default\">\n\t\t\t\t\t<h3 class=\"elementor-heading-title elementor-size-default\">Antitrust<\/h3>\t\t\t\t<\/div>\n\t\t\t\t<\/div>\n\t\t<div class=\"elementor-element elementor-element-5b3d082 e-con-full e-flex e-con e-child\" data-id=\"5b3d082\" data-element_type=\"container\" data-e-type=\"container\">\n\t\t\t\t<div class=\"elementor-element elementor-element-fe53151 elementor-widget elementor-widget-text-editor\" data-id=\"fe53151\" data-element_type=\"widget\" data-e-type=\"widget\" data-widget_type=\"text-editor.default\">\n\t\t\t\t\t\t\t\t\t<p style=\"text-align: left;\">Lorsqu'elles sont confront\u00e9es \u00e0 des pratiques anticoncurrentielles telles que l'abus de position dominante, la collusion ou les restrictions verticales, les entreprises peuvent soulever la question aupr\u00e8s des autorit\u00e9s nationales de la concurrence ou de la Commission europ\u00e9enne pour qu'elles l'examinent. \u00c0 l'inverse, certaines entreprises font l'objet d'une enqu\u00eate de la part des autorit\u00e9s de la concurrence en raison de soup\u00e7ons de mauvaise conduite.<\/p><p style=\"text-align: left;\">Dans l'un ou l'autre cas, nos experts fournissent une analyse \u00e9conomique in\u00e9gal\u00e9e afin de d\u00e9couvrir les faits et d'\u00e9valuer les dommages potentiels. Dans les affaires de cartels, nous aidons les d\u00e9fendeurs \u00e0 examiner minutieusement les faits pr\u00e9sent\u00e9s et \u00e0 \u00e9valuer l'impact \u00e9conomique. Dans les affaires d'abus de position dominante, nous aidons les plaignants \u00e0 constituer leur dossier et soutenons les d\u00e9fendeurs dans l'\u00e9valuation des fondements factuels et \u00e9conomiques des all\u00e9gations.<\/p><p style=\"text-align: left;\">Nos conseils permettent aux clients d'\u00e9valuer le risque antitrust et de mener \u00e0 bien les enqu\u00eates antitrust. Lou\u00e9s par les clients pour la qualit\u00e9 et la clart\u00e9 exceptionnelles de nos conseils, les r\u00e9gulateurs appr\u00e9cient les id\u00e9es et les \u00e9l\u00e9ments d\u00e9cisifs contenus dans nos rapports.<\/p>\t\t\t\t\t\t\t\t<\/div>\n\t\t\t\t<\/div>\n\t\t\t\t<\/div>\n\t\t\t\t<\/div>\n\t\t\t\t\t<\/div>\n\t\t\t\t<\/div>\n\t\t<div class=\"elementor-element elementor-element-3896b5c e-flex e-con-boxed e-con e-parent\" data-id=\"3896b5c\" data-element_type=\"container\" data-e-type=\"container\">\n\t\t\t\t\t<div class=\"e-con-inner\">\n\t\t<div class=\"elementor-element elementor-element-526c109 e-con-full e-flex e-con e-child\" data-id=\"526c109\" data-element_type=\"container\" data-e-type=\"container\">\n\t\t<div class=\"elementor-element elementor-element-3c1878a e-con-full e-flex e-con e-child\" data-id=\"3c1878a\" data-element_type=\"container\" data-e-type=\"container\">\n\t\t<div class=\"elementor-element elementor-element-b15be9d e-con-full e-flex e-con e-child\" data-id=\"b15be9d\" data-element_type=\"container\" data-e-type=\"container\">\n\t\t\t\t<div class=\"elementor-element elementor-element-bc5c23b elementor-invisible elementor-widget elementor-widget-heading\" data-id=\"bc5c23b\" data-element_type=\"widget\" data-e-type=\"widget\" data-settings=\"{&quot;_animation&quot;:&quot;fadeIn&quot;}\" data-widget_type=\"heading.default\">\n\t\t\t\t\t<h3 class=\"elementor-heading-title elementor-size-default\">Questions sectorielles<\/h3>\t\t\t\t<\/div>\n\t\t\t\t<\/div>\n\t\t<div class=\"elementor-element elementor-element-d6e36fb e-con-full e-flex e-con e-child\" data-id=\"d6e36fb\" data-element_type=\"container\" data-e-type=\"container\">\n\t\t\t\t<div class=\"elementor-element elementor-element-eedb3d0 elementor-widget elementor-widget-text-editor\" data-id=\"eedb3d0\" data-element_type=\"widget\" data-e-type=\"widget\" data-widget_type=\"text-editor.default\">\n\t\t\t\t\t\t\t\t\t<p style=\"text-align: left;\">Les entreprises sont souvent confront\u00e9es \u00e0 des probl\u00e8mes de r\u00e9glementation d\u00e9coulant d'un environnement de politique publique rigoureux et en constante \u00e9volution. Naviguer \u00e0 travers les exigences r\u00e9glementaires et de conformit\u00e9 n'est pas une t\u00e2che facile, et les risques op\u00e9rationnels et de r\u00e9putation li\u00e9s \u00e0 la non-conformit\u00e9 peuvent \u00eatre consid\u00e9rables.<\/p><p style=\"text-align: left;\">Nous fournissons une analyse \u00e9conomique et financi\u00e8re compl\u00e8te des questions politiques et r\u00e9glementaires. Nos experts s'appuient sur leur expertise sectorielle approfondie pour aider les entreprises et les institutions \u00e0 naviguer efficacement dans les questions de politique publique, en particulier dans les secteurs du num\u00e9rique, des t\u00e9l\u00e9communications, des m\u00e9dias, de l'\u00e9nergie, des transports et des services financiers.<\/p><p style=\"text-align: left;\">Nos conseils permettent \u00e0 nos clients d'\u00e9valuer l'impact de la r\u00e9glementation sur leurs activit\u00e9s et de s'assurer que les risques peuvent \u00eatre att\u00e9nu\u00e9s efficacement. Nos recommandations et nos solutions num\u00e9riques les aident \u00e0 surmonter les obstacles et \u00e0 r\u00e9pondre aux exigences des institutions r\u00e9glementaires.<\/p>\t\t\t\t\t\t\t\t<\/div>\n\t\t\t\t<\/div>\n\t\t\t\t<\/div>\n\t\t\t\t<\/div>\n\t\t\t\t\t<\/div>\n\t\t\t\t<\/div>\n\t\t<div class=\"elementor-element elementor-element-e282354 elementor-hidden-desktop elementor-hidden-tablet elementor-hidden-mobile e-flex e-con-boxed e-con e-parent\" data-id=\"e282354\" data-element_type=\"container\" data-e-type=\"container\" data-settings=\"{&quot;background_background&quot;:&quot;classic&quot;}\">\n\t\t\t\t\t<div class=\"e-con-inner\">\n\t\t<div class=\"elementor-element elementor-element-42d1ebd e-con-full e-flex e-con e-child\" data-id=\"42d1ebd\" data-element_type=\"container\" data-e-type=\"container\">\n\t\t\t\t<div class=\"elementor-element elementor-element-a1d6fa0 elementor-widget-tablet__width-inherit elementor-widget__width-initial elementor-align-center elementor-widget elementor-widget-button\" data-id=\"a1d6fa0\" data-element_type=\"widget\" data-e-type=\"widget\" data-widget_type=\"button.default\">\n\t\t\t\t\t\t\t\t\t\t<a class=\"elementor-button elementor-button-link elementor-size-sm elementor-animation-float\" href=\"https:\/\/www.accuracy.com\/fr\/expertise\/\">\n\t\t\t\t\t\t<span class=\"elementor-button-content-wrapper\">\n\t\t\t\t\t\t<span class=\"elementor-button-icon\">\n\t\t\t\t<svg aria-hidden=\"true\" class=\"e-font-icon-svg e-fas-chevron-right\" viewbox=\"0 0 320 512\" xmlns=\"http:\/\/www.w3.org\/2000\/svg\"><path d=\"M285.476 272.971L91.132 467.314c-9.373 9.373-24.569 9.373-33.941 0l-22.667-22.667c-9.357-9.357-9.375-24.522-.04-33.901L188.505 256 34.484 101.255c-9.335-9.379-9.317-24.544.04-33.901l22.667-22.667c9.373-9.373 24.569-9.373 33.941 0L285.475 239.03c9.373 9.372 9.373 24.568.001 33.941z\"><\/path><\/svg>\t\t\t<\/span>\n\t\t\t\t\t\t\t\t\t<span class=\"elementor-button-text\">TOUTE NOTRE EXPERTISE<\/span>\n\t\t\t\t\t<\/span>\n\t\t\t\t\t<\/a>\n\t\t\t\t\t\t\t\t<\/div>\n\t\t\t\t<\/div>\n\t\t\t\t\t<\/div>\n\t\t\t\t<\/div>\n\t\t\t\t<\/div>","protected":false},"excerpt":{"rendered":"<p>Navigating complex antitrust and regulatory investigations can be challenging. We tailor our approach to suit the unique characteristics of each situation, combining our expertise in economics and finance with comprehensive sector knowledge. We provide expert advice in antitrust matters such as abuses of dominant position, cartels, and vertical restraints. We also provide insightful and impactful [&hellip;]<\/p>\n","protected":false},"author":58,"featured_media":29253,"parent":809,"menu_order":0,"comment_status":"closed","ping_status":"closed","template":"","meta":{"_acf_changed":false,"footnotes":""},"class_list":["post-42440","page","type-page","status-publish","has-post-thumbnail","hentry"],"acf":[],"yoast_head":"<!-- This site is optimized with the Yoast SEO Premium plugin v27.5 (Yoast SEO v27.5) - https:\/\/yoast.com\/product\/yoast-seo-premium-wordpress\/ -->\n<title>Regulatory - Accuracy<\/title>\n<meta name=\"robots\" content=\"index, follow, max-snippet:-1, max-image-preview:large, max-video-preview:-1\" \/>\n<link rel=\"canonical\" href=\"https:\/\/www.accuracy.com\/fr\/expertise\/litiges\/reglementaire\/\" \/>\n<meta property=\"og:locale\" content=\"fr_CA\" \/>\n<meta property=\"og:type\" content=\"article\" \/>\n<meta property=\"og:title\" content=\"Regulatory\" \/>\n<meta property=\"og:description\" content=\"Navigating complex antitrust and regulatory investigations can be challenging. We tailor our approach to suit the unique characteristics of each situation, combining our expertise in economics and finance with comprehensive sector knowledge. We provide expert advice in antitrust matters such as abuses of dominant position, cartels, and vertical restraints. We also provide insightful and impactful [&hellip;]\" \/>\n<meta property=\"og:url\" content=\"https:\/\/www.accuracy.com\/fr\/expertise\/litiges\/reglementaire\/\" \/>\n<meta property=\"og:site_name\" content=\"Accuracy\" \/>\n<meta property=\"article:modified_time\" content=\"2025-11-12T13:05:36+00:00\" \/>\n<meta property=\"og:image\" content=\"https:\/\/www.accuracy.com\/wp-content\/uploads\/2023\/06\/FRJ_7061-G.jpg\" \/>\n\t<meta property=\"og:image:width\" content=\"1500\" \/>\n\t<meta property=\"og:image:height\" content=\"844\" \/>\n\t<meta property=\"og:image:type\" content=\"image\/jpeg\" \/>\n<meta name=\"twitter:card\" content=\"summary_large_image\" \/>\n<meta name=\"twitter:label1\" content=\"Estimation du temps de lecture\" \/>\n\t<meta name=\"twitter:data1\" content=\"2 minutes\" \/>\n<script type=\"application\/ld+json\" class=\"yoast-schema-graph\">{\"@context\":\"https:\\\/\\\/schema.org\",\"@graph\":[{\"@type\":\"WebPage\",\"@id\":\"https:\\\/\\\/www.accuracy.com\\\/en_gb\\\/expertise\\\/disputes\\\/regulatory\\\/\",\"url\":\"https:\\\/\\\/www.accuracy.com\\\/en_gb\\\/expertise\\\/disputes\\\/regulatory\\\/\",\"name\":\"Regulatory - Accuracy\",\"isPartOf\":{\"@id\":\"https:\\\/\\\/www.accuracy.com\\\/#website\"},\"primaryImageOfPage\":{\"@id\":\"https:\\\/\\\/www.accuracy.com\\\/en_gb\\\/expertise\\\/disputes\\\/regulatory\\\/#primaryimage\"},\"image\":{\"@id\":\"https:\\\/\\\/www.accuracy.com\\\/en_gb\\\/expertise\\\/disputes\\\/regulatory\\\/#primaryimage\"},\"thumbnailUrl\":\"https:\\\/\\\/www.accuracy.com\\\/wp-content\\\/uploads\\\/2023\\\/06\\\/FRJ_7061-G.jpg\",\"datePublished\":\"2024-05-30T09:53:42+00:00\",\"dateModified\":\"2025-11-12T13:05:36+00:00\",\"breadcrumb\":{\"@id\":\"https:\\\/\\\/www.accuracy.com\\\/en_gb\\\/expertise\\\/disputes\\\/regulatory\\\/#breadcrumb\"},\"inLanguage\":\"fr-CA\",\"potentialAction\":[{\"@type\":\"ReadAction\",\"target\":[\"https:\\\/\\\/www.accuracy.com\\\/en_gb\\\/expertise\\\/disputes\\\/regulatory\\\/\"]}]},{\"@type\":\"ImageObject\",\"inLanguage\":\"fr-CA\",\"@id\":\"https:\\\/\\\/www.accuracy.com\\\/en_gb\\\/expertise\\\/disputes\\\/regulatory\\\/#primaryimage\",\"url\":\"https:\\\/\\\/www.accuracy.com\\\/wp-content\\\/uploads\\\/2023\\\/06\\\/FRJ_7061-G.jpg\",\"contentUrl\":\"https:\\\/\\\/www.accuracy.com\\\/wp-content\\\/uploads\\\/2023\\\/06\\\/FRJ_7061-G.jpg\",\"width\":1500,\"height\":844},{\"@type\":\"BreadcrumbList\",\"@id\":\"https:\\\/\\\/www.accuracy.com\\\/en_gb\\\/expertise\\\/disputes\\\/regulatory\\\/#breadcrumb\",\"itemListElement\":[{\"@type\":\"ListItem\",\"position\":1,\"name\":\"Accueil\",\"item\":\"https:\\\/\\\/www.accuracy.com\\\/\"},{\"@type\":\"ListItem\",\"position\":2,\"name\":\"Expertise\",\"item\":\"https:\\\/\\\/www.accuracy.com\\\/expertise\\\/\"},{\"@type\":\"ListItem\",\"position\":3,\"name\":\"Disputes\",\"item\":\"https:\\\/\\\/www.accuracy.com\\\/expertise\\\/disputes\\\/\"},{\"@type\":\"ListItem\",\"position\":4,\"name\":\"Regulatory\"}]},{\"@type\":\"WebSite\",\"@id\":\"https:\\\/\\\/www.accuracy.com\\\/#website\",\"url\":\"https:\\\/\\\/www.accuracy.com\\\/\",\"name\":\"Accuracy\",\"description\":\"Business Advisers - Financial Consultants\",\"publisher\":{\"@id\":\"https:\\\/\\\/www.accuracy.com\\\/#organization\"},\"potentialAction\":[{\"@type\":\"SearchAction\",\"target\":{\"@type\":\"EntryPoint\",\"urlTemplate\":\"https:\\\/\\\/www.accuracy.com\\\/?s={search_term_string}\"},\"query-input\":{\"@type\":\"PropertyValueSpecification\",\"valueRequired\":true,\"valueName\":\"search_term_string\"}}],\"inLanguage\":\"fr-CA\"},{\"@type\":\"Organization\",\"@id\":\"https:\\\/\\\/www.accuracy.com\\\/#organization\",\"name\":\"Accuracy\",\"url\":\"https:\\\/\\\/www.accuracy.com\\\/\",\"logo\":{\"@type\":\"ImageObject\",\"inLanguage\":\"fr-CA\",\"@id\":\"https:\\\/\\\/www.accuracy.com\\\/#\\\/schema\\\/logo\\\/image\\\/\",\"url\":\"https:\\\/\\\/www.accuracy.com\\\/wp-content\\\/uploads\\\/2023\\\/08\\\/unnamed-3.jpg\",\"contentUrl\":\"https:\\\/\\\/www.accuracy.com\\\/wp-content\\\/uploads\\\/2023\\\/08\\\/unnamed-3.jpg\",\"width\":512,\"height\":512,\"caption\":\"Accuracy\"},\"image\":{\"@id\":\"https:\\\/\\\/www.accuracy.com\\\/#\\\/schema\\\/logo\\\/image\\\/\"},\"sameAs\":[\"https:\\\/\\\/www.linkedin.com\\\/company\\\/accuracy\\\/?originalSubdomain=fr\",\"https:\\\/\\\/www.instagram.com\\\/accuracycareers\\\/\"]}]}<\/script>\n<!-- \/ Yoast SEO Premium plugin. -->","yoast_head_json":{"title":"R\u00e9glementation - Pr\u00e9cision","robots":{"index":"index","follow":"follow","max-snippet":"max-snippet:-1","max-image-preview":"max-image-preview:large","max-video-preview":"max-video-preview:-1"},"canonical":"https:\/\/www.accuracy.com\/fr\/expertise\/litiges\/reglementaire\/","og_locale":"fr_CA","og_type":"article","og_title":"Regulatory","og_description":"Navigating complex antitrust and regulatory investigations can be challenging. We tailor our approach to suit the unique characteristics of each situation, combining our expertise in economics and finance with comprehensive sector knowledge. We provide expert advice in antitrust matters such as abuses of dominant position, cartels, and vertical restraints. We also provide insightful and impactful [&hellip;]","og_url":"https:\/\/www.accuracy.com\/fr\/expertise\/litiges\/reglementaire\/","og_site_name":"Accuracy","article_modified_time":"2025-11-12T13:05:36+00:00","og_image":[{"width":1500,"height":844,"url":"https:\/\/www.accuracy.com\/wp-content\/uploads\/2023\/06\/FRJ_7061-G.jpg","type":"image\/jpeg"}],"twitter_card":"summary_large_image","twitter_misc":{"Estimation du temps de lecture":"2 minutes"},"schema":{"@context":"https:\/\/schema.org","@graph":[{"@type":"WebPage","@id":"https:\/\/www.accuracy.com\/en_gb\/expertise\/disputes\/regulatory\/","url":"https:\/\/www.accuracy.com\/en_gb\/expertise\/disputes\/regulatory\/","name":"R\u00e9glementation - Pr\u00e9cision","isPartOf":{"@id":"https:\/\/www.accuracy.com\/#website"},"primaryImageOfPage":{"@id":"https:\/\/www.accuracy.com\/en_gb\/expertise\/disputes\/regulatory\/#primaryimage"},"image":{"@id":"https:\/\/www.accuracy.com\/en_gb\/expertise\/disputes\/regulatory\/#primaryimage"},"thumbnailUrl":"https:\/\/www.accuracy.com\/wp-content\/uploads\/2023\/06\/FRJ_7061-G.jpg","datePublished":"2024-05-30T09:53:42+00:00","dateModified":"2025-11-12T13:05:36+00:00","breadcrumb":{"@id":"https:\/\/www.accuracy.com\/en_gb\/expertise\/disputes\/regulatory\/#breadcrumb"},"inLanguage":"fr-CA","potentialAction":[{"@type":"ReadAction","target":["https:\/\/www.accuracy.com\/en_gb\/expertise\/disputes\/regulatory\/"]}]},{"@type":"ImageObject","inLanguage":"fr-CA","@id":"https:\/\/www.accuracy.com\/en_gb\/expertise\/disputes\/regulatory\/#primaryimage","url":"https:\/\/www.accuracy.com\/wp-content\/uploads\/2023\/06\/FRJ_7061-G.jpg","contentUrl":"https:\/\/www.accuracy.com\/wp-content\/uploads\/2023\/06\/FRJ_7061-G.jpg","width":1500,"height":844},{"@type":"BreadcrumbList","@id":"https:\/\/www.accuracy.com\/en_gb\/expertise\/disputes\/regulatory\/#breadcrumb","itemListElement":[{"@type":"ListItem","position":1,"name":"Accueil","item":"https:\/\/www.accuracy.com\/"},{"@type":"ListItem","position":2,"name":"Expertise","item":"https:\/\/www.accuracy.com\/expertise\/"},{"@type":"ListItem","position":3,"name":"Disputes","item":"https:\/\/www.accuracy.com\/expertise\/disputes\/"},{"@type":"ListItem","position":4,"name":"Regulatory"}]},{"@type":"WebSite","@id":"https:\/\/www.accuracy.com\/#website","url":"https:\/\/www.accuracy.com\/","name":"Pr\u00e9cision","description":"Conseillers d'entreprise - Consultants financiers","publisher":{"@id":"https:\/\/www.accuracy.com\/#organization"},"potentialAction":[{"@type":"SearchAction","target":{"@type":"EntryPoint","urlTemplate":"https:\/\/www.accuracy.com\/?s={search_term_string}"},"query-input":{"@type":"PropertyValueSpecification","valueRequired":true,"valueName":"search_term_string"}}],"inLanguage":"fr-CA"},{"@type":"Organization","@id":"https:\/\/www.accuracy.com\/#organization","name":"Pr\u00e9cision","url":"https:\/\/www.accuracy.com\/","logo":{"@type":"ImageObject","inLanguage":"fr-CA","@id":"https:\/\/www.accuracy.com\/#\/schema\/logo\/image\/","url":"https:\/\/www.accuracy.com\/wp-content\/uploads\/2023\/08\/unnamed-3.jpg","contentUrl":"https:\/\/www.accuracy.com\/wp-content\/uploads\/2023\/08\/unnamed-3.jpg","width":512,"height":512,"caption":"Accuracy"},"image":{"@id":"https:\/\/www.accuracy.com\/#\/schema\/logo\/image\/"},"sameAs":["https:\/\/www.linkedin.com\/company\/accuracy\/?originalSubdomain=fr","https:\/\/www.instagram.com\/accuracycareers\/"]}]}},"_links":{"self":[{"href":"https:\/\/www.accuracy.com\/fr\/wp-json\/wp\/v2\/pages\/42440","targetHints":{"allow":["GET"]}}],"collection":[{"href":"https:\/\/www.accuracy.com\/fr\/wp-json\/wp\/v2\/pages"}],"about":[{"href":"https:\/\/www.accuracy.com\/fr\/wp-json\/wp\/v2\/types\/page"}],"author":[{"embeddable":true,"href":"https:\/\/www.accuracy.com\/fr\/wp-json\/wp\/v2\/users\/58"}],"replies":[{"embeddable":true,"href":"https:\/\/www.accuracy.com\/fr\/wp-json\/wp\/v2\/comments?post=42440"}],"version-history":[{"count":34,"href":"https:\/\/www.accuracy.com\/fr\/wp-json\/wp\/v2\/pages\/42440\/revisions"}],"predecessor-version":[{"id":58147,"href":"https:\/\/www.accuracy.com\/fr\/wp-json\/wp\/v2\/pages\/42440\/revisions\/58147"}],"up":[{"embeddable":true,"href":"https:\/\/www.accuracy.com\/fr\/wp-json\/wp\/v2\/pages\/809"}],"wp:featuredmedia":[{"embeddable":true,"href":"https:\/\/www.accuracy.com\/fr\/wp-json\/wp\/v2\/media\/29253"}],"wp:attachment":[{"href":"https:\/\/www.accuracy.com\/fr\/wp-json\/wp\/v2\/media?parent=42440"}],"curies":[{"name":"wp","href":"https:\/\/api.w.org\/{rel}","templated":true}]}}