{"id":32294,"date":"2023-07-19T17:33:51","date_gmt":"2023-07-19T15:33:51","guid":{"rendered":"https:\/\/www.accuracy.com\/?page_id=32294"},"modified":"2025-11-12T14:03:21","modified_gmt":"2025-11-12T13:03:21","slug":"larbitrage","status":"publish","type":"page","link":"https:\/\/www.accuracy.com\/fr\/expertise\/disputes\/arbitration\/","title":{"rendered":"L'arbitrage"},"content":{"rendered":"<div data-elementor-type=\"wp-page\" data-elementor-id=\"32294\" class=\"elementor elementor-32294\" data-elementor-post-type=\"page\">\n\t\t\t\t\t\t<section class=\"elementor-section elementor-top-section elementor-element elementor-element-e3f8516 elementor-section-boxed elementor-section-height-default elementor-section-height-default\" data-id=\"e3f8516\" data-element_type=\"section\" data-e-type=\"section\">\n\t\t\t\t\t\t<div class=\"elementor-container elementor-column-gap-default\">\n\t\t\t\t\t<div class=\"elementor-column elementor-col-100 elementor-top-column elementor-element elementor-element-61c1b67\" data-id=\"61c1b67\" data-element_type=\"column\" data-e-type=\"column\">\n\t\t\t<div class=\"elementor-widget-wrap elementor-element-populated\">\n\t\t\t\t\t\t<div class=\"elementor-element elementor-element-eee76cd elementor-widget elementor-widget-text-editor\" data-id=\"eee76cd\" data-element_type=\"widget\" data-e-type=\"widget\" data-widget_type=\"text-editor.default\">\n\t\t\t\t\t\t\t\t\t<p>L'arbitrage offre une voie alternative pour r\u00e9soudre les litiges en dehors des proc\u00e9dures judiciaires traditionnelles. Nous adaptons notre approche \u00e0 chaque cas, en combinant notre expertise en mati\u00e8re de finance, d'\u00e9conomie, d'\u00e9valuation, d'ing\u00e9nierie, de strat\u00e9gie et de comptabilit\u00e9, afin de proposer des solutions sur mesure.<\/p><p>Nous fournissons des avis d'experts dans des affaires d'arbitrage, notamment en mati\u00e8re d'investissement, de commerce et de construction, dans une grande vari\u00e9t\u00e9 de secteurs, de situations et de zones g\u00e9ographiques. Notre capacit\u00e9 unique \u00e0 coordonner des \u00e9quipes pluridisciplinaires d'experts et \u00e0 combiner leurs avis distingue notre pratique de l'arbitrage international. Des \u00e9quipes d'experts r\u00e9parties dans 14 pays fournissent r\u00e9guli\u00e8rement des preuves \u00e9crites et orales dans des affaires commerciales et de trait\u00e9s d'investissement arbitr\u00e9es selon les r\u00e8gles de la CCI, du CIRDI, de la CNUDCI, de la LCIA, de la SIAC, de la NAI, de la SAC et des r\u00e8gles du DIFC, ainsi que de la CPA.<\/p><p>Accuracy figure parmi les 10 premiers cabinets mondiaux list\u00e9s dans le Global Arbitration Review (GAR) - Expert Witness Power Index 2025. Trente-deux experts d'Accuracy sont reconnus comme des t\u00e9moins experts d'arbitrage de premier plan dans le Lexology Index Arbitration Expert Witnesses 2026, et quinze experts d'Accuracy ont \u00e9t\u00e9 reconnus comme des experts exceptionnels en raison de leur travail impressionnant sur les litiges et les r\u00e9clamations d\u00e9coulant \u00e0 la fois des questions de quantum et de retard dans les grands projets de construction en 2025.<\/p>\t\t\t\t\t\t\t\t<\/div>\n\t\t\t\t\t<\/div>\n\t\t<\/div>\n\t\t\t\t\t<\/div>\n\t\t<\/section>\n\t\t<div class=\"elementor-element elementor-element-1a41379 e-flex e-con-boxed e-con e-parent\" data-id=\"1a41379\" data-element_type=\"container\" data-e-type=\"container\" data-settings=\"{&quot;background_background&quot;:&quot;classic&quot;}\">\n\t\t\t\t\t<div class=\"e-con-inner\">\n\t\t<div class=\"elementor-element elementor-element-2f6cb41 e-con-full e-flex e-con e-child\" data-id=\"2f6cb41\" data-element_type=\"container\" data-e-type=\"container\">\n\t\t<div class=\"elementor-element elementor-element-9dc63b5 e-con-full e-flex e-con e-child\" data-id=\"9dc63b5\" data-element_type=\"container\" data-e-type=\"container\">\n\t\t<div class=\"elementor-element elementor-element-5cfb47d e-con-full e-flex e-con e-child\" data-id=\"5cfb47d\" data-element_type=\"container\" data-e-type=\"container\">\n\t\t\t\t<div class=\"elementor-element elementor-element-f1a9c66 elementor-invisible elementor-widget elementor-widget-heading\" data-id=\"f1a9c66\" data-element_type=\"widget\" data-e-type=\"widget\" data-settings=\"{&quot;_animation&quot;:&quot;fadeIn&quot;}\" data-widget_type=\"heading.default\">\n\t\t\t\t\t<h3 class=\"elementor-heading-title elementor-size-default\">ARBITRAGE D'INVESTISSEMENT<\/h3>\t\t\t\t<\/div>\n\t\t\t\t<\/div>\n\t\t<div class=\"elementor-element elementor-element-8ce0ae4 e-con-full e-flex e-con e-child\" data-id=\"8ce0ae4\" data-element_type=\"container\" data-e-type=\"container\">\n\t\t\t\t<div class=\"elementor-element elementor-element-f756891 elementor-widget elementor-widget-text-editor\" data-id=\"f756891\" data-element_type=\"widget\" data-e-type=\"widget\" data-widget_type=\"text-editor.default\">\n\t\t\t\t\t\t\t\t\t<p>Dans les litiges impliquant un investisseur (ou un groupe d'investisseurs) et un \u00c9tat ou une entit\u00e9 contr\u00f4l\u00e9e par un \u00c9tat, nous nous concentrons sur la quantification des dommages financiers subis par l'investisseur ou les investisseurs en raison de violations pr\u00e9sum\u00e9es de trait\u00e9s d'investissement bilat\u00e9raux ou multilat\u00e9raux.<\/p><p>Ces affaires portent g\u00e9n\u00e9ralement sur les cons\u00e9quences \u00e9conomiques des expropriations, des violations des obligations de traitement juste et \u00e9quitable ou des changements de r\u00e9glementation.<\/p><p>En tant qu'experts nomm\u00e9s par l'investisseur ou par l'\u00c9tat, nous fournissons des \u00e9valuations, des analyses de march\u00e9 et des analyses financi\u00e8res solides, fond\u00e9es sur les preuves disponibles, afin d'aider le tribunal \u00e0 prendre une d\u00e9cision \u00e9clair\u00e9e.<\/p>\t\t\t\t\t\t\t\t<\/div>\n\t\t\t\t<\/div>\n\t\t\t\t<\/div>\n\t\t\t\t<\/div>\n\t\t\t\t\t<\/div>\n\t\t\t\t<\/div>\n\t\t<div class=\"elementor-element elementor-element-fcd75fc e-flex e-con-boxed e-con e-parent\" data-id=\"fcd75fc\" data-element_type=\"container\" data-e-type=\"container\">\n\t\t\t\t\t<div class=\"e-con-inner\">\n\t\t<div class=\"elementor-element elementor-element-162dc7a e-con-full e-flex e-con e-child\" data-id=\"162dc7a\" data-element_type=\"container\" data-e-type=\"container\">\n\t\t<div class=\"elementor-element elementor-element-6154ff1 e-con-full e-flex e-con e-child\" data-id=\"6154ff1\" data-element_type=\"container\" data-e-type=\"container\">\n\t\t<div class=\"elementor-element elementor-element-e8fc733 e-con-full e-flex e-con e-child\" data-id=\"e8fc733\" data-element_type=\"container\" data-e-type=\"container\">\n\t\t\t\t<div class=\"elementor-element elementor-element-099cd50 elementor-invisible elementor-widget elementor-widget-heading\" data-id=\"099cd50\" data-element_type=\"widget\" data-e-type=\"widget\" data-settings=\"{&quot;_animation&quot;:&quot;fadeIn&quot;}\" data-widget_type=\"heading.default\">\n\t\t\t\t\t<h3 class=\"elementor-heading-title elementor-size-default\">ARBITRAGE COMMERCIAL<\/h3>\t\t\t\t<\/div>\n\t\t\t\t<\/div>\n\t\t<div class=\"elementor-element elementor-element-af1f829 e-con-full e-flex e-con e-child\" data-id=\"af1f829\" data-element_type=\"container\" data-e-type=\"container\">\n\t\t\t\t<div class=\"elementor-element elementor-element-c5be80c elementor-widget elementor-widget-text-editor\" data-id=\"c5be80c\" data-element_type=\"widget\" data-e-type=\"widget\" data-widget_type=\"text-editor.default\">\n\t\t\t\t\t\t\t\t\t<p>Les litiges commerciaux soumis \u00e0 l'arbitrage international r\u00e9sultent de situations telles que la rupture ou la r\u00e9siliation anticip\u00e9e de contrats, la concurrence d\u00e9loyale, les conflits entre actionnaires et les fusions-acquisitions. Chaque cas est unique et n\u00e9cessite une approche sur mesure.<\/p><p>Notre \u00e9quipe pluridisciplinaire d'experts comptables, d'\u00e9valuateurs, d'experts du march\u00e9 et de sp\u00e9cialistes du secteur analyse la situation factuelle, y compris les actes pr\u00e9tendument ill\u00e9gaux, estime le sc\u00e9nario hypoth\u00e9tique sans ces actes et \u00e9value le pr\u00e9judice financier subi par le demandeur.<\/p><p>Nos analyses font souvent appel \u00e0 des techniques complexes de perte de b\u00e9n\u00e9fices ou d'\u00e9valuation pour \u00e9tayer nos conclusions.<\/p>\t\t\t\t\t\t\t\t<\/div>\n\t\t\t\t<\/div>\n\t\t\t\t<\/div>\n\t\t\t\t<\/div>\n\t\t\t\t\t<\/div>\n\t\t\t\t<\/div>\n\t\t<div class=\"elementor-element elementor-element-5d98188 e-flex e-con-boxed e-con e-parent\" data-id=\"5d98188\" data-element_type=\"container\" data-e-type=\"container\" data-settings=\"{&quot;background_background&quot;:&quot;classic&quot;}\">\n\t\t\t\t\t<div class=\"e-con-inner\">\n\t\t<div class=\"elementor-element elementor-element-81934e5 e-con-full e-flex e-con e-child\" data-id=\"81934e5\" data-element_type=\"container\" data-e-type=\"container\">\n\t\t<div class=\"elementor-element elementor-element-a92cd4e e-con-full e-flex e-con e-child\" data-id=\"a92cd4e\" data-element_type=\"container\" data-e-type=\"container\">\n\t\t<div class=\"elementor-element elementor-element-8a1d754 e-con-full e-flex e-con e-child\" data-id=\"8a1d754\" data-element_type=\"container\" data-e-type=\"container\">\n\t\t\t\t<div class=\"elementor-element elementor-element-1b0f8c7 elementor-invisible elementor-widget elementor-widget-heading\" data-id=\"1b0f8c7\" data-element_type=\"widget\" data-e-type=\"widget\" data-settings=\"{&quot;_animation&quot;:&quot;fadeIn&quot;}\" data-widget_type=\"heading.default\">\n\t\t\t\t\t<h3 class=\"elementor-heading-title elementor-size-default\">ARBITRAGE DANS LE DOMAINE DE LA CONSTRUCTION<\/h3>\t\t\t\t<\/div>\n\t\t\t\t<\/div>\n\t\t<div class=\"elementor-element elementor-element-2946a97 e-con-full e-flex e-con e-child\" data-id=\"2946a97\" data-element_type=\"container\" data-e-type=\"container\">\n\t\t\t\t<div class=\"elementor-element elementor-element-26a1062 elementor-widget elementor-widget-text-editor\" data-id=\"26a1062\" data-element_type=\"widget\" data-e-type=\"widget\" data-widget_type=\"text-editor.default\">\n\t\t\t\t\t\t\t\t\t<p>Les projets \u00e0 long terme connaissent souvent d'importants d\u00e9passements de d\u00e9lais et de co\u00fbts, ce qui conduit une partie \u00e0 demander \u00e0 l'autre le remboursement de ses pertes financi\u00e8res ou de ses dommages-int\u00e9r\u00eats.<\/p><p>Les litiges dans les grands projets peuvent r\u00e9sulter de situations telles que des retards, des perturbations, des travaux suppl\u00e9mentaires ou m\u00eame l'arr\u00eat pr\u00e9matur\u00e9 du projet.<\/p><p>Notre \u00e9quipe tr\u00e8s exp\u00e9riment\u00e9e de sp\u00e9cialistes de la construction fournit des conseils et une assistance aux entrepreneurs ou aux propri\u00e9taires et intervient en tant que t\u00e9moin expert en mati\u00e8re de d\u00e9lais et de quantum dans les proc\u00e9dures d'arbitrage international.<\/p>\t\t\t\t\t\t\t\t<\/div>\n\t\t\t\t<\/div>\n\t\t\t\t<\/div>\n\t\t\t\t<\/div>\n\t\t\t\t\t<\/div>\n\t\t\t\t<\/div>\n\t\t<div class=\"elementor-element elementor-element-e282354 elementor-hidden-desktop elementor-hidden-tablet elementor-hidden-mobile e-flex e-con-boxed e-con e-parent\" data-id=\"e282354\" data-element_type=\"container\" data-e-type=\"container\" data-settings=\"{&quot;background_background&quot;:&quot;classic&quot;}\">\n\t\t\t\t\t<div class=\"e-con-inner\">\n\t\t<div class=\"elementor-element elementor-element-42d1ebd e-con-full e-flex e-con e-child\" data-id=\"42d1ebd\" data-element_type=\"container\" data-e-type=\"container\">\n\t\t\t\t<div class=\"elementor-element elementor-element-a1d6fa0 elementor-widget-tablet__width-inherit elementor-widget__width-initial elementor-align-center elementor-widget elementor-widget-button\" data-id=\"a1d6fa0\" data-element_type=\"widget\" data-e-type=\"widget\" data-widget_type=\"button.default\">\n\t\t\t\t\t\t\t\t\t\t<a class=\"elementor-button elementor-button-link elementor-size-sm elementor-animation-float\" href=\"https:\/\/www.accuracy.com\/fr\/expertise\/\">\n\t\t\t\t\t\t<span class=\"elementor-button-content-wrapper\">\n\t\t\t\t\t\t<span class=\"elementor-button-icon\">\n\t\t\t\t<svg aria-hidden=\"true\" class=\"e-font-icon-svg e-fas-chevron-right\" viewbox=\"0 0 320 512\" xmlns=\"http:\/\/www.w3.org\/2000\/svg\"><path d=\"M285.476 272.971L91.132 467.314c-9.373 9.373-24.569 9.373-33.941 0l-22.667-22.667c-9.357-9.357-9.375-24.522-.04-33.901L188.505 256 34.484 101.255c-9.335-9.379-9.317-24.544.04-33.901l22.667-22.667c9.373-9.373 24.569-9.373 33.941 0L285.475 239.03c9.373 9.372 9.373 24.568.001 33.941z\"><\/path><\/svg>\t\t\t<\/span>\n\t\t\t\t\t\t\t\t\t<span class=\"elementor-button-text\">TOUTE NOTRE EXPERTISE<\/span>\n\t\t\t\t\t<\/span>\n\t\t\t\t\t<\/a>\n\t\t\t\t\t\t\t\t<\/div>\n\t\t\t\t<\/div>\n\t\t\t\t\t<\/div>\n\t\t\t\t<\/div>\n\t\t\t\t<\/div>","protected":false},"excerpt":{"rendered":"<p>Arbitration offers an alternative route for resolving disputes outside of traditional court litigation. We tailor our approach to each case, combining our expertise in finance, economics, valuation, engineering, strategy, and accounting to deliver bespoke solutions. We provide expert opinions in arbitration cases, including investment, commercial, and construction arbitration, across a variety of sectors, situations and [&hellip;]<\/p>\n","protected":false},"author":58,"featured_media":30693,"parent":809,"menu_order":0,"comment_status":"closed","ping_status":"closed","template":"","meta":{"_acf_changed":false,"footnotes":""},"class_list":["post-32294","page","type-page","status-publish","has-post-thumbnail","hentry"],"acf":[],"yoast_head":"<!-- This site is optimized with the Yoast SEO Premium plugin v27.5 (Yoast SEO v27.5) - https:\/\/yoast.com\/product\/yoast-seo-premium-wordpress\/ -->\n<title>Arbitration - Accuracy<\/title>\n<meta name=\"robots\" content=\"index, follow, max-snippet:-1, max-image-preview:large, max-video-preview:-1\" \/>\n<link rel=\"canonical\" href=\"https:\/\/www.accuracy.com\/fr\/expertise\/litiges\/larbitrage\/\" \/>\n<meta property=\"og:locale\" content=\"fr_CA\" \/>\n<meta property=\"og:type\" content=\"article\" \/>\n<meta property=\"og:title\" content=\"Arbitration\" \/>\n<meta property=\"og:description\" content=\"Arbitration offers an alternative route for resolving disputes outside of traditional court litigation. We tailor our approach to each case, combining our expertise in finance, economics, valuation, engineering, strategy, and accounting to deliver bespoke solutions. We provide expert opinions in arbitration cases, including investment, commercial, and construction arbitration, across a variety of sectors, situations and [&hellip;]\" \/>\n<meta property=\"og:url\" content=\"https:\/\/www.accuracy.com\/fr\/expertise\/litiges\/larbitrage\/\" \/>\n<meta property=\"og:site_name\" content=\"Accuracy\" \/>\n<meta property=\"article:modified_time\" content=\"2025-11-12T13:03:21+00:00\" \/>\n<meta property=\"og:image\" content=\"https:\/\/www.accuracy.com\/wp-content\/uploads\/2023\/07\/FRJ_8687-G.jpg\" \/>\n\t<meta property=\"og:image:width\" content=\"1500\" \/>\n\t<meta property=\"og:image:height\" content=\"844\" \/>\n\t<meta property=\"og:image:type\" content=\"image\/jpeg\" \/>\n<meta name=\"twitter:card\" content=\"summary_large_image\" \/>\n<meta name=\"twitter:label1\" content=\"Estimation du temps de lecture\" \/>\n\t<meta name=\"twitter:data1\" content=\"2 minutes\" \/>\n<script type=\"application\/ld+json\" class=\"yoast-schema-graph\">{\"@context\":\"https:\\\/\\\/schema.org\",\"@graph\":[{\"@type\":\"WebPage\",\"@id\":\"https:\\\/\\\/www.accuracy.com\\\/en_gb\\\/expertise\\\/disputes\\\/arbitration\\\/\",\"url\":\"https:\\\/\\\/www.accuracy.com\\\/en_gb\\\/expertise\\\/disputes\\\/arbitration\\\/\",\"name\":\"Arbitration - Accuracy\",\"isPartOf\":{\"@id\":\"https:\\\/\\\/www.accuracy.com\\\/#website\"},\"primaryImageOfPage\":{\"@id\":\"https:\\\/\\\/www.accuracy.com\\\/en_gb\\\/expertise\\\/disputes\\\/arbitration\\\/#primaryimage\"},\"image\":{\"@id\":\"https:\\\/\\\/www.accuracy.com\\\/en_gb\\\/expertise\\\/disputes\\\/arbitration\\\/#primaryimage\"},\"thumbnailUrl\":\"https:\\\/\\\/www.accuracy.com\\\/wp-content\\\/uploads\\\/2023\\\/07\\\/FRJ_8687-G.jpg\",\"datePublished\":\"2023-07-19T15:33:51+00:00\",\"dateModified\":\"2025-11-12T13:03:21+00:00\",\"breadcrumb\":{\"@id\":\"https:\\\/\\\/www.accuracy.com\\\/en_gb\\\/expertise\\\/disputes\\\/arbitration\\\/#breadcrumb\"},\"inLanguage\":\"fr-CA\",\"potentialAction\":[{\"@type\":\"ReadAction\",\"target\":[\"https:\\\/\\\/www.accuracy.com\\\/en_gb\\\/expertise\\\/disputes\\\/arbitration\\\/\"]}]},{\"@type\":\"ImageObject\",\"inLanguage\":\"fr-CA\",\"@id\":\"https:\\\/\\\/www.accuracy.com\\\/en_gb\\\/expertise\\\/disputes\\\/arbitration\\\/#primaryimage\",\"url\":\"https:\\\/\\\/www.accuracy.com\\\/wp-content\\\/uploads\\\/2023\\\/07\\\/FRJ_8687-G.jpg\",\"contentUrl\":\"https:\\\/\\\/www.accuracy.com\\\/wp-content\\\/uploads\\\/2023\\\/07\\\/FRJ_8687-G.jpg\",\"width\":1500,\"height\":844},{\"@type\":\"BreadcrumbList\",\"@id\":\"https:\\\/\\\/www.accuracy.com\\\/en_gb\\\/expertise\\\/disputes\\\/arbitration\\\/#breadcrumb\",\"itemListElement\":[{\"@type\":\"ListItem\",\"position\":1,\"name\":\"Accueil\",\"item\":\"https:\\\/\\\/www.accuracy.com\\\/\"},{\"@type\":\"ListItem\",\"position\":2,\"name\":\"Expertise\",\"item\":\"https:\\\/\\\/www.accuracy.com\\\/expertise\\\/\"},{\"@type\":\"ListItem\",\"position\":3,\"name\":\"Disputes\",\"item\":\"https:\\\/\\\/www.accuracy.com\\\/expertise\\\/disputes\\\/\"},{\"@type\":\"ListItem\",\"position\":4,\"name\":\"Arbitration\"}]},{\"@type\":\"WebSite\",\"@id\":\"https:\\\/\\\/www.accuracy.com\\\/#website\",\"url\":\"https:\\\/\\\/www.accuracy.com\\\/\",\"name\":\"Accuracy\",\"description\":\"Business Advisers - Financial Consultants\",\"publisher\":{\"@id\":\"https:\\\/\\\/www.accuracy.com\\\/#organization\"},\"potentialAction\":[{\"@type\":\"SearchAction\",\"target\":{\"@type\":\"EntryPoint\",\"urlTemplate\":\"https:\\\/\\\/www.accuracy.com\\\/?s={search_term_string}\"},\"query-input\":{\"@type\":\"PropertyValueSpecification\",\"valueRequired\":true,\"valueName\":\"search_term_string\"}}],\"inLanguage\":\"fr-CA\"},{\"@type\":\"Organization\",\"@id\":\"https:\\\/\\\/www.accuracy.com\\\/#organization\",\"name\":\"Accuracy\",\"url\":\"https:\\\/\\\/www.accuracy.com\\\/\",\"logo\":{\"@type\":\"ImageObject\",\"inLanguage\":\"fr-CA\",\"@id\":\"https:\\\/\\\/www.accuracy.com\\\/#\\\/schema\\\/logo\\\/image\\\/\",\"url\":\"https:\\\/\\\/www.accuracy.com\\\/wp-content\\\/uploads\\\/2023\\\/08\\\/unnamed-3.jpg\",\"contentUrl\":\"https:\\\/\\\/www.accuracy.com\\\/wp-content\\\/uploads\\\/2023\\\/08\\\/unnamed-3.jpg\",\"width\":512,\"height\":512,\"caption\":\"Accuracy\"},\"image\":{\"@id\":\"https:\\\/\\\/www.accuracy.com\\\/#\\\/schema\\\/logo\\\/image\\\/\"},\"sameAs\":[\"https:\\\/\\\/www.linkedin.com\\\/company\\\/accuracy\\\/?originalSubdomain=fr\",\"https:\\\/\\\/www.instagram.com\\\/accuracycareers\\\/\"]}]}<\/script>\n<!-- \/ Yoast SEO Premium plugin. -->","yoast_head_json":{"title":"Arbitrage - Pr\u00e9cision","robots":{"index":"index","follow":"follow","max-snippet":"max-snippet:-1","max-image-preview":"max-image-preview:large","max-video-preview":"max-video-preview:-1"},"canonical":"https:\/\/www.accuracy.com\/fr\/expertise\/litiges\/larbitrage\/","og_locale":"fr_CA","og_type":"article","og_title":"Arbitration","og_description":"Arbitration offers an alternative route for resolving disputes outside of traditional court litigation. We tailor our approach to each case, combining our expertise in finance, economics, valuation, engineering, strategy, and accounting to deliver bespoke solutions. We provide expert opinions in arbitration cases, including investment, commercial, and construction arbitration, across a variety of sectors, situations and [&hellip;]","og_url":"https:\/\/www.accuracy.com\/fr\/expertise\/litiges\/larbitrage\/","og_site_name":"Accuracy","article_modified_time":"2025-11-12T13:03:21+00:00","og_image":[{"width":1500,"height":844,"url":"https:\/\/www.accuracy.com\/wp-content\/uploads\/2023\/07\/FRJ_8687-G.jpg","type":"image\/jpeg"}],"twitter_card":"summary_large_image","twitter_misc":{"Estimation du temps de lecture":"2 minutes"},"schema":{"@context":"https:\/\/schema.org","@graph":[{"@type":"WebPage","@id":"https:\/\/www.accuracy.com\/en_gb\/expertise\/disputes\/arbitration\/","url":"https:\/\/www.accuracy.com\/en_gb\/expertise\/disputes\/arbitration\/","name":"Arbitrage - Pr\u00e9cision","isPartOf":{"@id":"https:\/\/www.accuracy.com\/#website"},"primaryImageOfPage":{"@id":"https:\/\/www.accuracy.com\/en_gb\/expertise\/disputes\/arbitration\/#primaryimage"},"image":{"@id":"https:\/\/www.accuracy.com\/en_gb\/expertise\/disputes\/arbitration\/#primaryimage"},"thumbnailUrl":"https:\/\/www.accuracy.com\/wp-content\/uploads\/2023\/07\/FRJ_8687-G.jpg","datePublished":"2023-07-19T15:33:51+00:00","dateModified":"2025-11-12T13:03:21+00:00","breadcrumb":{"@id":"https:\/\/www.accuracy.com\/en_gb\/expertise\/disputes\/arbitration\/#breadcrumb"},"inLanguage":"fr-CA","potentialAction":[{"@type":"ReadAction","target":["https:\/\/www.accuracy.com\/en_gb\/expertise\/disputes\/arbitration\/"]}]},{"@type":"ImageObject","inLanguage":"fr-CA","@id":"https:\/\/www.accuracy.com\/en_gb\/expertise\/disputes\/arbitration\/#primaryimage","url":"https:\/\/www.accuracy.com\/wp-content\/uploads\/2023\/07\/FRJ_8687-G.jpg","contentUrl":"https:\/\/www.accuracy.com\/wp-content\/uploads\/2023\/07\/FRJ_8687-G.jpg","width":1500,"height":844},{"@type":"BreadcrumbList","@id":"https:\/\/www.accuracy.com\/en_gb\/expertise\/disputes\/arbitration\/#breadcrumb","itemListElement":[{"@type":"ListItem","position":1,"name":"Accueil","item":"https:\/\/www.accuracy.com\/"},{"@type":"ListItem","position":2,"name":"Expertise","item":"https:\/\/www.accuracy.com\/expertise\/"},{"@type":"ListItem","position":3,"name":"Disputes","item":"https:\/\/www.accuracy.com\/expertise\/disputes\/"},{"@type":"ListItem","position":4,"name":"Arbitration"}]},{"@type":"WebSite","@id":"https:\/\/www.accuracy.com\/#website","url":"https:\/\/www.accuracy.com\/","name":"Pr\u00e9cision","description":"Conseillers d'entreprise - Consultants financiers","publisher":{"@id":"https:\/\/www.accuracy.com\/#organization"},"potentialAction":[{"@type":"SearchAction","target":{"@type":"EntryPoint","urlTemplate":"https:\/\/www.accuracy.com\/?s={search_term_string}"},"query-input":{"@type":"PropertyValueSpecification","valueRequired":true,"valueName":"search_term_string"}}],"inLanguage":"fr-CA"},{"@type":"Organization","@id":"https:\/\/www.accuracy.com\/#organization","name":"Pr\u00e9cision","url":"https:\/\/www.accuracy.com\/","logo":{"@type":"ImageObject","inLanguage":"fr-CA","@id":"https:\/\/www.accuracy.com\/#\/schema\/logo\/image\/","url":"https:\/\/www.accuracy.com\/wp-content\/uploads\/2023\/08\/unnamed-3.jpg","contentUrl":"https:\/\/www.accuracy.com\/wp-content\/uploads\/2023\/08\/unnamed-3.jpg","width":512,"height":512,"caption":"Accuracy"},"image":{"@id":"https:\/\/www.accuracy.com\/#\/schema\/logo\/image\/"},"sameAs":["https:\/\/www.linkedin.com\/company\/accuracy\/?originalSubdomain=fr","https:\/\/www.instagram.com\/accuracycareers\/"]}]}},"_links":{"self":[{"href":"https:\/\/www.accuracy.com\/fr\/wp-json\/wp\/v2\/pages\/32294","targetHints":{"allow":["GET"]}}],"collection":[{"href":"https:\/\/www.accuracy.com\/fr\/wp-json\/wp\/v2\/pages"}],"about":[{"href":"https:\/\/www.accuracy.com\/fr\/wp-json\/wp\/v2\/types\/page"}],"author":[{"embeddable":true,"href":"https:\/\/www.accuracy.com\/fr\/wp-json\/wp\/v2\/users\/58"}],"replies":[{"embeddable":true,"href":"https:\/\/www.accuracy.com\/fr\/wp-json\/wp\/v2\/comments?post=32294"}],"version-history":[{"count":37,"href":"https:\/\/www.accuracy.com\/fr\/wp-json\/wp\/v2\/pages\/32294\/revisions"}],"predecessor-version":[{"id":61184,"href":"https:\/\/www.accuracy.com\/fr\/wp-json\/wp\/v2\/pages\/32294\/revisions\/61184"}],"up":[{"embeddable":true,"href":"https:\/\/www.accuracy.com\/fr\/wp-json\/wp\/v2\/pages\/809"}],"wp:featuredmedia":[{"embeddable":true,"href":"https:\/\/www.accuracy.com\/fr\/wp-json\/wp\/v2\/media\/30693"}],"wp:attachment":[{"href":"https:\/\/www.accuracy.com\/fr\/wp-json\/wp\/v2\/media?parent=32294"}],"curies":[{"name":"wp","href":"https:\/\/api.w.org\/{rel}","templated":true}]}}