{"id":28205,"date":"2023-06-28T09:20:36","date_gmt":"2023-06-28T07:20:36","guid":{"rendered":"https:\/\/www.accuracy.com\/?page_id=28205"},"modified":"2023-07-06T11:42:36","modified_gmt":"2023-07-06T09:42:36","slug":"restructuration","status":"publish","type":"page","link":"https:\/\/www.accuracy.com\/fr\/expertise\/crises\/restructuring\/","title":{"rendered":"Restructuration"},"content":{"rendered":"<div data-elementor-type=\"wp-page\" data-elementor-id=\"28205\" class=\"elementor elementor-28205\" data-elementor-post-type=\"page\">\n\t\t\t\t\t\t<section class=\"elementor-section elementor-top-section elementor-element elementor-element-778da3ec elementor-section-height-min-height elementor-section-boxed elementor-section-height-default elementor-section-items-middle\" data-id=\"778da3ec\" data-element_type=\"section\" data-e-type=\"section\" data-settings=\"{&quot;background_background&quot;:&quot;classic&quot;}\">\n\t\t\t\t\t\t\t<div class=\"elementor-background-overlay\"><\/div>\n\t\t\t\t\t\t\t<div class=\"elementor-container elementor-column-gap-default\">\n\t\t\t\t\t<div class=\"elementor-column elementor-col-100 elementor-top-column elementor-element elementor-element-18962edd\" data-id=\"18962edd\" data-element_type=\"column\" data-e-type=\"column\" data-settings=\"{&quot;background_background&quot;:&quot;classic&quot;}\">\n\t\t\t<div class=\"elementor-widget-wrap elementor-element-populated\">\n\t\t\t\t\t\t\t<\/div>\n\t\t<\/div>\n\t\t\t\t\t<\/div>\n\t\t<\/section>\n\t\t\t\t<section class=\"elementor-section elementor-top-section elementor-element elementor-element-584a072b elementor-section-boxed elementor-section-height-default elementor-section-height-default\" data-id=\"584a072b\" data-element_type=\"section\" data-e-type=\"section\">\n\t\t\t\t\t\t<div class=\"elementor-container elementor-column-gap-default\">\n\t\t\t\t\t<div class=\"elementor-column elementor-col-100 elementor-top-column elementor-element elementor-element-617cc2e1\" data-id=\"617cc2e1\" data-element_type=\"column\" data-e-type=\"column\">\n\t\t\t<div class=\"elementor-widget-wrap elementor-element-populated\">\n\t\t\t\t\t\t<div class=\"elementor-element elementor-element-5ea69731 elementor-widget elementor-widget-text-editor\" data-id=\"5ea69731\" data-element_type=\"widget\" data-e-type=\"widget\" data-widget_type=\"text-editor.default\">\n\t\t\t\t\t\t\t\t\tNous aidons les \u00e9quipes de direction, les actionnaires et les d\u00e9biteurs dans les situations de d\u00e9tresse ou de sous-performance, qu'il s'agisse de suivi, de pr\u00e9vision et d'optimisation de la tr\u00e9sorerie ou de r\u00e9\u00e9quilibrage du bilan.\n\t\t\t\t\t\t\t\t<\/div>\n\t\t\t\t\t<\/div>\n\t\t<\/div>\n\t\t\t\t\t<\/div>\n\t\t<\/section>\n\t\t<div class=\"elementor-element elementor-element-1dc8804d e-flex e-con-boxed e-con e-parent\" data-id=\"1dc8804d\" data-element_type=\"container\" data-e-type=\"container\" data-settings=\"{&quot;background_background&quot;:&quot;classic&quot;}\">\n\t\t\t\t\t<div class=\"e-con-inner\">\n\t\t<div class=\"elementor-element elementor-element-7c376108 e-con-full e-flex e-con e-parent\" data-id=\"7c376108\" data-element_type=\"container\" data-e-type=\"container\">\n\t\t<div class=\"elementor-element elementor-element-6984e6b0 e-con-full e-flex e-con e-parent\" data-id=\"6984e6b0\" data-element_type=\"container\" data-e-type=\"container\">\n\t\t<div class=\"elementor-element elementor-element-26ba6db6 e-con-full e-flex e-con e-parent\" data-id=\"26ba6db6\" data-element_type=\"container\" data-e-type=\"container\">\n\t\t\t\t<div class=\"elementor-element elementor-element-4de38e53 elementor-invisible elementor-widget elementor-widget-heading\" data-id=\"4de38e53\" data-element_type=\"widget\" data-e-type=\"widget\" data-settings=\"{&quot;_animation&quot;:&quot;fadeIn&quot;}\" data-widget_type=\"heading.default\">\n\t\t\t\t\t<h3 class=\"elementor-heading-title elementor-size-default\">Assistance dans les proc\u00e9dures judiciaires et dans la pr\u00e9paration des plans de restructuration<\/h3>\t\t\t\t<\/div>\n\t\t\t\t<\/div>\n\t\t<div class=\"elementor-element elementor-element-1a792f7b e-con-full e-flex e-con e-parent\" data-id=\"1a792f7b\" data-element_type=\"container\" data-e-type=\"container\">\n\t\t\t\t<div class=\"elementor-element elementor-element-41dfa3c2 elementor-widget elementor-widget-text-editor\" data-id=\"41dfa3c2\" data-element_type=\"widget\" data-e-type=\"widget\" data-widget_type=\"text-editor.default\">\n\t\t\t\t\t\t\t\t\tAccuracy peut accompagner une entreprise tout au long d'une proc\u00e9dure collective (sauvegarde ou redressement judiciaire). Dans ces contextes, nous pouvons vous assister dans l'ouverture de la proc\u00e9dure la mieux adapt\u00e9e (pr\u00e9paration de la documentation financi\u00e8re pour le tribunal), dans le traitement des questions comptables apr\u00e8s l'ouverture de la proc\u00e9dure, dans la pr\u00e9paration du reporting mensuel du P&amp;L et de la tr\u00e9sorerie pour l'administrateur judiciaire, dans l'\u00e9tablissement du plan de restructuration (pr\u00e9visions de tr\u00e9sorerie et documentation \u00e0 l'appui), dans l'analyse des sc\u00e9narios de remboursement de la dette (plan de remboursement sur 10 ans et alternatives plus courtes) et enfin dans les discussions avec les cr\u00e9anciers priv\u00e9s et publics et dans la pr\u00e9sentation du plan de restructuration devant le tribunal.\n\n\t\t\t\t\t\t\t\t<\/div>\n\t\t\t\t<\/div>\n\t\t\t\t<\/div>\n\t\t\t\t<\/div>\n\t\t\t\t\t<\/div>\n\t\t\t\t<\/div>\n\t\t<div class=\"elementor-element elementor-element-7f69133 e-flex e-con-boxed e-con e-parent\" data-id=\"7f69133\" data-element_type=\"container\" data-e-type=\"container\">\n\t\t\t\t\t<div class=\"e-con-inner\">\n\t\t<div class=\"elementor-element elementor-element-12b3651f e-con-full e-flex e-con e-parent\" data-id=\"12b3651f\" data-element_type=\"container\" data-e-type=\"container\">\n\t\t<div class=\"elementor-element elementor-element-37b0e233 e-con-full e-flex e-con e-parent\" data-id=\"37b0e233\" data-element_type=\"container\" data-e-type=\"container\">\n\t\t<div class=\"elementor-element elementor-element-460a5008 e-con-full e-flex e-con e-parent\" data-id=\"460a5008\" data-element_type=\"container\" data-e-type=\"container\">\n\t\t\t\t<div class=\"elementor-element elementor-element-f5196d8 elementor-invisible elementor-widget elementor-widget-heading\" data-id=\"f5196d8\" data-element_type=\"widget\" data-e-type=\"widget\" data-settings=\"{&quot;_animation&quot;:&quot;fadeIn&quot;}\" data-widget_type=\"heading.default\">\n\t\t\t\t\t<h3 class=\"elementor-heading-title elementor-size-default\">Fusions et acquisitions en difficult\u00e9\n\n\n\n<\/h3>\t\t\t\t<\/div>\n\t\t\t\t<\/div>\n\t\t<div class=\"elementor-element elementor-element-7fee5c5d e-con-full e-flex e-con e-parent\" data-id=\"7fee5c5d\" data-element_type=\"container\" data-e-type=\"container\">\n\t\t\t\t<div class=\"elementor-element elementor-element-317f0273 elementor-widget elementor-widget-text-editor\" data-id=\"317f0273\" data-element_type=\"widget\" data-e-type=\"widget\" data-widget_type=\"text-editor.default\">\n\t\t\t\t\t\t\t\t\tDans le cas o\u00f9 une entreprise ou une activit\u00e9 en difficult\u00e9 doit \u00eatre c\u00e9d\u00e9e partiellement ou totalement dans le cadre d'un accord amiable ou judiciaire, Accuracy peut \u00eatre mandat\u00e9 pour organiser et planifier le processus de cession. Dans ce cas, nous pouvons effectuer des analyses d\u00e9taill\u00e9es des forces et des faiblesses de l'entreprise ou de l'activit\u00e9 et pr\u00e9parer diff\u00e9rents sc\u00e9narios de cession, ainsi qu'identifier des partenaires commerciaux potentiels. En outre, nous pouvons pr\u00e9parer les informations de vente (teaser, m\u00e9morandum d'information, pr\u00e9sentation du management, etc.), g\u00e9rer le processus (contacts avec les acqu\u00e9reurs potentiels, data room et s\u00e9ances de questions-r\u00e9ponses) et participer tant aux discussions au jour le jour qu'aux n\u00e9gociations avec les acqu\u00e9reurs potentiels.\n\n\t\t\t\t\t\t\t\t<\/div>\n\t\t\t\t<\/div>\n\t\t\t\t<\/div>\n\t\t\t\t<\/div>\n\t\t\t\t\t<\/div>\n\t\t\t\t<\/div>\n\t\t<div class=\"elementor-element elementor-element-334ae7ed e-flex e-con-boxed e-con e-parent\" data-id=\"334ae7ed\" data-element_type=\"container\" data-e-type=\"container\" data-settings=\"{&quot;background_background&quot;:&quot;classic&quot;}\">\n\t\t\t\t\t<div class=\"e-con-inner\">\n\t\t<div class=\"elementor-element elementor-element-23f97ecf e-con-full e-flex e-con e-parent\" data-id=\"23f97ecf\" data-element_type=\"container\" data-e-type=\"container\">\n\t\t<div class=\"elementor-element elementor-element-feec9e8 e-con-full e-flex e-con e-parent\" data-id=\"feec9e8\" data-element_type=\"container\" data-e-type=\"container\">\n\t\t<div class=\"elementor-element elementor-element-66542d93 e-con-full e-flex e-con e-parent\" data-id=\"66542d93\" data-element_type=\"container\" data-e-type=\"container\">\n\t\t\t\t<div class=\"elementor-element elementor-element-4d7c0a14 elementor-invisible elementor-widget elementor-widget-heading\" data-id=\"4d7c0a14\" data-element_type=\"widget\" data-e-type=\"widget\" data-settings=\"{&quot;_animation&quot;:&quot;fadeIn&quot;}\" data-widget_type=\"heading.default\">\n\t\t\t\t\t<h3 class=\"elementor-heading-title elementor-size-default\">Acquisition d'entreprises en difficult\u00e9\n\n<\/h3>\t\t\t\t<\/div>\n\t\t\t\t<\/div>\n\t\t<div class=\"elementor-element elementor-element-74480260 e-con-full e-flex e-con e-parent\" data-id=\"74480260\" data-element_type=\"container\" data-e-type=\"container\">\n\t\t\t\t<div class=\"elementor-element elementor-element-7350000f elementor-widget elementor-widget-text-editor\" data-id=\"7350000f\" data-element_type=\"widget\" data-e-type=\"widget\" data-widget_type=\"text-editor.default\">\n\t\t\t\t\t\t\t\t\tAccuracy peut aider les acqu\u00e9reurs d'entreprises en difficult\u00e9 en r\u00e9alisant une due diligence financi\u00e8re et en les conseillant sur les sc\u00e9narios d'acquisition les plus int\u00e9ressants. Cela peut inclure l'analyse des performances pass\u00e9es et de la situation financi\u00e8re actuelle d'une cible et la pr\u00e9paration d'un plan d'affaires, y compris l'impact des mesures de restructuration et les synergies potentielles avec les activit\u00e9s de notre client. Il peut \u00e9galement s'agir d'analyser des sc\u00e9narios d'acquisition, par exemple en choisissant entre une acquisition d'actions ou d'actifs ou en d\u00e9terminant la port\u00e9e de l'acquisition, en fonction des circonstances (\u00e0 l'amiable ou impos\u00e9e par le tribunal). Nous pouvons \u00e9galement vous aider \u00e0 \u00e9valuer les risques et les opportunit\u00e9s d'acquisition, ainsi que les besoins financiers associ\u00e9s pour assurer la viabilit\u00e9 du projet, et nous pouvons apporter une contribution pr\u00e9cieuse lors des discussions avec la cible et les autres parties (administrateur judiciaire, tribunal, cr\u00e9anciers, etc.).\n\n\t\t\t\t\t\t\t\t<\/div>\n\t\t\t\t<\/div>\n\t\t\t\t<\/div>\n\t\t\t\t<\/div>\n\t\t\t\t\t<\/div>\n\t\t\t\t<\/div>\n\t\t<div class=\"elementor-element elementor-element-7a4b2642 e-flex e-con-boxed e-con e-parent\" data-id=\"7a4b2642\" data-element_type=\"container\" data-e-type=\"container\" data-settings=\"{&quot;background_background&quot;:&quot;classic&quot;}\">\n\t\t\t\t\t<div class=\"e-con-inner\">\n\t\t<div class=\"elementor-element elementor-element-11f9d08d e-con-full e-flex e-con e-parent\" data-id=\"11f9d08d\" data-element_type=\"container\" data-e-type=\"container\">\n\t\t\t\t<div class=\"elementor-element elementor-element-3535187a elementor-widget-tablet__width-inherit elementor-widget__width-initial elementor-align-center elementor-widget elementor-widget-button\" data-id=\"3535187a\" data-element_type=\"widget\" data-e-type=\"widget\" data-widget_type=\"button.default\">\n\t\t\t\t\t\t\t\t\t\t<a class=\"elementor-button elementor-button-link elementor-size-sm elementor-animation-float\" href=\"https:\/\/www.accuracy.com\/fr\/expertise\/\">\n\t\t\t\t\t\t<span class=\"elementor-button-content-wrapper\">\n\t\t\t\t\t\t<span class=\"elementor-button-icon\">\n\t\t\t\t<svg aria-hidden=\"true\" class=\"e-font-icon-svg e-fas-chevron-right\" viewbox=\"0 0 320 512\" xmlns=\"http:\/\/www.w3.org\/2000\/svg\"><path d=\"M285.476 272.971L91.132 467.314c-9.373 9.373-24.569 9.373-33.941 0l-22.667-22.667c-9.357-9.357-9.375-24.522-.04-33.901L188.505 256 34.484 101.255c-9.335-9.379-9.317-24.544.04-33.901l22.667-22.667c9.373-9.373 24.569-9.373 33.941 0L285.475 239.03c9.373 9.372 9.373 24.568.001 33.941z\"><\/path><\/svg>\t\t\t<\/span>\n\t\t\t\t\t\t\t\t\t<span class=\"elementor-button-text\">TOUTES NOS EXPERTISES<\/span>\n\t\t\t\t\t<\/span>\n\t\t\t\t\t<\/a>\n\t\t\t\t\t\t\t\t<\/div>\n\t\t\t\t<\/div>\n\t\t\t\t\t<\/div>\n\t\t\t\t<\/div>\n\t\t\t\t<\/div>","protected":false},"excerpt":{"rendered":"<p>We help management teams, shareholders and debtors in distressed or underperforming situations, be it cash-monitoring, forecasting and optimisation, or rebalancing the balance sheet. Assistance in legal proceedings and in preparing restructuring plans Accuracy can assist a company throughout a collective legal process (safeguard or insolvency). In these contexts, we can provide assistance in opening the [&hellip;]<\/p>\n","protected":false},"author":58,"featured_media":0,"parent":20155,"menu_order":0,"comment_status":"closed","ping_status":"closed","template":"","meta":{"_acf_changed":false,"footnotes":""},"class_list":["post-28205","page","type-page","status-publish","hentry"],"acf":[],"yoast_head":"<!-- This site is optimized with the Yoast SEO Premium plugin v27.5 (Yoast SEO v27.5) - https:\/\/yoast.com\/product\/yoast-seo-premium-wordpress\/ -->\n<title>Restructuring - Accuracy<\/title>\n<meta name=\"robots\" content=\"index, follow, max-snippet:-1, max-image-preview:large, max-video-preview:-1\" \/>\n<link rel=\"canonical\" href=\"https:\/\/www.accuracy.com\/fr\/expertise\/crises\/restructuration\/\" \/>\n<meta property=\"og:locale\" content=\"fr_CA\" \/>\n<meta property=\"og:type\" content=\"article\" \/>\n<meta property=\"og:title\" content=\"Restructuring\" \/>\n<meta property=\"og:description\" content=\"We help management teams, shareholders and debtors in distressed or underperforming situations, be it cash-monitoring, forecasting and optimisation, or rebalancing the balance sheet. Assistance in legal proceedings and in preparing restructuring plans Accuracy can assist a company throughout a collective legal process (safeguard or insolvency). In these contexts, we can provide assistance in opening the [&hellip;]\" \/>\n<meta property=\"og:url\" content=\"https:\/\/www.accuracy.com\/fr\/expertise\/crises\/restructuration\/\" \/>\n<meta property=\"og:site_name\" content=\"Accuracy\" \/>\n<meta property=\"article:modified_time\" content=\"2023-07-06T09:42:36+00:00\" \/>\n<meta property=\"og:image\" content=\"https:\/\/www.accuracy.com\/wp-content\/uploads\/2023\/10\/Accuracy.png\" \/>\n\t<meta property=\"og:image:width\" content=\"1200\" \/>\n\t<meta property=\"og:image:height\" content=\"675\" \/>\n\t<meta property=\"og:image:type\" content=\"image\/png\" \/>\n<meta name=\"twitter:card\" content=\"summary_large_image\" \/>\n<meta name=\"twitter:label1\" content=\"Estimation du temps de lecture\" \/>\n\t<meta name=\"twitter:data1\" content=\"2 minutes\" \/>\n<script type=\"application\/ld+json\" class=\"yoast-schema-graph\">{\"@context\":\"https:\\\/\\\/schema.org\",\"@graph\":[{\"@type\":\"WebPage\",\"@id\":\"https:\\\/\\\/www.accuracy.com\\\/expertise\\\/crises\\\/restructuring\\\/\",\"url\":\"https:\\\/\\\/www.accuracy.com\\\/expertise\\\/crises\\\/restructuring\\\/\",\"name\":\"Restructuring - Accuracy\",\"isPartOf\":{\"@id\":\"https:\\\/\\\/www.accuracy.com\\\/#website\"},\"datePublished\":\"2023-06-28T07:20:36+00:00\",\"dateModified\":\"2023-07-06T09:42:36+00:00\",\"breadcrumb\":{\"@id\":\"https:\\\/\\\/www.accuracy.com\\\/expertise\\\/crises\\\/restructuring\\\/#breadcrumb\"},\"inLanguage\":\"fr-CA\",\"potentialAction\":[{\"@type\":\"ReadAction\",\"target\":[\"https:\\\/\\\/www.accuracy.com\\\/expertise\\\/crises\\\/restructuring\\\/\"]}]},{\"@type\":\"BreadcrumbList\",\"@id\":\"https:\\\/\\\/www.accuracy.com\\\/expertise\\\/crises\\\/restructuring\\\/#breadcrumb\",\"itemListElement\":[{\"@type\":\"ListItem\",\"position\":1,\"name\":\"Accueil\",\"item\":\"https:\\\/\\\/www.accuracy.com\\\/\"},{\"@type\":\"ListItem\",\"position\":2,\"name\":\"Expertise\",\"item\":\"https:\\\/\\\/www.accuracy.com\\\/expertise\\\/\"},{\"@type\":\"ListItem\",\"position\":3,\"name\":\"Crises\",\"item\":\"https:\\\/\\\/www.accuracy.com\\\/expertise\\\/crises\\\/\"},{\"@type\":\"ListItem\",\"position\":4,\"name\":\"Restructuring\"}]},{\"@type\":\"WebSite\",\"@id\":\"https:\\\/\\\/www.accuracy.com\\\/#website\",\"url\":\"https:\\\/\\\/www.accuracy.com\\\/\",\"name\":\"Accuracy\",\"description\":\"Business Advisers - Financial Consultants\",\"publisher\":{\"@id\":\"https:\\\/\\\/www.accuracy.com\\\/#organization\"},\"potentialAction\":[{\"@type\":\"SearchAction\",\"target\":{\"@type\":\"EntryPoint\",\"urlTemplate\":\"https:\\\/\\\/www.accuracy.com\\\/?s={search_term_string}\"},\"query-input\":{\"@type\":\"PropertyValueSpecification\",\"valueRequired\":true,\"valueName\":\"search_term_string\"}}],\"inLanguage\":\"fr-CA\"},{\"@type\":\"Organization\",\"@id\":\"https:\\\/\\\/www.accuracy.com\\\/#organization\",\"name\":\"Accuracy\",\"url\":\"https:\\\/\\\/www.accuracy.com\\\/\",\"logo\":{\"@type\":\"ImageObject\",\"inLanguage\":\"fr-CA\",\"@id\":\"https:\\\/\\\/www.accuracy.com\\\/#\\\/schema\\\/logo\\\/image\\\/\",\"url\":\"https:\\\/\\\/www.accuracy.com\\\/wp-content\\\/uploads\\\/2023\\\/08\\\/unnamed-3.jpg\",\"contentUrl\":\"https:\\\/\\\/www.accuracy.com\\\/wp-content\\\/uploads\\\/2023\\\/08\\\/unnamed-3.jpg\",\"width\":512,\"height\":512,\"caption\":\"Accuracy\"},\"image\":{\"@id\":\"https:\\\/\\\/www.accuracy.com\\\/#\\\/schema\\\/logo\\\/image\\\/\"},\"sameAs\":[\"https:\\\/\\\/www.linkedin.com\\\/company\\\/accuracy\\\/?originalSubdomain=fr\",\"https:\\\/\\\/www.instagram.com\\\/accuracycareers\\\/\"]}]}<\/script>\n<!-- \/ Yoast SEO Premium plugin. -->","yoast_head_json":{"title":"Restructuration - Pr\u00e9cision","robots":{"index":"index","follow":"follow","max-snippet":"max-snippet:-1","max-image-preview":"max-image-preview:large","max-video-preview":"max-video-preview:-1"},"canonical":"https:\/\/www.accuracy.com\/fr\/expertise\/crises\/restructuration\/","og_locale":"fr_CA","og_type":"article","og_title":"Restructuring","og_description":"We help management teams, shareholders and debtors in distressed or underperforming situations, be it cash-monitoring, forecasting and optimisation, or rebalancing the balance sheet. Assistance in legal proceedings and in preparing restructuring plans Accuracy can assist a company throughout a collective legal process (safeguard or insolvency). In these contexts, we can provide assistance in opening the [&hellip;]","og_url":"https:\/\/www.accuracy.com\/fr\/expertise\/crises\/restructuration\/","og_site_name":"Accuracy","article_modified_time":"2023-07-06T09:42:36+00:00","og_image":[{"width":1200,"height":675,"url":"https:\/\/www.accuracy.com\/wp-content\/uploads\/2023\/10\/Accuracy.png","type":"image\/png"}],"twitter_card":"summary_large_image","twitter_misc":{"Estimation du temps de lecture":"2 minutes"},"schema":{"@context":"https:\/\/schema.org","@graph":[{"@type":"WebPage","@id":"https:\/\/www.accuracy.com\/expertise\/crises\/restructuring\/","url":"https:\/\/www.accuracy.com\/expertise\/crises\/restructuring\/","name":"Restructuration - Pr\u00e9cision","isPartOf":{"@id":"https:\/\/www.accuracy.com\/#website"},"datePublished":"2023-06-28T07:20:36+00:00","dateModified":"2023-07-06T09:42:36+00:00","breadcrumb":{"@id":"https:\/\/www.accuracy.com\/expertise\/crises\/restructuring\/#breadcrumb"},"inLanguage":"fr-CA","potentialAction":[{"@type":"ReadAction","target":["https:\/\/www.accuracy.com\/expertise\/crises\/restructuring\/"]}]},{"@type":"BreadcrumbList","@id":"https:\/\/www.accuracy.com\/expertise\/crises\/restructuring\/#breadcrumb","itemListElement":[{"@type":"ListItem","position":1,"name":"Accueil","item":"https:\/\/www.accuracy.com\/"},{"@type":"ListItem","position":2,"name":"Expertise","item":"https:\/\/www.accuracy.com\/expertise\/"},{"@type":"ListItem","position":3,"name":"Crises","item":"https:\/\/www.accuracy.com\/expertise\/crises\/"},{"@type":"ListItem","position":4,"name":"Restructuring"}]},{"@type":"WebSite","@id":"https:\/\/www.accuracy.com\/#website","url":"https:\/\/www.accuracy.com\/","name":"Pr\u00e9cision","description":"Conseillers d'entreprise - Consultants financiers","publisher":{"@id":"https:\/\/www.accuracy.com\/#organization"},"potentialAction":[{"@type":"SearchAction","target":{"@type":"EntryPoint","urlTemplate":"https:\/\/www.accuracy.com\/?s={search_term_string}"},"query-input":{"@type":"PropertyValueSpecification","valueRequired":true,"valueName":"search_term_string"}}],"inLanguage":"fr-CA"},{"@type":"Organization","@id":"https:\/\/www.accuracy.com\/#organization","name":"Pr\u00e9cision","url":"https:\/\/www.accuracy.com\/","logo":{"@type":"ImageObject","inLanguage":"fr-CA","@id":"https:\/\/www.accuracy.com\/#\/schema\/logo\/image\/","url":"https:\/\/www.accuracy.com\/wp-content\/uploads\/2023\/08\/unnamed-3.jpg","contentUrl":"https:\/\/www.accuracy.com\/wp-content\/uploads\/2023\/08\/unnamed-3.jpg","width":512,"height":512,"caption":"Accuracy"},"image":{"@id":"https:\/\/www.accuracy.com\/#\/schema\/logo\/image\/"},"sameAs":["https:\/\/www.linkedin.com\/company\/accuracy\/?originalSubdomain=fr","https:\/\/www.instagram.com\/accuracycareers\/"]}]}},"_links":{"self":[{"href":"https:\/\/www.accuracy.com\/fr\/wp-json\/wp\/v2\/pages\/28205","targetHints":{"allow":["GET"]}}],"collection":[{"href":"https:\/\/www.accuracy.com\/fr\/wp-json\/wp\/v2\/pages"}],"about":[{"href":"https:\/\/www.accuracy.com\/fr\/wp-json\/wp\/v2\/types\/page"}],"author":[{"embeddable":true,"href":"https:\/\/www.accuracy.com\/fr\/wp-json\/wp\/v2\/users\/58"}],"replies":[{"embeddable":true,"href":"https:\/\/www.accuracy.com\/fr\/wp-json\/wp\/v2\/comments?post=28205"}],"version-history":[{"count":0,"href":"https:\/\/www.accuracy.com\/fr\/wp-json\/wp\/v2\/pages\/28205\/revisions"}],"up":[{"embeddable":true,"href":"https:\/\/www.accuracy.com\/fr\/wp-json\/wp\/v2\/pages\/20155"}],"wp:attachment":[{"href":"https:\/\/www.accuracy.com\/fr\/wp-json\/wp\/v2\/media?parent=28205"}],"curies":[{"name":"wp","href":"https:\/\/api.w.org\/{rel}","templated":true}]}}