{"id":2067,"date":"2023-04-25T11:56:51","date_gmt":"2023-04-25T09:56:51","guid":{"rendered":"https:\/\/www.accuracy.com\/?page_id=2067"},"modified":"2023-09-27T16:30:40","modified_gmt":"2023-09-27T14:30:40","slug":"politique-mondiale-en-matiere-de-cookies","status":"publish","type":"page","link":"https:\/\/www.accuracy.com\/fr\/privacy\/global-cookie-policy\/","title":{"rendered":"Politique globale en mati\u00e8re de cookies"},"content":{"rendered":"<div data-elementor-type=\"wp-page\" data-elementor-id=\"2067\" class=\"elementor elementor-2067\" data-elementor-post-type=\"page\">\n\t\t\t\t<div class=\"elementor-element elementor-element-89a49d8 e-con-full e-flex e-con e-parent\" data-id=\"89a49d8\" data-element_type=\"container\" data-e-type=\"container\" data-settings=\"{&quot;background_background&quot;:&quot;classic&quot;}\">\n\t\t<div class=\"elementor-element elementor-element-9f1f56b e-con-full e-flex e-con e-child\" data-id=\"9f1f56b\" data-element_type=\"container\" data-e-type=\"container\">\n\t\t\t\t<div class=\"elementor-element elementor-element-bf98d35 elementor-invisible elementor-widget elementor-widget-heading\" data-id=\"bf98d35\" data-element_type=\"widget\" data-e-type=\"widget\" data-settings=\"{&quot;_animation&quot;:&quot;fadeInUp&quot;}\" data-widget_type=\"heading.default\">\n\t\t\t\t\t<h2 class=\"elementor-heading-title elementor-size-default\">Politique globale en mati\u00e8re de cookies<\/h2>\t\t\t\t<\/div>\n\t\t\t\t<\/div>\n\t\t\t\t<\/div>\n\t\t<div class=\"elementor-element elementor-element-bc0db9c e-flex e-con-boxed e-con e-parent\" data-id=\"bc0db9c\" data-element_type=\"container\" data-e-type=\"container\">\n\t\t\t\t\t<div class=\"e-con-inner\">\n\t\t<div class=\"elementor-element elementor-element-7b59800 e-con-full e-flex e-con e-child\" data-id=\"7b59800\" data-element_type=\"container\" data-e-type=\"container\">\n\t\t\t\t<div class=\"elementor-element elementor-element-c89b9f5 elementor-widget elementor-widget-text-editor\" data-id=\"c89b9f5\" data-element_type=\"widget\" data-e-type=\"widget\" data-widget_type=\"text-editor.default\">\n\t\t\t\t\t\t\t\t\t<h4>Comment utilisons-nous les cookies et autres technologies similaires ?<\/h4><p>Comment utilisons-nous les cookies et autres technologies similaires ? Nous, nos entreprises associ\u00e9es et\/ou d'autres personnes agissant en notre nom ou en leur nom, utilisons des cookies et des technologies similaires pour collecter, utiliser et partager des informations lorsque vous visitez nos sites web ou interagissez avec nous en ligne (par exemple, par courrier \u00e9lectronique ou par d'autres moyens \u00e9lectroniques).<\/p><p>Les cookies sont de petits fichiers texte, g\u00e9n\u00e9ralement cod\u00e9s de mani\u00e8re al\u00e9atoire, qui aident votre navigateur \u00e0 naviguer sur nos sites web. Le fichier cookie est g\u00e9n\u00e9r\u00e9 par notre site web lorsque vous y acc\u00e9dez et est accept\u00e9 et trait\u00e9 par le logiciel de navigation de votre ordinateur ou lorsque vous interagissez avec nous en ligne. Le fichier cookie est stock\u00e9 dans le dossier ou le sous-dossier de votre navigateur.<\/p><p>Les cookies et autres technologies similaires permettent \u00e0 Accuracy de saisir et de compiler des informations statistiques sur la mani\u00e8re dont vous utilisez nos sites web et interagissez avec nous en ligne, y compris des informations relatives \u00e0 la fr\u00e9quence des visites, aux adresses IP, aux donn\u00e9es sur le lectorat (telles que la dur\u00e9e moyenne des visites, les pages consult\u00e9es ou partag\u00e9es au cours d'une visite ou d'autres interactions avec notre contenu telles que le temps pass\u00e9 \u00e0 regarder des vid\u00e9os, les PDF lus et les liens cliqu\u00e9s), aux informations d'authentification, \u00e0 l'acceptation ou au rejet des conditions du site web, aux p\u00e9riodes d'inactivit\u00e9, aux fuseaux horaires, aux pr\u00e9f\u00e9rences linguistiques et \u00e0 d'autres informations r\u00e9gionales.<\/p><p>Nous, nos entreprises associ\u00e9es et\/ou d'autres personnes agissant en notre nom ou en leur nom, utilisons ces informations aux fins suivantes :<\/p><ul><li>\u00c9valuer l'efficacit\u00e9 de la publicit\u00e9 et du contenu du lectorat ;<\/li><li>Am\u00e9liorer le contenu et les performances du site web ;<\/li><li>Pour estimer la taille de notre public et ses habitudes d'utilisation ;<\/li><li>Pour acc\u00e9l\u00e9rer vos recherches ;<\/li><li>Pour permettre la connexion et l'authentification lorsque vous vous connectez \u00e0 nos sites ;<\/li><li>Pour vous reconna\u00eetre lorsque vous revenez sur nos sites ;<\/li><li>Fournir un service meilleur et plus personnalis\u00e9 en nous permettant de personnaliser notre site en fonction de vos int\u00e9r\u00eats individuels ;<\/li><li>Pour envoyer des communications marketing susceptibles de vous int\u00e9resser, y compris des publicit\u00e9s ou des offres adapt\u00e9es \u00e0 vos besoins.<\/li><\/ul><p>Les informations contenues dans les cookies ou les technologies de suivi similaires mises en place par Accuracy sont r\u00e9duites au minimum et ne peuvent \u00eatre lues que par Accuracy, nos entreprises associ\u00e9es, leurs tiers autoris\u00e9s ou par une personne ayant un acc\u00e8s physique \u00e0 votre ordinateur personnel.<\/p><h4>\u00a0<\/h4><h4>Comment pouvez-vous g\u00e9rer vos pr\u00e9f\u00e9rences en mati\u00e8re de cookies ?<\/h4><p>De nombreux navigateurs web vous permettent de contr\u00f4ler l'utilisation de la plupart des cookies par le biais des param\u00e8tres de leur navigateur. Pour en savoir plus sur les cookies, notamment pour savoir quels cookies ont \u00e9t\u00e9 install\u00e9s sur votre ordinateur et comment les g\u00e9rer et les supprimer, consultez le site www.allaboutcookies.org. La plupart des navigateurs sont initialement configur\u00e9s pour accepter les cookies. Toutefois, vous avez la possibilit\u00e9 de les d\u00e9sactiver si vous le souhaitez, g\u00e9n\u00e9ralement en modifiant les param\u00e8tres de navigation de votre logiciel Internet. Il peut \u00e9galement \u00eatre possible de configurer les param\u00e8tres de votre navigateur pour permettre l'acceptation de cookies sp\u00e9cifiques ou pour vous avertir chaque fois qu'un nouveau cookie est sur le point d'\u00eatre stock\u00e9 sur votre ordinateur, ce qui vous permet de d\u00e9cider d'accepter ou de refuser le cookie. Pour g\u00e9rer votre utilisation des cookies, vous disposez de diverses ressources, par exemple la section \"Aide\" de votre navigateur peut vous aider. Vous pouvez \u00e9galement d\u00e9sactiver ou supprimer les donn\u00e9es stock\u00e9es utilis\u00e9es par des technologies similaires aux cookies, telles que les objets locaux partag\u00e9s ou les cookies Flash, en g\u00e9rant les \"param\u00e8tres des modules compl\u00e9mentaires\" de votre navigateur ou en visitant le site web de son fabricant. Comme nos cookies vous permettent d'acc\u00e9der \u00e0 certaines fonctionnalit\u00e9s de notre site web, nous vous recommandons de laisser les cookies activ\u00e9s. Dans le cas contraire, si les cookies sont d\u00e9sactiv\u00e9s, il se peut que les fonctionnalit\u00e9s du site soient r\u00e9duites ou que vous ne puissiez plus l'utiliser.<\/p>\t\t\t\t\t\t\t\t<\/div>\n\t\t\t\t<div class=\"elementor-element elementor-element-d1fd295 elementor-widget elementor-widget-text-editor\" data-id=\"d1fd295\" data-element_type=\"widget\" data-e-type=\"widget\" data-widget_type=\"text-editor.default\">\n\t\t\t\t\t\t\t\t\t\u00c0 moins que vous n'ayez r\u00e9gl\u00e9 les param\u00e8tres de votre navigateur pour qu'il rejette les cookies, notre syst\u00e8me \u00e9mettra des cookies lorsque vous acc\u00e9derez \u00e0 nos sites web ou \u00e0 nos services en ligne ou que vous les utiliserez. En acc\u00e9dant \u00e0 nos sites web ou \u00e0 nos services en ligne ou en les utilisant, vous consentez \u00e0 ce qu'Accuracy utilise des cookies. Si vous refusez d'accepter les cookies en modifiant les param\u00e8tres de votre navigateur, certaines ou toutes les zones de nos sites web ou de nos services en ligne peuvent ne pas fonctionner correctement ou ne pas \u00eatre accessibles.\t\t\t\t\t\t\t\t<\/div>\n\t\t\t\t<div class=\"elementor-element elementor-element-729523d elementor-widget elementor-widget-text-editor\" data-id=\"729523d\" data-element_type=\"widget\" data-e-type=\"widget\" data-widget_type=\"text-editor.default\">\n\t\t\t\t\t\t\t\t\t<h4>Comment mettre \u00e0 jour cette politique en mati\u00e8re de cookies ?<\/h4>\n<p>Nous pouvons modifier ou mettre \u00e0 jour certaines parties de la pr\u00e9sente politique en mati\u00e8re de cookies afin de refl\u00e9ter les changements intervenus dans nos pratiques et\/ou dans la l\u00e9gislation et la r\u00e9glementation applicables. Veuillez consulter la pr\u00e9sente politique en mati\u00e8re de cookies de temps \u00e0 autre afin de prendre connaissance de toute modification ou mise \u00e0 jour, qui peut \u00eatre indiqu\u00e9e par un changement de la date d'entr\u00e9e en vigueur indiqu\u00e9e au d\u00e9but de la pr\u00e9sente politique en mati\u00e8re de cookies.<\/p>\n<p><\/p>\n<h4>Comment nous contacter ?<\/h4>\n<p>Si vous souhaitez nous contacter au sujet d'un \u00e9l\u00e9ment de la pr\u00e9sente politique en mati\u00e8re de cookies, y compris, sans limitation et sous r\u00e9serve de la l\u00e9gislation applicable, si vous souhaitez acc\u00e9der \u00e0 une copie de vos donn\u00e9es \u00e0 caract\u00e8re personnel ou si vous souhaitez d\u00e9poser une plainte ou un grief, veuillez nous contacter \u00e0 l'adresse suivante :<\/p>\n<p>Responsable international de la protection des donn\u00e9es et de la vie priv\u00e9e<\/p>\n<ul>\n<li>Par courrier \u00e9lectronique :<br>dataprotection@accuracy.com<\/li>\n<li>Par courrier :<br>Chef de la conformit\u00e9 du groupe<br>6 Bevis Marks<br>EC3A 7BA Londres<br>Tel : +44 203 861 4650<\/li>\n<\/ul>\t\t\t\t\t\t\t\t<\/div>\n\t\t\t\t<\/div>\n\t\t\t\t\t<\/div>\n\t\t\t\t<\/div>\n\t\t\t\t<\/div>","protected":false},"excerpt":{"rendered":"<p>How do we use Cookies and similar technology? How do we use Cookies and similar technology? We, our associated firms and\/or other persons acting on our or their behalf use cookies and similar technology to collect, use and share information when you visit our websites or interact with us online (e.g. via email or other [&hellip;]<\/p>\n","protected":false},"author":1,"featured_media":0,"parent":2058,"menu_order":0,"comment_status":"closed","ping_status":"closed","template":"","meta":{"_acf_changed":false,"footnotes":""},"class_list":["post-2067","page","type-page","status-publish","hentry"],"acf":[],"yoast_head":"<!-- This site is optimized with the Yoast SEO Premium plugin v27.4 (Yoast SEO v27.4) - https:\/\/yoast.com\/product\/yoast-seo-premium-wordpress\/ -->\n<title>Global cookie policy - Accuracy<\/title>\n<meta name=\"robots\" content=\"noindex,nofollow\" \/>\n<link rel=\"canonical\" href=\"https:\/\/www.accuracy.com\/fr\/vie-privee\/politique-mondiale-en-matiere-de-cookies\/\" \/>\n<meta property=\"og:locale\" content=\"fr_CA\" \/>\n<meta property=\"og:type\" content=\"article\" \/>\n<meta property=\"og:title\" content=\"Global cookie policy\" \/>\n<meta property=\"og:description\" content=\"How do we use Cookies and similar technology? How do we use Cookies and similar technology? We, our associated firms and\/or other persons acting on our or their behalf use cookies and similar technology to collect, use and share information when you visit our websites or interact with us online (e.g. via email or other [&hellip;]\" \/>\n<meta property=\"og:url\" content=\"https:\/\/www.accuracy.com\/fr\/vie-privee\/politique-mondiale-en-matiere-de-cookies\/\" \/>\n<meta property=\"og:site_name\" content=\"Accuracy\" \/>\n<meta property=\"article:modified_time\" content=\"2023-09-27T14:30:40+00:00\" \/>\n<meta property=\"og:image\" content=\"https:\/\/www.accuracy.com\/wp-content\/uploads\/2023\/10\/Accuracy.png\" \/>\n\t<meta property=\"og:image:width\" content=\"1200\" \/>\n\t<meta property=\"og:image:height\" content=\"675\" \/>\n\t<meta property=\"og:image:type\" content=\"image\/png\" \/>\n<meta name=\"twitter:card\" content=\"summary_large_image\" \/>\n<meta name=\"twitter:label1\" content=\"Estimation du temps de lecture\" \/>\n\t<meta name=\"twitter:data1\" content=\"4 minutes\" \/>\n<script type=\"application\/ld+json\" class=\"yoast-schema-graph\">{\"@context\":\"https:\\\/\\\/schema.org\",\"@graph\":[{\"@type\":\"WebPage\",\"@id\":\"https:\\\/\\\/www.accuracy.com\\\/en_gb\\\/privacy\\\/global-cookie-policy\\\/\",\"url\":\"https:\\\/\\\/www.accuracy.com\\\/en_gb\\\/privacy\\\/global-cookie-policy\\\/\",\"name\":\"Global cookie policy - Accuracy\",\"isPartOf\":{\"@id\":\"https:\\\/\\\/www.accuracy.com\\\/#website\"},\"datePublished\":\"2023-04-25T09:56:51+00:00\",\"dateModified\":\"2023-09-27T14:30:40+00:00\",\"breadcrumb\":{\"@id\":\"https:\\\/\\\/www.accuracy.com\\\/en_gb\\\/privacy\\\/global-cookie-policy\\\/#breadcrumb\"},\"inLanguage\":\"fr-CA\",\"potentialAction\":[{\"@type\":\"ReadAction\",\"target\":[\"https:\\\/\\\/www.accuracy.com\\\/en_gb\\\/privacy\\\/global-cookie-policy\\\/\"]}]},{\"@type\":\"BreadcrumbList\",\"@id\":\"https:\\\/\\\/www.accuracy.com\\\/en_gb\\\/privacy\\\/global-cookie-policy\\\/#breadcrumb\",\"itemListElement\":[{\"@type\":\"ListItem\",\"position\":1,\"name\":\"Accueil\",\"item\":\"https:\\\/\\\/www.accuracy.com\\\/\"},{\"@type\":\"ListItem\",\"position\":2,\"name\":\"Privacy\",\"item\":\"https:\\\/\\\/www.accuracy.com\\\/privacy\\\/\"},{\"@type\":\"ListItem\",\"position\":3,\"name\":\"Global cookie policy\"}]},{\"@type\":\"WebSite\",\"@id\":\"https:\\\/\\\/www.accuracy.com\\\/#website\",\"url\":\"https:\\\/\\\/www.accuracy.com\\\/\",\"name\":\"Accuracy\",\"description\":\"Business Advisers - Financial Consultants\",\"publisher\":{\"@id\":\"https:\\\/\\\/www.accuracy.com\\\/#organization\"},\"potentialAction\":[{\"@type\":\"SearchAction\",\"target\":{\"@type\":\"EntryPoint\",\"urlTemplate\":\"https:\\\/\\\/www.accuracy.com\\\/?s={search_term_string}\"},\"query-input\":{\"@type\":\"PropertyValueSpecification\",\"valueRequired\":true,\"valueName\":\"search_term_string\"}}],\"inLanguage\":\"fr-CA\"},{\"@type\":\"Organization\",\"@id\":\"https:\\\/\\\/www.accuracy.com\\\/#organization\",\"name\":\"Accuracy\",\"url\":\"https:\\\/\\\/www.accuracy.com\\\/\",\"logo\":{\"@type\":\"ImageObject\",\"inLanguage\":\"fr-CA\",\"@id\":\"https:\\\/\\\/www.accuracy.com\\\/#\\\/schema\\\/logo\\\/image\\\/\",\"url\":\"https:\\\/\\\/www.accuracy.com\\\/wp-content\\\/uploads\\\/2023\\\/08\\\/unnamed-3.jpg\",\"contentUrl\":\"https:\\\/\\\/www.accuracy.com\\\/wp-content\\\/uploads\\\/2023\\\/08\\\/unnamed-3.jpg\",\"width\":512,\"height\":512,\"caption\":\"Accuracy\"},\"image\":{\"@id\":\"https:\\\/\\\/www.accuracy.com\\\/#\\\/schema\\\/logo\\\/image\\\/\"},\"sameAs\":[\"https:\\\/\\\/www.linkedin.com\\\/company\\\/accuracy\\\/?originalSubdomain=fr\",\"https:\\\/\\\/www.instagram.com\\\/accuracycareers\\\/\"]}]}<\/script>\n<!-- \/ Yoast SEO Premium plugin. -->","yoast_head_json":{"title":"Politique globale en mati\u00e8re de cookies - Accuracy","robots":{"index,nofollow":"noindex,nofollow"},"canonical":"https:\/\/www.accuracy.com\/fr\/vie-privee\/politique-mondiale-en-matiere-de-cookies\/","og_locale":"fr_CA","og_type":"article","og_title":"Global cookie policy","og_description":"How do we use Cookies and similar technology? How do we use Cookies and similar technology? We, our associated firms and\/or other persons acting on our or their behalf use cookies and similar technology to collect, use and share information when you visit our websites or interact with us online (e.g. via email or other [&hellip;]","og_url":"https:\/\/www.accuracy.com\/fr\/vie-privee\/politique-mondiale-en-matiere-de-cookies\/","og_site_name":"Accuracy","article_modified_time":"2023-09-27T14:30:40+00:00","og_image":[{"width":1200,"height":675,"url":"https:\/\/www.accuracy.com\/wp-content\/uploads\/2023\/10\/Accuracy.png","type":"image\/png"}],"twitter_card":"summary_large_image","twitter_misc":{"Estimation du temps de lecture":"4 minutes"},"schema":{"@context":"https:\/\/schema.org","@graph":[{"@type":"WebPage","@id":"https:\/\/www.accuracy.com\/en_gb\/privacy\/global-cookie-policy\/","url":"https:\/\/www.accuracy.com\/en_gb\/privacy\/global-cookie-policy\/","name":"Politique globale en mati\u00e8re de cookies - Accuracy","isPartOf":{"@id":"https:\/\/www.accuracy.com\/#website"},"datePublished":"2023-04-25T09:56:51+00:00","dateModified":"2023-09-27T14:30:40+00:00","breadcrumb":{"@id":"https:\/\/www.accuracy.com\/en_gb\/privacy\/global-cookie-policy\/#breadcrumb"},"inLanguage":"fr-CA","potentialAction":[{"@type":"ReadAction","target":["https:\/\/www.accuracy.com\/en_gb\/privacy\/global-cookie-policy\/"]}]},{"@type":"BreadcrumbList","@id":"https:\/\/www.accuracy.com\/en_gb\/privacy\/global-cookie-policy\/#breadcrumb","itemListElement":[{"@type":"ListItem","position":1,"name":"Accueil","item":"https:\/\/www.accuracy.com\/"},{"@type":"ListItem","position":2,"name":"Privacy","item":"https:\/\/www.accuracy.com\/privacy\/"},{"@type":"ListItem","position":3,"name":"Global cookie policy"}]},{"@type":"WebSite","@id":"https:\/\/www.accuracy.com\/#website","url":"https:\/\/www.accuracy.com\/","name":"Pr\u00e9cision","description":"Conseillers d'entreprise - Consultants financiers","publisher":{"@id":"https:\/\/www.accuracy.com\/#organization"},"potentialAction":[{"@type":"SearchAction","target":{"@type":"EntryPoint","urlTemplate":"https:\/\/www.accuracy.com\/?s={search_term_string}"},"query-input":{"@type":"PropertyValueSpecification","valueRequired":true,"valueName":"search_term_string"}}],"inLanguage":"fr-CA"},{"@type":"Organization","@id":"https:\/\/www.accuracy.com\/#organization","name":"Pr\u00e9cision","url":"https:\/\/www.accuracy.com\/","logo":{"@type":"ImageObject","inLanguage":"fr-CA","@id":"https:\/\/www.accuracy.com\/#\/schema\/logo\/image\/","url":"https:\/\/www.accuracy.com\/wp-content\/uploads\/2023\/08\/unnamed-3.jpg","contentUrl":"https:\/\/www.accuracy.com\/wp-content\/uploads\/2023\/08\/unnamed-3.jpg","width":512,"height":512,"caption":"Accuracy"},"image":{"@id":"https:\/\/www.accuracy.com\/#\/schema\/logo\/image\/"},"sameAs":["https:\/\/www.linkedin.com\/company\/accuracy\/?originalSubdomain=fr","https:\/\/www.instagram.com\/accuracycareers\/"]}]}},"_links":{"self":[{"href":"https:\/\/www.accuracy.com\/fr\/wp-json\/wp\/v2\/pages\/2067","targetHints":{"allow":["GET"]}}],"collection":[{"href":"https:\/\/www.accuracy.com\/fr\/wp-json\/wp\/v2\/pages"}],"about":[{"href":"https:\/\/www.accuracy.com\/fr\/wp-json\/wp\/v2\/types\/page"}],"author":[{"embeddable":true,"href":"https:\/\/www.accuracy.com\/fr\/wp-json\/wp\/v2\/users\/1"}],"replies":[{"embeddable":true,"href":"https:\/\/www.accuracy.com\/fr\/wp-json\/wp\/v2\/comments?post=2067"}],"version-history":[{"count":0,"href":"https:\/\/www.accuracy.com\/fr\/wp-json\/wp\/v2\/pages\/2067\/revisions"}],"up":[{"embeddable":true,"href":"https:\/\/www.accuracy.com\/fr\/wp-json\/wp\/v2\/pages\/2058"}],"wp:attachment":[{"href":"https:\/\/www.accuracy.com\/fr\/wp-json\/wp\/v2\/media?parent=2067"}],"curies":[{"name":"wp","href":"https:\/\/api.w.org\/{rel}","templated":true}]}}