{"id":1680,"date":"2023-04-21T15:27:59","date_gmt":"2023-04-21T13:27:59","guid":{"rendered":"https:\/\/www.accuracy.com\/?page_id=1680"},"modified":"2023-10-17T14:22:17","modified_gmt":"2023-10-17T12:22:17","slug":"conditions-dutilisation","status":"publish","type":"page","link":"https:\/\/www.accuracy.com\/fr\/terms-of-use\/","title":{"rendered":"Conditions d'utilisation"},"content":{"rendered":"<div data-elementor-type=\"wp-page\" data-elementor-id=\"1680\" class=\"elementor elementor-1680\" data-elementor-post-type=\"page\">\n\t\t\t\t<div class=\"elementor-element elementor-element-681b93b e-con-full e-flex e-con e-parent\" data-id=\"681b93b\" data-element_type=\"container\" data-e-type=\"container\" data-settings=\"{&quot;background_background&quot;:&quot;classic&quot;}\">\n\t\t<div class=\"elementor-element elementor-element-adf6026 e-con-full e-flex e-con e-child\" data-id=\"adf6026\" data-element_type=\"container\" data-e-type=\"container\">\n\t\t\t\t<div class=\"elementor-element elementor-element-df7faa3 elementor-invisible elementor-widget elementor-widget-heading\" data-id=\"df7faa3\" data-element_type=\"widget\" data-e-type=\"widget\" data-settings=\"{&quot;_animation&quot;:&quot;fadeInUp&quot;}\" data-widget_type=\"heading.default\">\n\t\t\t\t\t<h2 class=\"elementor-heading-title elementor-size-default\">Conditions d'utilisation<\/h2>\t\t\t\t<\/div>\n\t\t\t\t<\/div>\n\t\t\t\t<\/div>\n\t\t<div class=\"elementor-element elementor-element-48c2a0f e-flex e-con-boxed e-con e-parent\" data-id=\"48c2a0f\" data-element_type=\"container\" data-e-type=\"container\">\n\t\t\t\t\t<div class=\"e-con-inner\">\n\t\t\t\t<div class=\"elementor-element elementor-element-394db0c elementor-widget elementor-widget-text-editor\" data-id=\"394db0c\" data-element_type=\"widget\" data-e-type=\"widget\" data-widget_type=\"text-editor.default\">\n\t\t\t\t\t\t\t\t\t<p>Veuillez lire attentivement les pr\u00e9sentes conditions d'utilisation. En acc\u00e9dant \u00e0 ce site web et \u00e0 ses pages, vous indiquez que vous avez lu, reconnu et accept\u00e9 d'\u00eatre li\u00e9 par ces conditions d'utilisation. Si vous n'acceptez pas ces conditions d'utilisation, n'acc\u00e9dez pas \u00e0 ce site web. Accuracy se r\u00e9serve le droit de modifier les pr\u00e9sentes conditions d'utilisation, qu'il vous incombe de consulter r\u00e9guli\u00e8rement, et la poursuite de votre utilisation de ce site Web vaut acceptation de toutes ces modifications. Dans le pr\u00e9sent document, Accuracy d\u00e9signe toute soci\u00e9t\u00e9 du r\u00e9seau Accuracy de soci\u00e9t\u00e9s associ\u00e9es. Pour obtenir les coordonn\u00e9es d'une soci\u00e9t\u00e9 du r\u00e9seau Accuracy de soci\u00e9t\u00e9s associ\u00e9es, veuillez cliquer sur le lien suivant <a href=\"https:\/\/www.accuracy.com\/fr\/decouvrez-la-precision\/contact\/\">cliquez ici<\/a>.<\/p>\t\t\t\t\t\t\t\t<\/div>\n\t\t\t\t\t<\/div>\n\t\t\t\t<\/div>\n\t\t<div class=\"elementor-element elementor-element-cfdbb4a e-flex e-con-boxed e-con e-parent\" data-id=\"cfdbb4a\" data-element_type=\"container\" data-e-type=\"container\">\n\t\t\t\t\t<div class=\"e-con-inner\">\n\t\t<div class=\"elementor-element elementor-element-03bbecd e-con-full e-flex e-con e-child\" data-id=\"03bbecd\" data-element_type=\"container\" data-e-type=\"container\">\n\t\t\t\t<div class=\"elementor-element elementor-element-66df435 elementor-widget elementor-widget-text-editor\" data-id=\"66df435\" data-element_type=\"widget\" data-e-type=\"widget\" data-widget_type=\"text-editor.default\">\n\t\t\t\t\t\t\t\t\t<h4>1. INFORMATIONS G\u00c9N\u00c9RALES<\/h4><p>Ce site web est compos\u00e9 de plusieurs sites web exploit\u00e9s par Accuracy (collectivement, le \"site web\"). Certaines sections ou pages de ce site peuvent contenir des conditions distinctes, qui s'ajoutent aux pr\u00e9sentes conditions d'utilisation. Nous vous conseillons de lire attentivement ces conditions suppl\u00e9mentaires. En acc\u00e9dant \u00e0 ces sections ou pages, vous acceptez d'\u00eatre li\u00e9 par ces conditions suppl\u00e9mentaires. En cas de conflit, ces conditions suppl\u00e9mentaires r\u00e9giront votre utilisation de ces sections ou pages. L'utilisation non autoris\u00e9e du site web et des syst\u00e8mes d'Accuracy, y compris, mais sans s'y limiter, l'entr\u00e9e non autoris\u00e9e dans les syst\u00e8mes d'Accuracy, l'utilisation abusive de mots de passe ou l'utilisation abusive de toute autre information, est strictement interdite. Vous ne devez pas utiliser ce site Web d'une mani\u00e8re susceptible d'endommager, de d\u00e9sactiver, de surcharger ou d'alt\u00e9rer un site ou un service d'Accuracy ou d'interf\u00e9rer avec l'utilisation et la jouissance d'un site ou d'un service d'Accuracy par une autre partie. Vous ne devez pas tenter d'obtenir un acc\u00e8s non autoris\u00e9 \u00e0 tout site ou service Accuracy, aux syst\u00e8mes informatiques ou aux r\u00e9seaux connect\u00e9s \u00e0 tout site ou service Accuracy, par le biais du piratage, de l'extraction de mots de passe ou de tout autre moyen. Vous acceptez de ne pas vous engager dans des activit\u00e9s li\u00e9es \u00e0 ce site Web qui sont contraires aux lois et r\u00e8glements en vigueur. Accuracy se r\u00e9serve le droit, \u00e0 sa seule discr\u00e9tion, sans obligation et sans pr\u00e9avis, de modifier, d'am\u00e9liorer ou de corriger les informations, le mat\u00e9riel et les descriptions de ce site web et de suspendre et\/ou d'interdire l'acc\u00e8s \u00e0 ce site web pour des raisons de maintenance, de mise \u00e0 niveau, d'am\u00e9lioration ou de correction, programm\u00e9es ou non. Les informations et le mat\u00e9riel figurant sur ce site web peuvent contenir des erreurs typographiques ou des impr\u00e9cisions. Toute information dat\u00e9e est publi\u00e9e \u00e0 sa date uniquement, et Accuracy ne s'engage pas \u00e0 mettre \u00e0 jour ou \u00e0 modifier ces informations. Accuracy peut interrompre ou modifier \u00e0 tout moment tout produit ou service d\u00e9crit ou propos\u00e9 sur ce site.<\/p><p>\u00a0<\/p><h4>2. EXCLUSION DE GARANTIE ET LIMITATION DE RESPONSABILIT\u00c9<\/h4><p>Les informations, produits et services figurant sur ce site sont fournis \"en l'\u00e9tat\", \"dans l'\u00e9tat\" et \"dans la mesure o\u00f9 ils sont disponibles\". Accuracy ne garantit pas les informations ou les services fournis, ni l'utilisation de ce site web en g\u00e9n\u00e9ral, que ce soit express\u00e9ment ou implicitement, pour un usage particulier et rejette express\u00e9ment toute garantie implicite, y compris, mais sans s'y limiter, les garanties de titre, d'absence de contrefa\u00e7on, de qualit\u00e9 marchande ou d'ad\u00e9quation \u00e0 un usage particulier. Accuracy ne sera pas responsable des pertes ou des dommages qui pourraient r\u00e9sulter de l'interception par des tiers de toute information ou de tout service mis \u00e0 votre disposition par l'interm\u00e9diaire de ce site web. Bien que les informations qui vous sont fournies sur ce site soient obtenues ou compil\u00e9es \u00e0 partir de sources que nous estimons fiables, Accuracy ne peut garantir et ne garantit pas l'exactitude, la validit\u00e9, l'actualit\u00e9 ou l'exhaustivit\u00e9 des informations ou des donn\u00e9es mises \u00e0 votre disposition pour un usage particulier. Ni Accuracy, ni aucun de ses affili\u00e9s, administrateurs, dirigeants ou employ\u00e9s, ni aucun fournisseur tiers, ne sera responsable de quelque perte ou dommage que ce soit que vous subissez en cas de d\u00e9faillance ou d'interruption de ce site web, ou r\u00e9sultant de l'acte ou de l'omission de toute autre partie impliqu\u00e9e dans la r\u00e9alisation de ce site web, les donn\u00e9es qu'il contient ou les produits ou services propos\u00e9s sur ce site, ou de toute autre cause li\u00e9e \u00e0 l'acc\u00e8s, \u00e0 l'impossibilit\u00e9 d'acc\u00e8s ou \u00e0 l'utilisation de ce site ou de ce mat\u00e9riel, que les circonstances \u00e0 l'origine de cette cause aient \u00e9t\u00e9 sous le contr\u00f4le d'Accuracy ou de tout fournisseur de logiciels ou de services. En aucun cas Accuracy ou l'une de ces parties ne sera responsable envers vous, que ce soit dans le cadre d'un contrat ou d'un d\u00e9lit, de tout dommage direct, sp\u00e9cial, indirect, cons\u00e9cutif ou accessoire, ou de tout autre dommage de quelque nature que ce soit, m\u00eame si Accuracy ou l'une de ces parties a \u00e9t\u00e9 inform\u00e9e de la possibilit\u00e9 d'un tel dommage. Cette limitation de responsabilit\u00e9 inclut, sans s'y limiter, la transmission de virus susceptibles d'infecter l'\u00e9quipement d'un utilisateur, la d\u00e9faillance d'\u00e9quipements m\u00e9caniques ou \u00e9lectroniques ou de lignes de communication, les probl\u00e8mes d'interconnexion t\u00e9l\u00e9phonique ou autre (par exemple, si vous ne pouvez pas acc\u00e9der \u00e0 votre fournisseur d'acc\u00e8s \u00e0 Internet), l'acc\u00e8s non autoris\u00e9, le vol, les erreurs d'op\u00e9rateur, les gr\u00e8ves ou autres probl\u00e8mes de main-d'\u0153uvre ou tout autre cas de force majeure. Accuracy ne peut pas garantir et ne garantit pas un acc\u00e8s continu, ininterrompu ou s\u00e9curis\u00e9 \u00e0 ce site web.<\/p><p>\u00a0<\/p><h4>3. DROITS DE PROPRI\u00c9T\u00c9<\/h4><p>Tous les droits, titres et int\u00e9r\u00eats relatifs \u00e0 ce site web et \u00e0 son contenu sont la propri\u00e9t\u00e9 exclusive d'Accuracy, sauf indication contraire. Sauf indication contraire, ce site est destin\u00e9 \u00e0 un usage personnel et non commercial et vous pouvez imprimer, copier et t\u00e9l\u00e9charger toute information ou partie de ce site pour votre usage personnel uniquement. Vous ne pouvez pas, sans l'accord \u00e9crit pr\u00e9alable d'Accuracy, modifier, copier, distribuer, transmettre, afficher, ex\u00e9cuter, reproduire, publier, conc\u00e9der sous licence, encadrer, cr\u00e9er des \u0153uvres d\u00e9riv\u00e9es, transf\u00e9rer ou utiliser de toute autre mani\u00e8re \u00e0 des fins commerciales ou publiques, en tout ou en partie, des informations, des logiciels, des produits ou des services obtenus \u00e0 partir de ce site Web, sauf aux fins express\u00e9ment pr\u00e9vues dans les pr\u00e9sentes. Si vous copiez ou t\u00e9l\u00e9chargez des informations ou des logiciels \u00e0 partir de ce site web, vous vous engagez \u00e0 ne pas supprimer ou masquer les droits d'auteur ou autres avis ou l\u00e9gendes contenus dans ces informations. Accuracy, le logo Accuracy et les autres marques commerciales et marques de service Accuracy r\u00e9f\u00e9renc\u00e9es sont des marques commerciales et des marques de service d'Accuracy. Les noms d'autres soci\u00e9t\u00e9s et les produits ou services de tiers mentionn\u00e9s peuvent \u00eatre des marques commerciales ou des marques de service de leurs propri\u00e9taires respectifs. Il vous est interdit d'utiliser les marques \u00e0 quelque fin que ce soit, y compris, mais sans s'y limiter, en tant que m\u00e9tabalises sur d'autres pages ou sites du World Wide Web, sans l'autorisation \u00e9crite d'Accuracy ou de la tierce partie propri\u00e9taire des marques.<\/p>\t\t\t\t\t\t\t\t<\/div>\n\t\t\t\t<\/div>\n\t\t<div class=\"elementor-element elementor-element-c18bc5f e-con-full e-flex e-con e-child\" data-id=\"c18bc5f\" data-element_type=\"container\" data-e-type=\"container\">\n\t\t\t\t<div class=\"elementor-element elementor-element-f1aa33d elementor-widget elementor-widget-text-editor\" data-id=\"f1aa33d\" data-element_type=\"widget\" data-e-type=\"widget\" data-widget_type=\"text-editor.default\">\n\t\t\t\t\t\t\t\t\t<h4>4. EXCLUSION DE GARANTIE ET LIMITATION DE RESPONSABILIT\u00c9<\/h4>\n<p>Ce site web contient des liens vers des sites web de tiers. Ces liens ne sont fournis qu'\u00e0 titre de commodit\u00e9. L'inclusion d'un lien n'est pas et n'implique pas une affiliation, un parrainage, une approbation, une enqu\u00eate, une v\u00e9rification ou un contr\u00f4le par Accuracy de toute information contenue dans un site tiers. En aucun cas, Accuracy ne sera responsable des informations contenues sur ce site ou de votre utilisation ou incapacit\u00e9 \u00e0 utiliser ce site. Vous devez \u00e9galement savoir que les conditions g\u00e9n\u00e9rales de ce site et sa politique de confidentialit\u00e9 peuvent \u00eatre diff\u00e9rentes de celles qui s'appliquent \u00e0 votre utilisation de ce site web.<\/p>\n<p><\/p>\n<h4>5. PRODUITS DE VALEURS MOBILI\u00c8RES<\/h4>\n<p>Aucune des informations contenues dans ce site ne constitue une recommandation, une sollicitation ou une offre de la part d'Accuracy ou de ses affili\u00e9s d'acheter ou de vendre des titres, des contrats \u00e0 terme, des options ou d'autres instruments financiers, ou de fournir des conseils ou des services d'investissement. Les informations contenues dans ce site ont \u00e9t\u00e9 pr\u00e9par\u00e9es sans r\u00e9f\u00e9rence aux exigences d'investissement ou \u00e0 la situation financi\u00e8re d'un utilisateur particulier. Certaines transactions comportent des risques importants et ne conviennent pas \u00e0 tous les investisseurs. Avant d'effectuer une quelconque transaction impliquant des informations re\u00e7ues sur ce site web, vous devez consulter votre conseiller commercial, votre avocat et\/ou vos conseillers fiscaux et\/ou comptables en ce qui concerne le prix, l'ad\u00e9quation, la valeur, le risque ou d'autres aspects de toute action, de tout fonds commun de placement, de toute valeur mobili\u00e8re et\/ou de tout autre investissement. Les prix et autres informations g\u00e9n\u00e9r\u00e9s par l'utilisation des donn\u00e9es ou des services mis \u00e0 disposition sur ce site peuvent ne pas refl\u00e9ter les prix ou valeurs r\u00e9els qui seraient disponibles sur le march\u00e9 au moment pr\u00e9vu ou au moment o\u00f9 l'utilisateur souhaiterait acheter ou vendre un titre particulier ou un autre instrument. Les informations et les services fournis sur ce site web ne sont pas fournis et ne peuvent pas \u00eatre utilis\u00e9s par une personne ou une entit\u00e9 dans une juridiction o\u00f9 la fourniture ou l'utilisation de ces informations serait contraire aux lois, r\u00e8gles ou r\u00e9glementations applicables d'une autorit\u00e9 gouvernementale, d'un organisme de r\u00e9glementation ou d'autor\u00e9glementation ou d'un organisme de compensation, ou dans laquelle Accuracy n'est pas autoris\u00e9e \u00e0 fournir de telles informations ou de tels services. Certains produits et services d\u00e9crits sur ce site web peuvent ne pas \u00eatre disponibles dans toutes les juridictions ou pour tous les clients.<\/p>\n<p><\/p>\n<h4>6. Utilisation au Royaume-Uni (UK)<\/h4>\n<p>Ce site Web a \u00e9t\u00e9 approuv\u00e9 par Accuracy uniquement aux fins de l'article 21 de la loi de 2000 sur les services et march\u00e9s financiers.<\/p>\n<p><\/p>\n<h4>7. Vie priv\u00e9e et cookies<\/h4>\n<p>Accuracy peut traiter des donn\u00e9es \u00e0 caract\u00e8re personnel dans le cadre et\/ou en relation avec votre acc\u00e8s et\/ou votre utilisation de ce site web. Cela inclut l'utilisation de cookies et de technologies similaires pour collecter des informations sur votre utilisation de notre site web et sur vos pr\u00e9f\u00e9rences.<br>Pour plus d'informations sur la mani\u00e8re dont Accuracy traite les donn\u00e9es personnelles, sur l'utilisation des cookies et sur la mani\u00e8re de les refuser, consultez nos politiques de protection des donn\u00e9es et de cookies.<br>En acc\u00e9dant \u00e0 ce site web ou en l'utilisant, vous consentez \u00e0 ce qu'Accuracy traite des donn\u00e9es personnelles et utilise des cookies, comme indiqu\u00e9 plus en d\u00e9tail dans nos politiques de protection des donn\u00e9es et de cookies. Vous reconnaissez et acceptez que si vous choisissez de rejeter nos cookies, certaines ou toutes les parties du site web peuvent ne pas fonctionner correctement ou ne pas \u00eatre accessibles.<\/p>\t\t\t\t\t\t\t\t<\/div>\n\t\t\t\t<\/div>\n\t\t\t\t\t<\/div>\n\t\t\t\t<\/div>\n\t\t\t\t<\/div>","protected":false},"excerpt":{"rendered":"<p>Please read these terms and conditions carefully. By accessing this website and any pages hereof, you are indicating that you have read, acknowledge and agree to be bound by these Terms of Use. If you do not agree to these Terms of Use, do not access this website. Accuracy reserves the right to change these [&hellip;]<\/p>\n","protected":false},"author":1,"featured_media":0,"parent":0,"menu_order":0,"comment_status":"closed","ping_status":"closed","template":"","meta":{"_acf_changed":false,"footnotes":""},"class_list":["post-1680","page","type-page","status-publish","hentry"],"acf":[],"yoast_head":"<!-- This site is optimized with the Yoast SEO Premium plugin v27.4 (Yoast SEO v27.4) - https:\/\/yoast.com\/product\/yoast-seo-premium-wordpress\/ -->\n<title>Terms of use - Accuracy<\/title>\n<meta name=\"robots\" content=\"noindex,nofollow\" \/>\n<link rel=\"canonical\" href=\"https:\/\/www.accuracy.com\/fr\/conditions-dutilisation\/\" \/>\n<meta property=\"og:locale\" content=\"fr_CA\" \/>\n<meta property=\"og:type\" content=\"article\" \/>\n<meta property=\"og:title\" content=\"Terms of use\" \/>\n<meta property=\"og:description\" content=\"Please read these terms and conditions carefully. By accessing this website and any pages hereof, you are indicating that you have read, acknowledge and agree to be bound by these Terms of Use. If you do not agree to these Terms of Use, do not access this website. Accuracy reserves the right to change these [&hellip;]\" \/>\n<meta property=\"og:url\" content=\"https:\/\/www.accuracy.com\/fr\/conditions-dutilisation\/\" \/>\n<meta property=\"og:site_name\" content=\"Accuracy\" \/>\n<meta property=\"article:modified_time\" content=\"2023-10-17T12:22:17+00:00\" \/>\n<meta property=\"og:image\" content=\"https:\/\/www.accuracy.com\/wp-content\/uploads\/2023\/10\/Accuracy.png\" \/>\n\t<meta property=\"og:image:width\" content=\"1200\" \/>\n\t<meta property=\"og:image:height\" content=\"675\" \/>\n\t<meta property=\"og:image:type\" content=\"image\/png\" \/>\n<meta name=\"twitter:card\" content=\"summary_large_image\" \/>\n<meta name=\"twitter:label1\" content=\"Estimation du temps de lecture\" \/>\n\t<meta name=\"twitter:data1\" content=\"7 minutes\" \/>\n<script type=\"application\/ld+json\" class=\"yoast-schema-graph\">{\"@context\":\"https:\\\/\\\/schema.org\",\"@graph\":[{\"@type\":\"WebPage\",\"@id\":\"https:\\\/\\\/www.accuracy.com\\\/en_gb\\\/terms-of-use\\\/\",\"url\":\"https:\\\/\\\/www.accuracy.com\\\/en_gb\\\/terms-of-use\\\/\",\"name\":\"Terms of use - Accuracy\",\"isPartOf\":{\"@id\":\"https:\\\/\\\/www.accuracy.com\\\/#website\"},\"datePublished\":\"2023-04-21T13:27:59+00:00\",\"dateModified\":\"2023-10-17T12:22:17+00:00\",\"breadcrumb\":{\"@id\":\"https:\\\/\\\/www.accuracy.com\\\/en_gb\\\/terms-of-use\\\/#breadcrumb\"},\"inLanguage\":\"fr-CA\",\"potentialAction\":[{\"@type\":\"ReadAction\",\"target\":[\"https:\\\/\\\/www.accuracy.com\\\/en_gb\\\/terms-of-use\\\/\"]}]},{\"@type\":\"BreadcrumbList\",\"@id\":\"https:\\\/\\\/www.accuracy.com\\\/en_gb\\\/terms-of-use\\\/#breadcrumb\",\"itemListElement\":[{\"@type\":\"ListItem\",\"position\":1,\"name\":\"Accueil\",\"item\":\"https:\\\/\\\/www.accuracy.com\\\/\"},{\"@type\":\"ListItem\",\"position\":2,\"name\":\"Terms of use\"}]},{\"@type\":\"WebSite\",\"@id\":\"https:\\\/\\\/www.accuracy.com\\\/#website\",\"url\":\"https:\\\/\\\/www.accuracy.com\\\/\",\"name\":\"Accuracy\",\"description\":\"Business Advisers - Financial Consultants\",\"publisher\":{\"@id\":\"https:\\\/\\\/www.accuracy.com\\\/#organization\"},\"potentialAction\":[{\"@type\":\"SearchAction\",\"target\":{\"@type\":\"EntryPoint\",\"urlTemplate\":\"https:\\\/\\\/www.accuracy.com\\\/?s={search_term_string}\"},\"query-input\":{\"@type\":\"PropertyValueSpecification\",\"valueRequired\":true,\"valueName\":\"search_term_string\"}}],\"inLanguage\":\"fr-CA\"},{\"@type\":\"Organization\",\"@id\":\"https:\\\/\\\/www.accuracy.com\\\/#organization\",\"name\":\"Accuracy\",\"url\":\"https:\\\/\\\/www.accuracy.com\\\/\",\"logo\":{\"@type\":\"ImageObject\",\"inLanguage\":\"fr-CA\",\"@id\":\"https:\\\/\\\/www.accuracy.com\\\/#\\\/schema\\\/logo\\\/image\\\/\",\"url\":\"https:\\\/\\\/www.accuracy.com\\\/wp-content\\\/uploads\\\/2023\\\/08\\\/unnamed-3.jpg\",\"contentUrl\":\"https:\\\/\\\/www.accuracy.com\\\/wp-content\\\/uploads\\\/2023\\\/08\\\/unnamed-3.jpg\",\"width\":512,\"height\":512,\"caption\":\"Accuracy\"},\"image\":{\"@id\":\"https:\\\/\\\/www.accuracy.com\\\/#\\\/schema\\\/logo\\\/image\\\/\"},\"sameAs\":[\"https:\\\/\\\/www.linkedin.com\\\/company\\\/accuracy\\\/?originalSubdomain=fr\",\"https:\\\/\\\/www.instagram.com\\\/accuracycareers\\\/\"]}]}<\/script>\n<!-- \/ Yoast SEO Premium plugin. -->","yoast_head_json":{"title":"Conditions d'utilisation - Pr\u00e9cision","robots":{"index,nofollow":"noindex,nofollow"},"canonical":"https:\/\/www.accuracy.com\/fr\/conditions-dutilisation\/","og_locale":"fr_CA","og_type":"article","og_title":"Terms of use","og_description":"Please read these terms and conditions carefully. By accessing this website and any pages hereof, you are indicating that you have read, acknowledge and agree to be bound by these Terms of Use. If you do not agree to these Terms of Use, do not access this website. Accuracy reserves the right to change these [&hellip;]","og_url":"https:\/\/www.accuracy.com\/fr\/conditions-dutilisation\/","og_site_name":"Accuracy","article_modified_time":"2023-10-17T12:22:17+00:00","og_image":[{"width":1200,"height":675,"url":"https:\/\/www.accuracy.com\/wp-content\/uploads\/2023\/10\/Accuracy.png","type":"image\/png"}],"twitter_card":"summary_large_image","twitter_misc":{"Estimation du temps de lecture":"7 minutes"},"schema":{"@context":"https:\/\/schema.org","@graph":[{"@type":"WebPage","@id":"https:\/\/www.accuracy.com\/en_gb\/terms-of-use\/","url":"https:\/\/www.accuracy.com\/en_gb\/terms-of-use\/","name":"Conditions d'utilisation - Pr\u00e9cision","isPartOf":{"@id":"https:\/\/www.accuracy.com\/#website"},"datePublished":"2023-04-21T13:27:59+00:00","dateModified":"2023-10-17T12:22:17+00:00","breadcrumb":{"@id":"https:\/\/www.accuracy.com\/en_gb\/terms-of-use\/#breadcrumb"},"inLanguage":"fr-CA","potentialAction":[{"@type":"ReadAction","target":["https:\/\/www.accuracy.com\/en_gb\/terms-of-use\/"]}]},{"@type":"BreadcrumbList","@id":"https:\/\/www.accuracy.com\/en_gb\/terms-of-use\/#breadcrumb","itemListElement":[{"@type":"ListItem","position":1,"name":"Accueil","item":"https:\/\/www.accuracy.com\/"},{"@type":"ListItem","position":2,"name":"Terms of use"}]},{"@type":"WebSite","@id":"https:\/\/www.accuracy.com\/#website","url":"https:\/\/www.accuracy.com\/","name":"Pr\u00e9cision","description":"Conseillers d'entreprise - Consultants financiers","publisher":{"@id":"https:\/\/www.accuracy.com\/#organization"},"potentialAction":[{"@type":"SearchAction","target":{"@type":"EntryPoint","urlTemplate":"https:\/\/www.accuracy.com\/?s={search_term_string}"},"query-input":{"@type":"PropertyValueSpecification","valueRequired":true,"valueName":"search_term_string"}}],"inLanguage":"fr-CA"},{"@type":"Organization","@id":"https:\/\/www.accuracy.com\/#organization","name":"Pr\u00e9cision","url":"https:\/\/www.accuracy.com\/","logo":{"@type":"ImageObject","inLanguage":"fr-CA","@id":"https:\/\/www.accuracy.com\/#\/schema\/logo\/image\/","url":"https:\/\/www.accuracy.com\/wp-content\/uploads\/2023\/08\/unnamed-3.jpg","contentUrl":"https:\/\/www.accuracy.com\/wp-content\/uploads\/2023\/08\/unnamed-3.jpg","width":512,"height":512,"caption":"Accuracy"},"image":{"@id":"https:\/\/www.accuracy.com\/#\/schema\/logo\/image\/"},"sameAs":["https:\/\/www.linkedin.com\/company\/accuracy\/?originalSubdomain=fr","https:\/\/www.instagram.com\/accuracycareers\/"]}]}},"_links":{"self":[{"href":"https:\/\/www.accuracy.com\/fr\/wp-json\/wp\/v2\/pages\/1680","targetHints":{"allow":["GET"]}}],"collection":[{"href":"https:\/\/www.accuracy.com\/fr\/wp-json\/wp\/v2\/pages"}],"about":[{"href":"https:\/\/www.accuracy.com\/fr\/wp-json\/wp\/v2\/types\/page"}],"author":[{"embeddable":true,"href":"https:\/\/www.accuracy.com\/fr\/wp-json\/wp\/v2\/users\/1"}],"replies":[{"embeddable":true,"href":"https:\/\/www.accuracy.com\/fr\/wp-json\/wp\/v2\/comments?post=1680"}],"version-history":[{"count":3,"href":"https:\/\/www.accuracy.com\/fr\/wp-json\/wp\/v2\/pages\/1680\/revisions"}],"predecessor-version":[{"id":38342,"href":"https:\/\/www.accuracy.com\/fr\/wp-json\/wp\/v2\/pages\/1680\/revisions\/38342"}],"wp:attachment":[{"href":"https:\/\/www.accuracy.com\/fr\/wp-json\/wp\/v2\/media?parent=1680"}],"curies":[{"name":"wp","href":"https:\/\/api.w.org\/{rel}","templated":true}]}}